{"id":805,"date":"2018-05-23T21:43:47","date_gmt":"2018-05-23T21:43:47","guid":{"rendered":"http:\/\/www.kyrioschms.com\/?page_id=805"},"modified":"2020-12-01T15:27:10","modified_gmt":"2020-12-01T15:27:10","slug":"politica-de-privacidade","status":"publish","type":"page","link":"https:\/\/www.kyrioschms.com\/pt\/politica-de-privacidade\/","title":{"rendered":"Pol\u00edtica de privacidade"},"content":{"rendered":"\t\t<div data-elementor-type=\"wp-post\" data-elementor-id=\"805\" class=\"elementor elementor-805\" data-elementor-post-type=\"page\">\n\t\t\t\t\t\t<section class=\"elementor-section elementor-top-section elementor-element elementor-element-18d3742f elementor-section-boxed elementor-section-height-default elementor-section-height-default\" data-id=\"18d3742f\" data-element_type=\"section\" data-settings=\"{&quot;background_background&quot;:&quot;classic&quot;}\">\n\t\t\t\t\t\t<div class=\"elementor-container elementor-column-gap-wider\">\n\t\t\t\t\t<div class=\"elementor-column elementor-col-100 elementor-top-column elementor-element elementor-element-2036eccc\" data-id=\"2036eccc\" data-element_type=\"column\">\n\t\t\t<div class=\"elementor-widget-wrap elementor-element-populated\">\n\t\t\t\t\t\t<div class=\"elementor-element elementor-element-3762cabd elementor-widget elementor-widget-heading\" data-id=\"3762cabd\" data-element_type=\"widget\" data-widget_type=\"heading.default\">\n\t\t\t\t<div class=\"elementor-widget-container\">\n\t\t\t\t\t<h2 class=\"elementor-heading-title elementor-size-default\">Pol\u00edtica de Privacidade<\/h2>\t\t\t\t<\/div>\n\t\t\t\t<\/div>\n\t\t\t\t\t<\/div>\n\t\t<\/div>\n\t\t\t\t\t<\/div>\n\t\t<\/section>\n\t\t\t\t<section class=\"elementor-section elementor-top-section elementor-element elementor-element-361bd5fa elementor-section-boxed elementor-section-height-default elementor-section-height-default\" data-id=\"361bd5fa\" data-element_type=\"section\">\n\t\t\t\t\t\t<div class=\"elementor-container elementor-column-gap-default\">\n\t\t\t\t\t<div class=\"elementor-column elementor-col-100 elementor-top-column elementor-element elementor-element-459a538c\" data-id=\"459a538c\" data-element_type=\"column\">\n\t\t\t<div class=\"elementor-widget-wrap elementor-element-populated\">\n\t\t\t\t\t\t<div class=\"elementor-element elementor-element-36e52eac elementor-widget elementor-widget-text-editor\" data-id=\"36e52eac\" data-element_type=\"widget\" data-widget_type=\"text-editor.default\">\n\t\t\t\t<div class=\"elementor-widget-container\">\n\t\t\t\t\t\t\t\t\tPeakIT, Lda, pessoa coletiva n\u00ba 507470370, com sede na Rua Aquilino Sim\u00f5es Machado, 2, 2\u00ba tr\u00e1s, 4715-595\u00a0Braga, doravante PeakIT, procede \u00e0 recolha e tratamento de dados pessoais dos seus Clientes, tais como:\r\n<ul>\r\n \t<li>Nome<\/li>\r\n \t<li>Morada<\/li>\r\n \t<li>N\u00famero de identifica\u00e7\u00e3o fiscal<\/li>\r\n \t<li>Localiza\u00e7\u00e3o geogr\u00e1fica<\/li>\r\n \t<li>N\u00fameros de telefone, fixo e m\u00f3vel<\/li>\r\n \t<li>Endere\u00e7o de correio eletr\u00f3nico (e-mail)<\/li>\r\n \t<li>O tratamento dos dados pessoais dos Clientes da\u00a0PeakIT \u00e9 da responsabilidade desta, consistindo numa opera\u00e7\u00e3o ou num conjunto de opera\u00e7\u00f5es efetuadas sobre aqueles dados pessoais, por meios automatizados ou n\u00e3o automatizados.<\/li>\r\n<\/ul>\r\nDe acordo com o Regulamento (EU) 2016\/679 do Parlamento Europeu e do Conselho, de 27 de abril de 2016, qualquer cliente da\u00a0PeakIT\u00a0tem o direito de:\r\n<ul>\r\n \t<li>a qualquer momento, retirar ou alterar o consentimento prestado \u00e0\u00a0PeakIT para o tratamento dos seus dados pessoais, com efeitos para o futuro<\/li>\r\n \t<li>ap\u00f3s a retirada do consentimento prestado \u00e0 PeakIT, deixar de ser contactado para efeito de comunica\u00e7\u00f5es promocionais, de marketing e\/ou publicit\u00e1rias<\/li>\r\n \t<li>solicitar informa\u00e7\u00e3o acerca dos seus dados pessoais, a qualquer momento<\/li>\r\n \t<li>solicitar a corre\u00e7\u00e3o de qualquer dos seus dados pessoais fornecidos<\/li>\r\n \t<li>solicitar a portabilidade dos mesmos, para a entidade que, para esse efeito indicar<\/li>\r\n \t<li>solicitar a limita\u00e7\u00e3o de tratamento, apagamento ou mascaramento dos seus dados pessoais, e que n\u00e3o sejam necess\u00e1rios para o cumprimento de quaisquer obriga\u00e7\u00f5es legais da PeakIT, nomeadamente para efeitos de seguran\u00e7a e\/ou garantia legal ou contratual<\/li>\r\n \t<li>ser informado pela PeakIT, caso esta, eventualmente, tiver a inten\u00e7\u00e3o de proceder ao tratamento dos seus dados pessoais para outros fins que n\u00e3o, os que, pelo presente concede o seu consentimento<\/li>\r\n<\/ul>\r\nPara quaisquer informa\u00e7\u00f5es, assim como para o exerc\u00edcio dos direitos que lhes est\u00e3o legalmente conferidos, os Clientes devem contactar a PeakIT, atrav\u00e9s do e-mail com o endere\u00e7o rgpd@peakit.pt.\r\n\r\nA comunica\u00e7\u00e3o de dados pessoais n\u00e3o constitui qualquer obriga\u00e7\u00e3o legal, sendo contudo necess\u00e1ria para a boa execu\u00e7\u00e3o dos contratos de compra e venda celebrados entre a\u00a0PeakIT e os seus clientes, sendo certo que o n\u00e3o consentimento para o tratamento desses dados, n\u00e3o impede a celebra\u00e7\u00e3o desses mesmos contratos.\r\n\r\nDecorre do exposto que os dados pessoais dos clientes da\u00a0PeakIT podem ser alvo de tratamento automatizado de forma a adequar as comunica\u00e7\u00f5es promocionais, de marketing e\/ou publicit\u00e1rias a esses dados.\r\n\r\nOs dados pessoais podem ser partilhados pela\u00a0PeakIT com os fabricantes das marcas representadas, diretamente, ou indiretamente atrav\u00e9s de empresas prestadoras de servi\u00e7o que aqueles contrataram, nomeadamente sob a forma de relat\u00f3rios de venda. Essas entidades podem estar localizadas no Espa\u00e7o Econ\u00f3mico Europeu ou fora do Espa\u00e7o Econ\u00f3mico Europeu, mas estando obrigadas a respeitar a Regulamenta\u00e7\u00e3o Europeia sobre Prote\u00e7\u00e3o de Dados Pessoais, nomeadamente o Regulamento (EU) 2016\/679 do Parlamento Europeu e do Conselho, de 27 de abril de 2016.\r\n\r\nA\u00a0PeakIT conservar\u00e1 os dados pessoais dos seus clientes pelo per\u00edodo necess\u00e1rio \u00e0 realiza\u00e7\u00e3o dos contactos e transa\u00e7\u00f5es comerciais, respetiva fatura\u00e7\u00e3o e cumprimento das obriga\u00e7\u00f5es legais.\r\n\r\nO Titular dos dados pessoais \u00e9 tamb\u00e9m plena e claramente informado que poder\u00e1 apresentar qualquer reclama\u00e7\u00e3o, quanto \u00e0 viola\u00e7\u00e3o dos seus direitos, junto da Comiss\u00e3o Nacional de Prote\u00e7\u00e3o de Dados.\t\t\t\t\t\t\t\t<\/div>\n\t\t\t\t<\/div>\n\t\t\t\t\t<\/div>\n\t\t<\/div>\n\t\t\t\t\t<\/div>\n\t\t<\/section>\n\t\t\t\t<\/div>\n\t\t","protected":false},"excerpt":{"rendered":"<p>Pol\u00edtica de Privacidade PeakIT, Lda, pessoa coletiva n\u00ba 507470370, com sede na Rua Aquilino Sim\u00f5es Machado, 2, 2\u00ba tr\u00e1s, 4715-595\u00a0Braga, doravante PeakIT, procede \u00e0 recolha e tratamento de dados pessoais dos seus Clientes, tais como: Nome Morada N\u00famero de identifica\u00e7\u00e3o fiscal Localiza\u00e7\u00e3o geogr\u00e1fica N\u00fameros de telefone, fixo e m\u00f3vel Endere\u00e7o de correio eletr\u00f3nico (e-mail) O [&hellip;]<\/p>\n","protected":false},"author":1,"featured_media":0,"parent":0,"menu_order":0,"comment_status":"closed","ping_status":"closed","template":"","meta":{"inline_featured_image":false,"jetpack_post_was_ever_published":false,"footnotes":""},"class_list":["post-805","page","type-page","status-publish","hentry"],"yoast_head":"<!-- This site is optimized with the Yoast SEO plugin v24.8.1 - https:\/\/yoast.com\/wordpress\/plugins\/seo\/ -->\n<title>Pol\u00edtica de privacidade &#8226; Kyrios ChMS - Software de Gest\u00e3o Cloud para a Igreja<\/title>\n<meta name=\"robots\" content=\"index, follow, max-snippet:-1, max-image-preview:large, max-video-preview:-1\" \/>\n<link rel=\"canonical\" href=\"https:\/\/www.kyrioschms.com\/pt\/politica-de-privacidade\/\" \/>\n<meta property=\"og:locale\" content=\"pt_PT\" \/>\n<meta property=\"og:type\" content=\"article\" \/>\n<meta property=\"og:title\" content=\"Pol\u00edtica de privacidade &#8226; Kyrios ChMS - Software de Gest\u00e3o Cloud para a Igreja\" \/>\n<meta property=\"og:description\" content=\"Pol\u00edtica de Privacidade PeakIT, Lda, pessoa coletiva n\u00ba 507470370, com sede na Rua Aquilino Sim\u00f5es Machado, 2, 2\u00ba tr\u00e1s, 4715-595\u00a0Braga, doravante PeakIT, procede \u00e0 recolha e tratamento de dados pessoais dos seus Clientes, tais como: Nome Morada N\u00famero de identifica\u00e7\u00e3o fiscal Localiza\u00e7\u00e3o geogr\u00e1fica N\u00fameros de telefone, fixo e m\u00f3vel Endere\u00e7o de correio eletr\u00f3nico (e-mail) O [&hellip;]\" \/>\n<meta property=\"og:url\" content=\"https:\/\/www.kyrioschms.com\/pt\/politica-de-privacidade\/\" \/>\n<meta property=\"og:site_name\" content=\"Kyrios ChMS - Software de Gest\u00e3o Cloud para a Igreja\" \/>\n<meta property=\"article:publisher\" content=\"https:\/\/www.facebook.com\/kyrioschms\/\" \/>\n<meta property=\"article:modified_time\" content=\"2020-12-01T15:27:10+00:00\" \/>\n<meta name=\"twitter:card\" content=\"summary_large_image\" \/>\n<meta name=\"twitter:label1\" content=\"Tempo estimado de leitura\" \/>\n\t<meta name=\"twitter:data1\" content=\"3 minutos\" \/>\n<script type=\"application\/ld+json\" class=\"yoast-schema-graph\">{\"@context\":\"https:\/\/schema.org\",\"@graph\":[{\"@type\":\"WebPage\",\"@id\":\"https:\/\/www.kyrioschms.com\/pt\/politica-de-privacidade\/\",\"url\":\"https:\/\/www.kyrioschms.com\/pt\/politica-de-privacidade\/\",\"name\":\"Pol\u00edtica de privacidade &#8226; Kyrios ChMS - Software de Gest\u00e3o Cloud para a Igreja\",\"isPartOf\":{\"@id\":\"https:\/\/www.kyrioschms.com\/#website\"},\"datePublished\":\"2018-05-23T21:43:47+00:00\",\"dateModified\":\"2020-12-01T15:27:10+00:00\",\"breadcrumb\":{\"@id\":\"https:\/\/www.kyrioschms.com\/pt\/politica-de-privacidade\/#breadcrumb\"},\"inLanguage\":\"pt-PT\",\"potentialAction\":[{\"@type\":\"ReadAction\",\"target\":[\"https:\/\/www.kyrioschms.com\/pt\/politica-de-privacidade\/\"]}]},{\"@type\":\"BreadcrumbList\",\"@id\":\"https:\/\/www.kyrioschms.com\/pt\/politica-de-privacidade\/#breadcrumb\",\"itemListElement\":[{\"@type\":\"ListItem\",\"position\":1,\"name\":\"Home\",\"item\":\"https:\/\/www.kyrioschms.com\/en\/\"},{\"@type\":\"ListItem\",\"position\":2,\"name\":\"Pol\u00edtica de privacidade\"}]},{\"@type\":\"WebSite\",\"@id\":\"https:\/\/www.kyrioschms.com\/#website\",\"url\":\"https:\/\/www.kyrioschms.com\/\",\"name\":\"Kyrios ChMS - Software de Gest\u00e3o Cloud para a Igreja\",\"description\":\"A solu\u00e7\u00e3o mais completa para a gest\u00e3o e comunica\u00e7\u00e3o da Igreja\",\"publisher\":{\"@id\":\"https:\/\/www.kyrioschms.com\/#organization\"},\"potentialAction\":[{\"@type\":\"SearchAction\",\"target\":{\"@type\":\"EntryPoint\",\"urlTemplate\":\"https:\/\/www.kyrioschms.com\/?s={search_term_string}\"},\"query-input\":{\"@type\":\"PropertyValueSpecification\",\"valueRequired\":true,\"valueName\":\"search_term_string\"}}],\"inLanguage\":\"pt-PT\"},{\"@type\":\"Organization\",\"@id\":\"https:\/\/www.kyrioschms.com\/#organization\",\"name\":\"Kyrios ChMS\",\"url\":\"https:\/\/www.kyrioschms.com\/\",\"logo\":{\"@type\":\"ImageObject\",\"inLanguage\":\"pt-PT\",\"@id\":\"https:\/\/www.kyrioschms.com\/#\/schema\/logo\/image\/\",\"url\":\"https:\/\/i1.wp.com\/www.kyrioschms.com\/wp-content\/uploads\/2018\/04\/kyrios_chms_logo_azulpkt_hd.png?fit=510%2C190&ssl=1\",\"contentUrl\":\"https:\/\/i1.wp.com\/www.kyrioschms.com\/wp-content\/uploads\/2018\/04\/kyrios_chms_logo_azulpkt_hd.png?fit=510%2C190&ssl=1\",\"width\":510,\"height\":190,\"caption\":\"Kyrios ChMS\"},\"image\":{\"@id\":\"https:\/\/www.kyrioschms.com\/#\/schema\/logo\/image\/\"},\"sameAs\":[\"https:\/\/www.facebook.com\/kyrioschms\/\",\"https:\/\/www.instagram.com\/kyrioschms\/\",\"https:\/\/www.linkedin.com\/showcase\/kyrios\/\",\"https:\/\/www.youtube.com\/channel\/UC1GRlmM_rtlhm1widYExwkg\"]}]}<\/script>\n<!-- \/ Yoast SEO plugin. -->","yoast_head_json":{"title":"Pol\u00edtica de privacidade &#8226; Kyrios ChMS - Software de Gest\u00e3o Cloud para a Igreja","robots":{"index":"index","follow":"follow","max-snippet":"max-snippet:-1","max-image-preview":"max-image-preview:large","max-video-preview":"max-video-preview:-1"},"canonical":"https:\/\/www.kyrioschms.com\/pt\/politica-de-privacidade\/","og_locale":"pt_PT","og_type":"article","og_title":"Pol\u00edtica de privacidade &#8226; Kyrios ChMS - Software de Gest\u00e3o Cloud para a Igreja","og_description":"Pol\u00edtica de Privacidade PeakIT, Lda, pessoa coletiva n\u00ba 507470370, com sede na Rua Aquilino Sim\u00f5es Machado, 2, 2\u00ba tr\u00e1s, 4715-595\u00a0Braga, doravante PeakIT, procede \u00e0 recolha e tratamento de dados pessoais dos seus Clientes, tais como: Nome Morada N\u00famero de identifica\u00e7\u00e3o fiscal Localiza\u00e7\u00e3o geogr\u00e1fica N\u00fameros de telefone, fixo e m\u00f3vel Endere\u00e7o de correio eletr\u00f3nico (e-mail) O [&hellip;]","og_url":"https:\/\/www.kyrioschms.com\/pt\/politica-de-privacidade\/","og_site_name":"Kyrios ChMS - Software de Gest\u00e3o Cloud para a Igreja","article_publisher":"https:\/\/www.facebook.com\/kyrioschms\/","article_modified_time":"2020-12-01T15:27:10+00:00","twitter_card":"summary_large_image","twitter_misc":{"Tempo estimado de leitura":"3 minutos"},"schema":{"@context":"https:\/\/schema.org","@graph":[{"@type":"WebPage","@id":"https:\/\/www.kyrioschms.com\/pt\/politica-de-privacidade\/","url":"https:\/\/www.kyrioschms.com\/pt\/politica-de-privacidade\/","name":"Pol\u00edtica de privacidade &#8226; Kyrios ChMS - Software de Gest\u00e3o Cloud para a Igreja","isPartOf":{"@id":"https:\/\/www.kyrioschms.com\/#website"},"datePublished":"2018-05-23T21:43:47+00:00","dateModified":"2020-12-01T15:27:10+00:00","breadcrumb":{"@id":"https:\/\/www.kyrioschms.com\/pt\/politica-de-privacidade\/#breadcrumb"},"inLanguage":"pt-PT","potentialAction":[{"@type":"ReadAction","target":["https:\/\/www.kyrioschms.com\/pt\/politica-de-privacidade\/"]}]},{"@type":"BreadcrumbList","@id":"https:\/\/www.kyrioschms.com\/pt\/politica-de-privacidade\/#breadcrumb","itemListElement":[{"@type":"ListItem","position":1,"name":"Home","item":"https:\/\/www.kyrioschms.com\/en\/"},{"@type":"ListItem","position":2,"name":"Pol\u00edtica de privacidade"}]},{"@type":"WebSite","@id":"https:\/\/www.kyrioschms.com\/#website","url":"https:\/\/www.kyrioschms.com\/","name":"Kyrios ChMS - Software de Gest\u00e3o Cloud para a Igreja","description":"A solu\u00e7\u00e3o mais completa para a gest\u00e3o e comunica\u00e7\u00e3o da Igreja","publisher":{"@id":"https:\/\/www.kyrioschms.com\/#organization"},"potentialAction":[{"@type":"SearchAction","target":{"@type":"EntryPoint","urlTemplate":"https:\/\/www.kyrioschms.com\/?s={search_term_string}"},"query-input":{"@type":"PropertyValueSpecification","valueRequired":true,"valueName":"search_term_string"}}],"inLanguage":"pt-PT"},{"@type":"Organization","@id":"https:\/\/www.kyrioschms.com\/#organization","name":"Kyrios ChMS","url":"https:\/\/www.kyrioschms.com\/","logo":{"@type":"ImageObject","inLanguage":"pt-PT","@id":"https:\/\/www.kyrioschms.com\/#\/schema\/logo\/image\/","url":"https:\/\/i1.wp.com\/www.kyrioschms.com\/wp-content\/uploads\/2018\/04\/kyrios_chms_logo_azulpkt_hd.png?fit=510%2C190&ssl=1","contentUrl":"https:\/\/i1.wp.com\/www.kyrioschms.com\/wp-content\/uploads\/2018\/04\/kyrios_chms_logo_azulpkt_hd.png?fit=510%2C190&ssl=1","width":510,"height":190,"caption":"Kyrios ChMS"},"image":{"@id":"https:\/\/www.kyrioschms.com\/#\/schema\/logo\/image\/"},"sameAs":["https:\/\/www.facebook.com\/kyrioschms\/","https:\/\/www.instagram.com\/kyrioschms\/","https:\/\/www.linkedin.com\/showcase\/kyrios\/","https:\/\/www.youtube.com\/channel\/UC1GRlmM_rtlhm1widYExwkg"]}]}},"jetpack_sharing_enabled":true,"jetpack_shortlink":"https:\/\/wp.me\/P9TNmE-cZ","_links":{"self":[{"href":"https:\/\/www.kyrioschms.com\/pt\/wp-json\/wp\/v2\/pages\/805","targetHints":{"allow":["GET"]}}],"collection":[{"href":"https:\/\/www.kyrioschms.com\/pt\/wp-json\/wp\/v2\/pages"}],"about":[{"href":"https:\/\/www.kyrioschms.com\/pt\/wp-json\/wp\/v2\/types\/page"}],"author":[{"embeddable":true,"href":"https:\/\/www.kyrioschms.com\/pt\/wp-json\/wp\/v2\/users\/1"}],"replies":[{"embeddable":true,"href":"https:\/\/www.kyrioschms.com\/pt\/wp-json\/wp\/v2\/comments?post=805"}],"version-history":[{"count":0,"href":"https:\/\/www.kyrioschms.com\/pt\/wp-json\/wp\/v2\/pages\/805\/revisions"}],"wp:attachment":[{"href":"https:\/\/www.kyrioschms.com\/pt\/wp-json\/wp\/v2\/media?parent=805"}],"curies":[{"name":"wp","href":"https:\/\/api.w.org\/{rel}","templated":true}]}}