{"id":724,"date":"2018-05-21T13:41:15","date_gmt":"2018-05-21T13:41:15","guid":{"rendered":"http:\/\/web.kyrioschms.com\/?page_id=724"},"modified":"2020-11-27T21:33:19","modified_gmt":"2020-11-27T21:33:19","slug":"suporte","status":"publish","type":"page","link":"https:\/\/www.kyrioschms.com\/pt\/suporte\/","title":{"rendered":"Suporte \/ Ajuda \/ FAQ"},"content":{"rendered":"\t\t<div data-elementor-type=\"wp-post\" data-elementor-id=\"724\" class=\"elementor elementor-724\" data-elementor-post-type=\"page\">\n\t\t\t\t\t\t<section class=\"elementor-section elementor-top-section elementor-element elementor-element-jcpoldy elementor-section-height-min-height elementor-section-boxed elementor-section-height-default elementor-section-items-middle\" data-id=\"jcpoldy\" data-element_type=\"section\" data-settings=\"{&quot;background_background&quot;:&quot;classic&quot;}\">\n\t\t\t\t\t\t\t<div class=\"elementor-background-overlay\"><\/div>\n\t\t\t\t\t\t\t<div class=\"elementor-container elementor-column-gap-default\">\n\t\t\t\t\t<div class=\"elementor-column elementor-col-100 elementor-top-column elementor-element elementor-element-bsvdawm\" data-id=\"bsvdawm\" data-element_type=\"column\">\n\t\t\t<div class=\"elementor-widget-wrap elementor-element-populated\">\n\t\t\t\t\t\t<div class=\"elementor-element elementor-element-4dde5cc elementor-widget elementor-widget-heading\" data-id=\"4dde5cc\" data-element_type=\"widget\" data-widget_type=\"heading.default\">\n\t\t\t\t<div class=\"elementor-widget-container\">\n\t\t\t\t\t<h1 class=\"elementor-heading-title elementor-size-default\">Estamos aqui para ajudar<\/h1>\t\t\t\t<\/div>\n\t\t\t\t<\/div>\n\t\t\t\t<div class=\"elementor-element elementor-element-0050aeb elementor-widget elementor-widget-text-editor\" data-id=\"0050aeb\" data-element_type=\"widget\" data-widget_type=\"text-editor.default\">\n\t\t\t\t<div class=\"elementor-widget-container\">\n\t\t\t\t\t\t\t\t\t<p style=\"text-align: center;\">Obtenha respostas instant\u00e2neas para perguntas comuns<\/p>\t\t\t\t\t\t\t\t<\/div>\n\t\t\t\t<\/div>\n\t\t\t\t\t<\/div>\n\t\t<\/div>\n\t\t\t\t\t<\/div>\n\t\t<\/section>\n\t\t\t\t<section class=\"elementor-section elementor-top-section elementor-element elementor-element-odkrlit elementor-section-boxed elementor-section-height-default elementor-section-height-default\" data-id=\"odkrlit\" data-element_type=\"section\" data-settings=\"{&quot;background_background&quot;:&quot;classic&quot;}\">\n\t\t\t\t\t\t<div class=\"elementor-container elementor-column-gap-wider\">\n\t\t\t\t\t<div class=\"elementor-column elementor-col-100 elementor-top-column elementor-element elementor-element-flvzjmb\" data-id=\"flvzjmb\" data-element_type=\"column\">\n\t\t\t<div class=\"elementor-widget-wrap elementor-element-populated\">\n\t\t\t\t\t\t<div class=\"elementor-element elementor-element-7b4dfc6 elementor-view-default elementor-position-top elementor-mobile-position-top elementor-widget elementor-widget-icon-box\" data-id=\"7b4dfc6\" data-element_type=\"widget\" data-widget_type=\"icon-box.default\">\n\t\t\t\t<div class=\"elementor-widget-container\">\n\t\t\t\t\t\t\t<div class=\"elementor-icon-box-wrapper\">\n\n\t\t\t\t\t\t<div class=\"elementor-icon-box-icon\">\n\t\t\t\t<a href=\"http:\/\/support.kyrioschms.com\/\" target=\"_blank\" rel=\"nofollow\" class=\"elementor-icon\" tabindex=\"-1\" aria-label=\"Portal de suporte\">\n\t\t\t\t<i aria-hidden=\"true\" class=\"fas fa-tools\"><\/i>\t\t\t\t<\/a>\n\t\t\t<\/div>\n\t\t\t\n\t\t\t\t\t\t<div class=\"elementor-icon-box-content\">\n\n\t\t\t\t\t\t\t\t\t<h3 class=\"elementor-icon-box-title\">\n\t\t\t\t\t\t<a href=\"http:\/\/support.kyrioschms.com\/\" target=\"_blank\" rel=\"nofollow\" >\n\t\t\t\t\t\t\tPortal de suporte\t\t\t\t\t\t<\/a>\n\t\t\t\t\t<\/h3>\n\t\t\t\t\n\t\t\t\t\t\t\t\t\t<p class=\"elementor-icon-box-description\">\n\t\t\t\t\t\tAceda aqui ao portal de suporte para encontrar documenta\u00e7\u00e3o, videos, enviar sugest\u00f5es de melhoria e pedir ajuda.\t\t\t\t\t<\/p>\n\t\t\t\t\n\t\t\t<\/div>\n\t\t\t\n\t\t<\/div>\n\t\t\t\t\t\t<\/div>\n\t\t\t\t<\/div>\n\t\t\t\t\t<\/div>\n\t\t<\/div>\n\t\t\t\t\t<\/div>\n\t\t<\/section>\n\t\t\t\t<section class=\"elementor-section elementor-top-section elementor-element elementor-element-19c3587 elementor-section-boxed elementor-section-height-default elementor-section-height-default\" data-id=\"19c3587\" data-element_type=\"section\">\n\t\t\t\t\t\t<div class=\"elementor-container elementor-column-gap-no\">\n\t\t\t\t\t<div class=\"elementor-column elementor-col-100 elementor-top-column elementor-element elementor-element-a4711de\" data-id=\"a4711de\" data-element_type=\"column\">\n\t\t\t<div class=\"elementor-widget-wrap elementor-element-populated\">\n\t\t\t\t\t\t<div class=\"elementor-element elementor-element-8c06601 elementor-widget elementor-widget-menu-anchor\" data-id=\"8c06601\" data-element_type=\"widget\" data-widget_type=\"menu-anchor.default\">\n\t\t\t\t<div class=\"elementor-widget-container\">\n\t\t\t\t\t\t\t<div class=\"elementor-menu-anchor\" id=\"next\"><\/div>\n\t\t\t\t\t\t<\/div>\n\t\t\t\t<\/div>\n\t\t\t\t\t<\/div>\n\t\t<\/div>\n\t\t\t\t\t<\/div>\n\t\t<\/section>\n\t\t\t\t<section class=\"elementor-section elementor-top-section elementor-element elementor-element-ruyeqzk elementor-section-boxed elementor-section-height-default elementor-section-height-default\" data-id=\"ruyeqzk\" data-element_type=\"section\" data-settings=\"{&quot;background_background&quot;:&quot;classic&quot;}\">\n\t\t\t\t\t\t<div class=\"elementor-container elementor-column-gap-default\">\n\t\t\t\t\t<div class=\"elementor-column elementor-col-100 elementor-top-column elementor-element elementor-element-rqrjwkf\" data-id=\"rqrjwkf\" data-element_type=\"column\">\n\t\t\t<div class=\"elementor-widget-wrap elementor-element-populated\">\n\t\t\t\t\t\t<div class=\"elementor-element elementor-element-hly5tfg elementor-widget elementor-widget-spacer\" data-id=\"hly5tfg\" data-element_type=\"widget\" data-widget_type=\"spacer.default\">\n\t\t\t\t<div class=\"elementor-widget-container\">\n\t\t\t\t\t\t\t<div class=\"elementor-spacer\">\n\t\t\t<div class=\"elementor-spacer-inner\"><\/div>\n\t\t<\/div>\n\t\t\t\t\t\t<\/div>\n\t\t\t\t<\/div>\n\t\t\t\t<div class=\"elementor-element elementor-element-enrsgoy elementor-invisible elementor-widget elementor-widget-toggle\" data-id=\"enrsgoy\" data-element_type=\"widget\" data-settings=\"{&quot;_animation&quot;:&quot;fadeInLeft&quot;}\" data-widget_type=\"toggle.default\">\n\t\t\t\t<div class=\"elementor-widget-container\">\n\t\t\t\t\t\t\t<div class=\"elementor-toggle\">\n\t\t\t\t\t\t\t<div class=\"elementor-toggle-item\">\n\t\t\t\t\t<div id=\"elementor-tab-title-141\" class=\"elementor-tab-title\" data-tab=\"1\" role=\"button\" aria-controls=\"elementor-tab-content-141\" aria-expanded=\"false\">\n\t\t\t\t\t\t\t\t\t\t\t\t<span class=\"elementor-toggle-icon elementor-toggle-icon-left\" aria-hidden=\"true\">\n\t\t\t\t\t\t\t\t\t\t\t\t\t\t\t<span class=\"elementor-toggle-icon-closed\"><i class=\"fas fa-caret-right\"><\/i><\/span>\n\t\t\t\t\t\t\t\t<span class=\"elementor-toggle-icon-opened\"><i class=\"elementor-toggle-icon-opened fas fa-caret-up\"><\/i><\/span>\n\t\t\t\t\t\t\t\t\t\t\t\t\t<\/span>\n\t\t\t\t\t\t\t\t\t\t\t\t<a class=\"elementor-toggle-title\" tabindex=\"0\">O meu dispositivo \u00e9 suportado?<\/a>\n\t\t\t\t\t<\/div>\n\n\t\t\t\t\t<div id=\"elementor-tab-content-141\" class=\"elementor-tab-content elementor-clearfix\" data-tab=\"1\" role=\"region\" aria-labelledby=\"elementor-tab-title-141\"><p>Para utilizar o Kyrios ChMS, precisa de um <em>browser<\/em>\u00a0e uma liga\u00e7\u00e3o \u00e0 <em>internet<\/em>. A plataforma est\u00e1 adaptada para funcionar em qualquer <em>browser<\/em>\u00a0(Internet Explorer, Firefox, Safari, Chrome, Opera) e funciona em qualquer um dos seguintes sistemas operativos (Microsoft Windows\u00ae, Android\u00ae, iOS\u00ae, Linux\u00ae).<\/p><\/div>\n\t\t\t\t<\/div>\n\t\t\t\t\t\t\t<div class=\"elementor-toggle-item\">\n\t\t\t\t\t<div id=\"elementor-tab-title-142\" class=\"elementor-tab-title\" data-tab=\"2\" role=\"button\" aria-controls=\"elementor-tab-content-142\" aria-expanded=\"false\">\n\t\t\t\t\t\t\t\t\t\t\t\t<span class=\"elementor-toggle-icon elementor-toggle-icon-left\" aria-hidden=\"true\">\n\t\t\t\t\t\t\t\t\t\t\t\t\t\t\t<span class=\"elementor-toggle-icon-closed\"><i class=\"fas fa-caret-right\"><\/i><\/span>\n\t\t\t\t\t\t\t\t<span class=\"elementor-toggle-icon-opened\"><i class=\"elementor-toggle-icon-opened fas fa-caret-up\"><\/i><\/span>\n\t\t\t\t\t\t\t\t\t\t\t\t\t<\/span>\n\t\t\t\t\t\t\t\t\t\t\t\t<a class=\"elementor-toggle-title\" tabindex=\"0\">O que \u00e9 o Kyrios ChMS?<\/a>\n\t\t\t\t\t<\/div>\n\n\t\t\t\t\t<div id=\"elementor-tab-content-142\" class=\"elementor-tab-content elementor-clearfix\" data-tab=\"2\" role=\"region\" aria-labelledby=\"elementor-tab-title-142\"><p>O Kyrios ChMS \u00e9 um sistema de gest\u00e3o integrado para a Igreja e que o ajuda a gerir toda a atividade da Diocese, Par\u00f3quia, \u2026, de forma r\u00e1pida e simples.<\/p><\/div>\n\t\t\t\t<\/div>\n\t\t\t\t\t\t\t<div class=\"elementor-toggle-item\">\n\t\t\t\t\t<div id=\"elementor-tab-title-143\" class=\"elementor-tab-title\" data-tab=\"3\" role=\"button\" aria-controls=\"elementor-tab-content-143\" aria-expanded=\"false\">\n\t\t\t\t\t\t\t\t\t\t\t\t<span class=\"elementor-toggle-icon elementor-toggle-icon-left\" aria-hidden=\"true\">\n\t\t\t\t\t\t\t\t\t\t\t\t\t\t\t<span class=\"elementor-toggle-icon-closed\"><i class=\"fas fa-caret-right\"><\/i><\/span>\n\t\t\t\t\t\t\t\t<span class=\"elementor-toggle-icon-opened\"><i class=\"elementor-toggle-icon-opened fas fa-caret-up\"><\/i><\/span>\n\t\t\t\t\t\t\t\t\t\t\t\t\t<\/span>\n\t\t\t\t\t\t\t\t\t\t\t\t<a class=\"elementor-toggle-title\" tabindex=\"0\">Porqu\u00ea o Kyrios ChMS?<\/a>\n\t\t\t\t\t<\/div>\n\n\t\t\t\t\t<div id=\"elementor-tab-content-143\" class=\"elementor-tab-content elementor-clearfix\" data-tab=\"3\" role=\"region\" aria-labelledby=\"elementor-tab-title-143\"><p>Tranquilidade e seguran\u00e7a. Est\u00e1 sempre a trabalhar na \u00faltima vers\u00e3o da aplica\u00e7\u00e3o, n\u00e3o tem de pagar licen\u00e7as dispendiosas e tem suporte sempre dispon\u00edvel.<\/p><\/div>\n\t\t\t\t<\/div>\n\t\t\t\t\t\t\t<div class=\"elementor-toggle-item\">\n\t\t\t\t\t<div id=\"elementor-tab-title-144\" class=\"elementor-tab-title\" data-tab=\"4\" role=\"button\" aria-controls=\"elementor-tab-content-144\" aria-expanded=\"false\">\n\t\t\t\t\t\t\t\t\t\t\t\t<span class=\"elementor-toggle-icon elementor-toggle-icon-left\" aria-hidden=\"true\">\n\t\t\t\t\t\t\t\t\t\t\t\t\t\t\t<span class=\"elementor-toggle-icon-closed\"><i class=\"fas fa-caret-right\"><\/i><\/span>\n\t\t\t\t\t\t\t\t<span class=\"elementor-toggle-icon-opened\"><i class=\"elementor-toggle-icon-opened fas fa-caret-up\"><\/i><\/span>\n\t\t\t\t\t\t\t\t\t\t\t\t\t<\/span>\n\t\t\t\t\t\t\t\t\t\t\t\t<a class=\"elementor-toggle-title\" tabindex=\"0\">Os meus dados est\u00e3o seguros?<\/a>\n\t\t\t\t\t<\/div>\n\n\t\t\t\t\t<div id=\"elementor-tab-content-144\" class=\"elementor-tab-content elementor-clearfix\" data-tab=\"4\" role=\"region\" aria-labelledby=\"elementor-tab-title-144\"><p>A seguran\u00e7a dos seus dados \u00e9 muito importante para n\u00f3s. Leia as nossas medidas de seguran\u00e7a e saiba como protegemos os seus dados.<\/p><\/div>\n\t\t\t\t<\/div>\n\t\t\t\t\t\t\t<div class=\"elementor-toggle-item\">\n\t\t\t\t\t<div id=\"elementor-tab-title-145\" class=\"elementor-tab-title\" data-tab=\"5\" role=\"button\" aria-controls=\"elementor-tab-content-145\" aria-expanded=\"false\">\n\t\t\t\t\t\t\t\t\t\t\t\t<span class=\"elementor-toggle-icon elementor-toggle-icon-left\" aria-hidden=\"true\">\n\t\t\t\t\t\t\t\t\t\t\t\t\t\t\t<span class=\"elementor-toggle-icon-closed\"><i class=\"fas fa-caret-right\"><\/i><\/span>\n\t\t\t\t\t\t\t\t<span class=\"elementor-toggle-icon-opened\"><i class=\"elementor-toggle-icon-opened fas fa-caret-up\"><\/i><\/span>\n\t\t\t\t\t\t\t\t\t\t\t\t\t<\/span>\n\t\t\t\t\t\t\t\t\t\t\t\t<a class=\"elementor-toggle-title\" tabindex=\"0\">Para quem \u00e9 o Kyrios ChMS?<\/a>\n\t\t\t\t\t<\/div>\n\n\t\t\t\t\t<div id=\"elementor-tab-content-145\" class=\"elementor-tab-content elementor-clearfix\" data-tab=\"5\" role=\"region\" aria-labelledby=\"elementor-tab-title-145\"><p>O Kyrios \u00e9 adequado para qualquer Institui\u00e7\u00e3o Cat\u00f3lica (Diocese, Par\u00f3quia, IPSS, Associa\u00e7\u00e3o, \u2026).<\/p><\/div>\n\t\t\t\t<\/div>\n\t\t\t\t\t\t\t<div class=\"elementor-toggle-item\">\n\t\t\t\t\t<div id=\"elementor-tab-title-146\" class=\"elementor-tab-title\" data-tab=\"6\" role=\"button\" aria-controls=\"elementor-tab-content-146\" aria-expanded=\"false\">\n\t\t\t\t\t\t\t\t\t\t\t\t<span class=\"elementor-toggle-icon elementor-toggle-icon-left\" aria-hidden=\"true\">\n\t\t\t\t\t\t\t\t\t\t\t\t\t\t\t<span class=\"elementor-toggle-icon-closed\"><i class=\"fas fa-caret-right\"><\/i><\/span>\n\t\t\t\t\t\t\t\t<span class=\"elementor-toggle-icon-opened\"><i class=\"elementor-toggle-icon-opened fas fa-caret-up\"><\/i><\/span>\n\t\t\t\t\t\t\t\t\t\t\t\t\t<\/span>\n\t\t\t\t\t\t\t\t\t\t\t\t<a class=\"elementor-toggle-title\" tabindex=\"0\">Sou Paroquiano, como aceder?<\/a>\n\t\t\t\t\t<\/div>\n\n\t\t\t\t\t<div id=\"elementor-tab-content-146\" class=\"elementor-tab-content elementor-clearfix\" data-tab=\"6\" role=\"region\" aria-labelledby=\"elementor-tab-title-146\"><p>Apenas utilizadores registados podem aceder. Pode realizar a sua subscri\u00e7\u00e3o <a href=\"\/loja\/\">aqui<\/a>.<\/p><\/div>\n\t\t\t\t<\/div>\n\t\t\t\t\t\t\t<div class=\"elementor-toggle-item\">\n\t\t\t\t\t<div id=\"elementor-tab-title-147\" class=\"elementor-tab-title\" data-tab=\"7\" role=\"button\" aria-controls=\"elementor-tab-content-147\" aria-expanded=\"false\">\n\t\t\t\t\t\t\t\t\t\t\t\t<span class=\"elementor-toggle-icon elementor-toggle-icon-left\" aria-hidden=\"true\">\n\t\t\t\t\t\t\t\t\t\t\t\t\t\t\t<span class=\"elementor-toggle-icon-closed\"><i class=\"fas fa-caret-right\"><\/i><\/span>\n\t\t\t\t\t\t\t\t<span class=\"elementor-toggle-icon-opened\"><i class=\"elementor-toggle-icon-opened fas fa-caret-up\"><\/i><\/span>\n\t\t\t\t\t\t\t\t\t\t\t\t\t<\/span>\n\t\t\t\t\t\t\t\t\t\t\t\t<a class=\"elementor-toggle-title\" tabindex=\"0\">Ainda tem quest\u00f5es?<\/a>\n\t\t\t\t\t<\/div>\n\n\t\t\t\t\t<div id=\"elementor-tab-content-147\" class=\"elementor-tab-content elementor-clearfix\" data-tab=\"7\" role=\"region\" aria-labelledby=\"elementor-tab-title-147\"><p>Entre em\u00a0<a href=\"\/contactos\/\">contacto connosco<\/a>.<\/p><\/div>\n\t\t\t\t<\/div>\n\t\t\t\t\t\t\t\t<\/div>\n\t\t\t\t\t\t<\/div>\n\t\t\t\t<\/div>\n\t\t\t\t\t<\/div>\n\t\t<\/div>\n\t\t\t\t\t<\/div>\n\t\t<\/section>\n\t\t\t\t<\/div>\n\t\t","protected":false},"excerpt":{"rendered":"<p>Estamos aqui para ajudar Obtenha respostas instant\u00e2neas para perguntas comuns Portal de suporte Aceda aqui ao portal de suporte para encontrar documenta\u00e7\u00e3o, videos, enviar sugest\u00f5es de melhoria e pedir ajuda. O meu dispositivo \u00e9 suportado? Para utilizar o Kyrios ChMS, precisa de um browser\u00a0e uma liga\u00e7\u00e3o \u00e0 internet. A plataforma est\u00e1 adaptada para funcionar em [&hellip;]<\/p>\n","protected":false},"author":1,"featured_media":0,"parent":0,"menu_order":30,"comment_status":"closed","ping_status":"closed","template":"","meta":{"inline_featured_image":false,"jetpack_post_was_ever_published":false,"footnotes":""},"class_list":["post-724","page","type-page","status-publish","hentry"],"yoast_head":"<!-- This site is optimized with the Yoast SEO plugin v24.8.1 - https:\/\/yoast.com\/wordpress\/plugins\/seo\/ -->\n<title>Suporte \/ Ajuda \/ FAQ &#8226; Kyrios ChMS - Software de Gest\u00e3o Cloud para a Igreja<\/title>\n<meta name=\"robots\" content=\"index, follow, max-snippet:-1, max-image-preview:large, max-video-preview:-1\" \/>\n<link rel=\"canonical\" href=\"https:\/\/www.kyrioschms.com\/pt\/suporte\/\" \/>\n<meta property=\"og:locale\" content=\"pt_PT\" \/>\n<meta property=\"og:type\" content=\"article\" \/>\n<meta property=\"og:title\" content=\"Suporte \/ Ajuda \/ FAQ &#8226; Kyrios ChMS - Software de Gest\u00e3o Cloud para a Igreja\" \/>\n<meta property=\"og:description\" content=\"Estamos aqui para ajudar Obtenha respostas instant\u00e2neas para perguntas comuns Portal de suporte Aceda aqui ao portal de suporte para encontrar documenta\u00e7\u00e3o, videos, enviar sugest\u00f5es de melhoria e pedir ajuda. O meu dispositivo \u00e9 suportado? Para utilizar o Kyrios ChMS, precisa de um browser\u00a0e uma liga\u00e7\u00e3o \u00e0 internet. A plataforma est\u00e1 adaptada para funcionar em [&hellip;]\" \/>\n<meta property=\"og:url\" content=\"https:\/\/www.kyrioschms.com\/pt\/suporte\/\" \/>\n<meta property=\"og:site_name\" content=\"Kyrios ChMS - Software de Gest\u00e3o Cloud para a Igreja\" \/>\n<meta property=\"article:publisher\" content=\"https:\/\/www.facebook.com\/kyrioschms\/\" \/>\n<meta property=\"article:modified_time\" content=\"2020-11-27T21:33:19+00:00\" \/>\n<meta name=\"twitter:card\" content=\"summary_large_image\" \/>\n<meta name=\"twitter:label1\" content=\"Tempo estimado de leitura\" \/>\n\t<meta name=\"twitter:data1\" content=\"1 minuto\" \/>\n<script type=\"application\/ld+json\" class=\"yoast-schema-graph\">{\"@context\":\"https:\/\/schema.org\",\"@graph\":[{\"@type\":\"WebPage\",\"@id\":\"https:\/\/www.kyrioschms.com\/pt\/suporte\/\",\"url\":\"https:\/\/www.kyrioschms.com\/pt\/suporte\/\",\"name\":\"Suporte \/ Ajuda \/ FAQ &#8226; Kyrios ChMS - Software de Gest\u00e3o Cloud para a Igreja\",\"isPartOf\":{\"@id\":\"https:\/\/www.kyrioschms.com\/#website\"},\"datePublished\":\"2018-05-21T13:41:15+00:00\",\"dateModified\":\"2020-11-27T21:33:19+00:00\",\"breadcrumb\":{\"@id\":\"https:\/\/www.kyrioschms.com\/pt\/suporte\/#breadcrumb\"},\"inLanguage\":\"pt-PT\",\"potentialAction\":[{\"@type\":\"ReadAction\",\"target\":[\"https:\/\/www.kyrioschms.com\/pt\/suporte\/\"]}]},{\"@type\":\"BreadcrumbList\",\"@id\":\"https:\/\/www.kyrioschms.com\/pt\/suporte\/#breadcrumb\",\"itemListElement\":[{\"@type\":\"ListItem\",\"position\":1,\"name\":\"Home\",\"item\":\"https:\/\/www.kyrioschms.com\/en\/\"},{\"@type\":\"ListItem\",\"position\":2,\"name\":\"Suporte \/ Ajuda \/ FAQ\"}]},{\"@type\":\"WebSite\",\"@id\":\"https:\/\/www.kyrioschms.com\/#website\",\"url\":\"https:\/\/www.kyrioschms.com\/\",\"name\":\"Kyrios ChMS - Software de Gest\u00e3o Cloud para a Igreja\",\"description\":\"A solu\u00e7\u00e3o mais completa para a gest\u00e3o e comunica\u00e7\u00e3o da Igreja\",\"publisher\":{\"@id\":\"https:\/\/www.kyrioschms.com\/#organization\"},\"potentialAction\":[{\"@type\":\"SearchAction\",\"target\":{\"@type\":\"EntryPoint\",\"urlTemplate\":\"https:\/\/www.kyrioschms.com\/?s={search_term_string}\"},\"query-input\":{\"@type\":\"PropertyValueSpecification\",\"valueRequired\":true,\"valueName\":\"search_term_string\"}}],\"inLanguage\":\"pt-PT\"},{\"@type\":\"Organization\",\"@id\":\"https:\/\/www.kyrioschms.com\/#organization\",\"name\":\"Kyrios ChMS\",\"url\":\"https:\/\/www.kyrioschms.com\/\",\"logo\":{\"@type\":\"ImageObject\",\"inLanguage\":\"pt-PT\",\"@id\":\"https:\/\/www.kyrioschms.com\/#\/schema\/logo\/image\/\",\"url\":\"https:\/\/i1.wp.com\/www.kyrioschms.com\/wp-content\/uploads\/2018\/04\/kyrios_chms_logo_azulpkt_hd.png?fit=510%2C190&ssl=1\",\"contentUrl\":\"https:\/\/i1.wp.com\/www.kyrioschms.com\/wp-content\/uploads\/2018\/04\/kyrios_chms_logo_azulpkt_hd.png?fit=510%2C190&ssl=1\",\"width\":510,\"height\":190,\"caption\":\"Kyrios ChMS\"},\"image\":{\"@id\":\"https:\/\/www.kyrioschms.com\/#\/schema\/logo\/image\/\"},\"sameAs\":[\"https:\/\/www.facebook.com\/kyrioschms\/\",\"https:\/\/www.instagram.com\/kyrioschms\/\",\"https:\/\/www.linkedin.com\/showcase\/kyrios\/\",\"https:\/\/www.youtube.com\/channel\/UC1GRlmM_rtlhm1widYExwkg\"]}]}<\/script>\n<!-- \/ Yoast SEO plugin. -->","yoast_head_json":{"title":"Suporte \/ Ajuda \/ FAQ &#8226; Kyrios ChMS - Software de Gest\u00e3o Cloud para a Igreja","robots":{"index":"index","follow":"follow","max-snippet":"max-snippet:-1","max-image-preview":"max-image-preview:large","max-video-preview":"max-video-preview:-1"},"canonical":"https:\/\/www.kyrioschms.com\/pt\/suporte\/","og_locale":"pt_PT","og_type":"article","og_title":"Suporte \/ Ajuda \/ FAQ &#8226; Kyrios ChMS - Software de Gest\u00e3o Cloud para a Igreja","og_description":"Estamos aqui para ajudar Obtenha respostas instant\u00e2neas para perguntas comuns Portal de suporte Aceda aqui ao portal de suporte para encontrar documenta\u00e7\u00e3o, videos, enviar sugest\u00f5es de melhoria e pedir ajuda. O meu dispositivo \u00e9 suportado? Para utilizar o Kyrios ChMS, precisa de um browser\u00a0e uma liga\u00e7\u00e3o \u00e0 internet. A plataforma est\u00e1 adaptada para funcionar em [&hellip;]","og_url":"https:\/\/www.kyrioschms.com\/pt\/suporte\/","og_site_name":"Kyrios ChMS - Software de Gest\u00e3o Cloud para a Igreja","article_publisher":"https:\/\/www.facebook.com\/kyrioschms\/","article_modified_time":"2020-11-27T21:33:19+00:00","twitter_card":"summary_large_image","twitter_misc":{"Tempo estimado de leitura":"1 minuto"},"schema":{"@context":"https:\/\/schema.org","@graph":[{"@type":"WebPage","@id":"https:\/\/www.kyrioschms.com\/pt\/suporte\/","url":"https:\/\/www.kyrioschms.com\/pt\/suporte\/","name":"Suporte \/ Ajuda \/ FAQ &#8226; Kyrios ChMS - Software de Gest\u00e3o Cloud para a Igreja","isPartOf":{"@id":"https:\/\/www.kyrioschms.com\/#website"},"datePublished":"2018-05-21T13:41:15+00:00","dateModified":"2020-11-27T21:33:19+00:00","breadcrumb":{"@id":"https:\/\/www.kyrioschms.com\/pt\/suporte\/#breadcrumb"},"inLanguage":"pt-PT","potentialAction":[{"@type":"ReadAction","target":["https:\/\/www.kyrioschms.com\/pt\/suporte\/"]}]},{"@type":"BreadcrumbList","@id":"https:\/\/www.kyrioschms.com\/pt\/suporte\/#breadcrumb","itemListElement":[{"@type":"ListItem","position":1,"name":"Home","item":"https:\/\/www.kyrioschms.com\/en\/"},{"@type":"ListItem","position":2,"name":"Suporte \/ Ajuda \/ FAQ"}]},{"@type":"WebSite","@id":"https:\/\/www.kyrioschms.com\/#website","url":"https:\/\/www.kyrioschms.com\/","name":"Kyrios ChMS - Software de Gest\u00e3o Cloud para a Igreja","description":"A solu\u00e7\u00e3o mais completa para a gest\u00e3o e comunica\u00e7\u00e3o da Igreja","publisher":{"@id":"https:\/\/www.kyrioschms.com\/#organization"},"potentialAction":[{"@type":"SearchAction","target":{"@type":"EntryPoint","urlTemplate":"https:\/\/www.kyrioschms.com\/?s={search_term_string}"},"query-input":{"@type":"PropertyValueSpecification","valueRequired":true,"valueName":"search_term_string"}}],"inLanguage":"pt-PT"},{"@type":"Organization","@id":"https:\/\/www.kyrioschms.com\/#organization","name":"Kyrios ChMS","url":"https:\/\/www.kyrioschms.com\/","logo":{"@type":"ImageObject","inLanguage":"pt-PT","@id":"https:\/\/www.kyrioschms.com\/#\/schema\/logo\/image\/","url":"https:\/\/i1.wp.com\/www.kyrioschms.com\/wp-content\/uploads\/2018\/04\/kyrios_chms_logo_azulpkt_hd.png?fit=510%2C190&ssl=1","contentUrl":"https:\/\/i1.wp.com\/www.kyrioschms.com\/wp-content\/uploads\/2018\/04\/kyrios_chms_logo_azulpkt_hd.png?fit=510%2C190&ssl=1","width":510,"height":190,"caption":"Kyrios ChMS"},"image":{"@id":"https:\/\/www.kyrioschms.com\/#\/schema\/logo\/image\/"},"sameAs":["https:\/\/www.facebook.com\/kyrioschms\/","https:\/\/www.instagram.com\/kyrioschms\/","https:\/\/www.linkedin.com\/showcase\/kyrios\/","https:\/\/www.youtube.com\/channel\/UC1GRlmM_rtlhm1widYExwkg"]}]}},"jetpack_sharing_enabled":true,"jetpack_shortlink":"https:\/\/wp.me\/P9TNmE-bG","_links":{"self":[{"href":"https:\/\/www.kyrioschms.com\/pt\/wp-json\/wp\/v2\/pages\/724","targetHints":{"allow":["GET"]}}],"collection":[{"href":"https:\/\/www.kyrioschms.com\/pt\/wp-json\/wp\/v2\/pages"}],"about":[{"href":"https:\/\/www.kyrioschms.com\/pt\/wp-json\/wp\/v2\/types\/page"}],"author":[{"embeddable":true,"href":"https:\/\/www.kyrioschms.com\/pt\/wp-json\/wp\/v2\/users\/1"}],"replies":[{"embeddable":true,"href":"https:\/\/www.kyrioschms.com\/pt\/wp-json\/wp\/v2\/comments?post=724"}],"version-history":[{"count":0,"href":"https:\/\/www.kyrioschms.com\/pt\/wp-json\/wp\/v2\/pages\/724\/revisions"}],"wp:attachment":[{"href":"https:\/\/www.kyrioschms.com\/pt\/wp-json\/wp\/v2\/media?parent=724"}],"curies":[{"name":"wp","href":"https:\/\/api.w.org\/{rel}","templated":true}]}}