{"id":1198,"date":"2018-10-17T17:49:56","date_gmt":"2018-10-17T17:49:56","guid":{"rendered":"http:\/\/www.kyrioschms.com\/?post_type=product&#038;p=1198"},"modified":"2024-03-13T10:29:32","modified_gmt":"2024-03-13T10:29:32","slug":"curia","status":"publish","type":"product","link":"https:\/\/www.kyrioschms.com\/it\/product\/kyrios-curia-annuale\/","title":{"rendered":"Gestione della Curia"},"content":{"rendered":"","protected":false},"excerpt":{"rendered":"<p><strong>Il pi\u00f9 completo sistema di gestione della curia<\/strong><\/p>\n<ul class=\"features\">\n<li>Accessi illimitati<\/li>\n<li>Fascicoli individuali\/annuario<\/li>\n<li>Consiglio Economico<\/li>\n<li>estratti<\/li>\n<li>Procedure amministrative<\/li>\n<li>Battesimi<\/li>\n<li>matrimoni<\/li>\n<li>Appuntamenti<\/li>\n<li>Ministeri e Ordini<\/li>\n<li>Segreteria<\/li>\n<li>disposizioni<\/li>\n<li>Ricevute<\/li>\n<li>Supporto per gli utenti<\/li>\n<\/ul>","protected":false},"featured_media":8772,"template":"","meta":{"inline_featured_image":false,"jetpack_post_was_ever_published":true,"jetpack_publicize_message":"","jetpack_publicize_feature_enabled":true,"jetpack_social_post_already_shared":true,"jetpack_social_options":{"image_generator_settings":{"template":"highway","enabled":false},"version":2}},"product_brand":[],"product_cat":[312],"product_tag":[],"class_list":{"0":"post-1198","1":"product","2":"type-product","3":"status-publish","4":"has-post-thumbnail","6":"product_cat-kyrios-chms-curia","8":"first","9":"instock","10":"virtual","11":"sold-individually","12":"taxable","13":"purchasable","14":"product-type-simple"},"jetpack_publicize_connections":[],"yoast_head":"<!-- This site is optimized with the Yoast SEO plugin v24.8.1 - https:\/\/yoast.com\/wordpress\/plugins\/seo\/ -->\n<title>Gest\u00e3o C\u00faria &#8226; Kyrios ChMS - Software de Gest\u00e3o Cloud para a Igreja<\/title>\n<meta name=\"robots\" content=\"noindex, follow\" \/>\n<meta property=\"og:locale\" content=\"it_IT\" \/>\n<meta property=\"og:type\" content=\"article\" \/>\n<meta property=\"og:title\" content=\"Gest\u00e3o C\u00faria &#8226; Kyrios ChMS - Software de Gest\u00e3o Cloud para a Igreja\" \/>\n<meta property=\"og:description\" content=\"O sistema de gest\u00e3o de c\u00faria mais completo   Logins Ilimitados  Fichas individuais \/ anu\u00e1rio  Conselho Econ\u00f4mico  Extratos  Processos administrativos  Batismos  Matrim\u00f3nios  Nomea\u00e7\u00f5es  Minist\u00e9rios e Ordens  Secretariado  Provis\u00f5es  Recibos  Suporte ao utilizador\" \/>\n<meta property=\"og:url\" content=\"https:\/\/www.kyrioschms.com\/it\/product\/kyrios-curia-annuale\/\" \/>\n<meta property=\"og:site_name\" content=\"Kyrios ChMS - Software de Gest\u00e3o Cloud para a Igreja\" \/>\n<meta property=\"article:publisher\" content=\"https:\/\/www.facebook.com\/kyrioschms\/\" \/>\n<meta property=\"article:modified_time\" content=\"2024-03-13T10:29:32+00:00\" \/>\n<meta property=\"og:image\" content=\"https:\/\/www.kyrioschms.com\/wp-content\/uploads\/2020\/11\/banner_kyrios_v5.jpg\" \/>\n\t<meta property=\"og:image:width\" content=\"2560\" \/>\n\t<meta property=\"og:image:height\" content=\"1920\" \/>\n\t<meta property=\"og:image:type\" content=\"image\/jpeg\" \/>\n<meta name=\"twitter:card\" content=\"summary_large_image\" \/>\n<meta name=\"twitter:label1\" content=\"Tempo di lettura stimato\" \/>\n\t<meta name=\"twitter:data1\" content=\"1 minuto\" \/>\n<script type=\"application\/ld+json\" class=\"yoast-schema-graph\">{\"@context\":\"https:\/\/schema.org\",\"@graph\":[{\"@type\":\"WebPage\",\"@id\":\"https:\/\/www.kyrioschms.com\/product\/curia\/\",\"url\":\"https:\/\/www.kyrioschms.com\/product\/curia\/\",\"name\":\"Gest\u00e3o C\u00faria &#8226; Kyrios ChMS - Software de Gest\u00e3o Cloud para a Igreja\",\"isPartOf\":{\"@id\":\"https:\/\/www.kyrioschms.com\/#website\"},\"primaryImageOfPage\":{\"@id\":\"https:\/\/www.kyrioschms.com\/product\/curia\/#primaryimage\"},\"image\":{\"@id\":\"https:\/\/www.kyrioschms.com\/product\/curia\/#primaryimage\"},\"thumbnailUrl\":\"https:\/\/i0.wp.com\/www.kyrioschms.com\/wp-content\/uploads\/2020\/11\/banner_kyrios_v5.jpg?fit=2560%2C1920&ssl=1\",\"datePublished\":\"2018-10-17T17:49:56+00:00\",\"dateModified\":\"2024-03-13T10:29:32+00:00\",\"breadcrumb\":{\"@id\":\"https:\/\/www.kyrioschms.com\/product\/curia\/#breadcrumb\"},\"inLanguage\":\"it-IT\",\"potentialAction\":[{\"@type\":\"ReadAction\",\"target\":[\"https:\/\/www.kyrioschms.com\/product\/curia\/\"]}]},{\"@type\":\"ImageObject\",\"inLanguage\":\"it-IT\",\"@id\":\"https:\/\/www.kyrioschms.com\/product\/curia\/#primaryimage\",\"url\":\"https:\/\/i0.wp.com\/www.kyrioschms.com\/wp-content\/uploads\/2020\/11\/banner_kyrios_v5.jpg?fit=2560%2C1920&ssl=1\",\"contentUrl\":\"https:\/\/i0.wp.com\/www.kyrioschms.com\/wp-content\/uploads\/2020\/11\/banner_kyrios_v5.jpg?fit=2560%2C1920&ssl=1\",\"width\":2560,\"height\":1920},{\"@type\":\"BreadcrumbList\",\"@id\":\"https:\/\/www.kyrioschms.com\/product\/curia\/#breadcrumb\",\"itemListElement\":[{\"@type\":\"ListItem\",\"position\":1,\"name\":\"Home\",\"item\":\"https:\/\/www.kyrioschms.com\/en\/\"},{\"@type\":\"ListItem\",\"position\":2,\"name\":\"Loja\",\"item\":\"https:\/\/www.kyrioschms.com\/pt\/loja\/\"},{\"@type\":\"ListItem\",\"position\":3,\"name\":\"Gest\u00e3o C\u00faria\"}]},{\"@type\":\"WebSite\",\"@id\":\"https:\/\/www.kyrioschms.com\/#website\",\"url\":\"https:\/\/www.kyrioschms.com\/\",\"name\":\"Kyrios ChMS - Software de Gest\u00e3o Cloud para a Igreja\",\"description\":\"A solu\u00e7\u00e3o mais completa para a gest\u00e3o e comunica\u00e7\u00e3o da Igreja\",\"publisher\":{\"@id\":\"https:\/\/www.kyrioschms.com\/#organization\"},\"potentialAction\":[{\"@type\":\"SearchAction\",\"target\":{\"@type\":\"EntryPoint\",\"urlTemplate\":\"https:\/\/www.kyrioschms.com\/?s={search_term_string}\"},\"query-input\":{\"@type\":\"PropertyValueSpecification\",\"valueRequired\":true,\"valueName\":\"search_term_string\"}}],\"inLanguage\":\"it-IT\"},{\"@type\":\"Organization\",\"@id\":\"https:\/\/www.kyrioschms.com\/#organization\",\"name\":\"Kyrios ChMS\",\"url\":\"https:\/\/www.kyrioschms.com\/\",\"logo\":{\"@type\":\"ImageObject\",\"inLanguage\":\"it-IT\",\"@id\":\"https:\/\/www.kyrioschms.com\/#\/schema\/logo\/image\/\",\"url\":\"https:\/\/i1.wp.com\/www.kyrioschms.com\/wp-content\/uploads\/2018\/04\/kyrios_chms_logo_azulpkt_hd.png?fit=510%2C190&ssl=1\",\"contentUrl\":\"https:\/\/i1.wp.com\/www.kyrioschms.com\/wp-content\/uploads\/2018\/04\/kyrios_chms_logo_azulpkt_hd.png?fit=510%2C190&ssl=1\",\"width\":510,\"height\":190,\"caption\":\"Kyrios ChMS\"},\"image\":{\"@id\":\"https:\/\/www.kyrioschms.com\/#\/schema\/logo\/image\/\"},\"sameAs\":[\"https:\/\/www.facebook.com\/kyrioschms\/\",\"https:\/\/www.instagram.com\/kyrioschms\/\",\"https:\/\/www.linkedin.com\/showcase\/kyrios\/\",\"https:\/\/www.youtube.com\/channel\/UC1GRlmM_rtlhm1widYExwkg\"]}]}<\/script>\n<!-- \/ Yoast SEO plugin. -->","yoast_head_json":{"title":"Gest\u00e3o C\u00faria &#8226; Kyrios ChMS - Software de Gest\u00e3o Cloud para a Igreja","robots":{"index":"noindex","follow":"follow"},"og_locale":"it_IT","og_type":"article","og_title":"Gest\u00e3o C\u00faria &#8226; Kyrios ChMS - Software de Gest\u00e3o Cloud para a Igreja","og_description":"O sistema de gest\u00e3o de c\u00faria mais completo   Logins Ilimitados  Fichas individuais \/ anu\u00e1rio  Conselho Econ\u00f4mico  Extratos  Processos administrativos  Batismos  Matrim\u00f3nios  Nomea\u00e7\u00f5es  Minist\u00e9rios e Ordens  Secretariado  Provis\u00f5es  Recibos  Suporte ao utilizador","og_url":"https:\/\/www.kyrioschms.com\/it\/product\/kyrios-curia-annuale\/","og_site_name":"Kyrios ChMS - Software de Gest\u00e3o Cloud para a Igreja","article_publisher":"https:\/\/www.facebook.com\/kyrioschms\/","article_modified_time":"2024-03-13T10:29:32+00:00","og_image":[{"width":2560,"height":1920,"url":"https:\/\/www.kyrioschms.com\/wp-content\/uploads\/2020\/11\/banner_kyrios_v5.jpg","type":"image\/jpeg"}],"twitter_card":"summary_large_image","twitter_misc":{"Tempo di lettura stimato":"1 minuto"},"schema":{"@context":"https:\/\/schema.org","@graph":[{"@type":"WebPage","@id":"https:\/\/www.kyrioschms.com\/product\/curia\/","url":"https:\/\/www.kyrioschms.com\/product\/curia\/","name":"Gest\u00e3o C\u00faria &#8226; Kyrios ChMS - Software de Gest\u00e3o Cloud para a Igreja","isPartOf":{"@id":"https:\/\/www.kyrioschms.com\/#website"},"primaryImageOfPage":{"@id":"https:\/\/www.kyrioschms.com\/product\/curia\/#primaryimage"},"image":{"@id":"https:\/\/www.kyrioschms.com\/product\/curia\/#primaryimage"},"thumbnailUrl":"https:\/\/i0.wp.com\/www.kyrioschms.com\/wp-content\/uploads\/2020\/11\/banner_kyrios_v5.jpg?fit=2560%2C1920&ssl=1","datePublished":"2018-10-17T17:49:56+00:00","dateModified":"2024-03-13T10:29:32+00:00","breadcrumb":{"@id":"https:\/\/www.kyrioschms.com\/product\/curia\/#breadcrumb"},"inLanguage":"it-IT","potentialAction":[{"@type":"ReadAction","target":["https:\/\/www.kyrioschms.com\/product\/curia\/"]}]},{"@type":"ImageObject","inLanguage":"it-IT","@id":"https:\/\/www.kyrioschms.com\/product\/curia\/#primaryimage","url":"https:\/\/i0.wp.com\/www.kyrioschms.com\/wp-content\/uploads\/2020\/11\/banner_kyrios_v5.jpg?fit=2560%2C1920&ssl=1","contentUrl":"https:\/\/i0.wp.com\/www.kyrioschms.com\/wp-content\/uploads\/2020\/11\/banner_kyrios_v5.jpg?fit=2560%2C1920&ssl=1","width":2560,"height":1920},{"@type":"BreadcrumbList","@id":"https:\/\/www.kyrioschms.com\/product\/curia\/#breadcrumb","itemListElement":[{"@type":"ListItem","position":1,"name":"Home","item":"https:\/\/www.kyrioschms.com\/en\/"},{"@type":"ListItem","position":2,"name":"Loja","item":"https:\/\/www.kyrioschms.com\/pt\/loja\/"},{"@type":"ListItem","position":3,"name":"Gest\u00e3o C\u00faria"}]},{"@type":"WebSite","@id":"https:\/\/www.kyrioschms.com\/#website","url":"https:\/\/www.kyrioschms.com\/","name":"Kyrios ChMS - Software de Gest\u00e3o Cloud para a Igreja","description":"A solu\u00e7\u00e3o mais completa para a gest\u00e3o e comunica\u00e7\u00e3o da Igreja","publisher":{"@id":"https:\/\/www.kyrioschms.com\/#organization"},"potentialAction":[{"@type":"SearchAction","target":{"@type":"EntryPoint","urlTemplate":"https:\/\/www.kyrioschms.com\/?s={search_term_string}"},"query-input":{"@type":"PropertyValueSpecification","valueRequired":true,"valueName":"search_term_string"}}],"inLanguage":"it-IT"},{"@type":"Organization","@id":"https:\/\/www.kyrioschms.com\/#organization","name":"Kyrios ChMS","url":"https:\/\/www.kyrioschms.com\/","logo":{"@type":"ImageObject","inLanguage":"it-IT","@id":"https:\/\/www.kyrioschms.com\/#\/schema\/logo\/image\/","url":"https:\/\/i1.wp.com\/www.kyrioschms.com\/wp-content\/uploads\/2018\/04\/kyrios_chms_logo_azulpkt_hd.png?fit=510%2C190&ssl=1","contentUrl":"https:\/\/i1.wp.com\/www.kyrioschms.com\/wp-content\/uploads\/2018\/04\/kyrios_chms_logo_azulpkt_hd.png?fit=510%2C190&ssl=1","width":510,"height":190,"caption":"Kyrios ChMS"},"image":{"@id":"https:\/\/www.kyrioschms.com\/#\/schema\/logo\/image\/"},"sameAs":["https:\/\/www.facebook.com\/kyrioschms\/","https:\/\/www.instagram.com\/kyrioschms\/","https:\/\/www.linkedin.com\/showcase\/kyrios\/","https:\/\/www.youtube.com\/channel\/UC1GRlmM_rtlhm1widYExwkg"]}]}},"jetpack_sharing_enabled":true,"_links":{"self":[{"href":"https:\/\/www.kyrioschms.com\/it\/wp-json\/wp\/v2\/product\/1198","targetHints":{"allow":["GET"]}}],"collection":[{"href":"https:\/\/www.kyrioschms.com\/it\/wp-json\/wp\/v2\/product"}],"about":[{"href":"https:\/\/www.kyrioschms.com\/it\/wp-json\/wp\/v2\/types\/product"}],"version-history":[{"count":0,"href":"https:\/\/www.kyrioschms.com\/it\/wp-json\/wp\/v2\/product\/1198\/revisions"}],"wp:featuredmedia":[{"embeddable":true,"href":"https:\/\/www.kyrioschms.com\/it\/wp-json\/wp\/v2\/media\/8772"}],"wp:attachment":[{"href":"https:\/\/www.kyrioschms.com\/it\/wp-json\/wp\/v2\/media?parent=1198"}],"wp:term":[{"taxonomy":"product_brand","embeddable":true,"href":"https:\/\/www.kyrioschms.com\/it\/wp-json\/wp\/v2\/product_brand?post=1198"},{"taxonomy":"product_cat","embeddable":true,"href":"https:\/\/www.kyrioschms.com\/it\/wp-json\/wp\/v2\/product_cat?post=1198"},{"taxonomy":"product_tag","embeddable":true,"href":"https:\/\/www.kyrioschms.com\/it\/wp-json\/wp\/v2\/product_tag?post=1198"}],"curies":[{"name":"wp","href":"https:\/\/api.w.org\/{rel}","templated":true}]}}