{"id":9245,"date":"2020-11-29T16:35:06","date_gmt":"2020-11-29T16:35:06","guid":{"rendered":"http:\/\/www.kyrioschms.com\/?page_id=9245"},"modified":"2020-11-29T16:49:59","modified_gmt":"2020-11-29T16:49:59","slug":"o-que-e-o-kyrios-e-como-funciona","status":"publish","type":"page","link":"https:\/\/www.kyrioschms.com\/it\/cosa-e-il-kyrios-e-come-funziona\/","title":{"rendered":"Cos&#039;\u00e8 Kyrios e come funziona?"},"content":{"rendered":"<div data-elementor-type=\"wp-page\" data-elementor-id=\"9245\" class=\"elementor elementor-9245\" data-elementor-post-type=\"page\">\n\t\t\t\t\t\t<section class=\"elementor-section elementor-top-section elementor-element elementor-element-5fcdf376 elementor-section-content-middle elementor-section-boxed elementor-section-height-default elementor-section-height-default\" data-id=\"5fcdf376\" data-element_type=\"section\">\n\t\t\t\t\t\t<div class=\"elementor-container elementor-column-gap-no\">\n\t\t\t\t\t<div class=\"elementor-column elementor-col-50 elementor-top-column elementor-element elementor-element-49129f15\" data-id=\"49129f15\" data-element_type=\"column\">\n\t\t\t<div class=\"elementor-widget-wrap elementor-element-populated\">\n\t\t\t\t\t\t<div class=\"elementor-element elementor-element-45e9e6e5 elementor-widget elementor-widget-heading\" data-id=\"45e9e6e5\" data-element_type=\"widget\" data-widget_type=\"heading.default\">\n\t\t\t\t<div class=\"elementor-widget-container\">\n\t\t\t\t\t<h4 class=\"elementor-heading-title elementor-size-default\">Cos&#039;\u00e8 Kyrios e come funziona?<\/h4>\t\t\t\t<\/div>\n\t\t\t\t<\/div>\n\t\t\t\t<div class=\"elementor-element elementor-element-7a1dafd0 elementor-widget elementor-widget-text-editor\" data-id=\"7a1dafd0\" data-element_type=\"widget\" data-widget_type=\"text-editor.default\">\n\t\t\t\t<div class=\"elementor-widget-container\">\n\t\t\t\t\t\t\t\t\t<p>IL\u00a0<strong>Kyrios ChMS \u00e8<\/strong>\u00a0la migliore soluzione per la gestione della Chiesa, con l&#039;obiettivo di rispondere ai bisogni specifici di tutte le istituzioni che fanno parte dell&#039;ecosistema della Chiesa (Diocesi, Commissioni, Dipartimenti, Parrocchie, Movimenti, Fraternit\u00e0, ...) in termini di interni e comunicazione esterna e anche in termini di gestione dei processi.<\/p><p>Progettato e sviluppato per essere utilizzato da qualsiasi istituzione, da una diocesi a un piccolo gruppo di giovani.<\/p><p>Con una dimensione globale e capace di interconnettere l&#039;intera comunit\u00e0 dell&#039;ecosistema della Chiesa.<\/p>\t\t\t\t\t\t\t\t<\/div>\n\t\t\t\t<\/div>\n\t\t\t\t\t<\/div>\n\t\t<\/div>\n\t\t\t\t<div class=\"elementor-column elementor-col-50 elementor-top-column elementor-element elementor-element-3484b91b\" data-id=\"3484b91b\" data-element_type=\"column\">\n\t\t\t<div class=\"elementor-widget-wrap elementor-element-populated\">\n\t\t\t\t\t\t<div class=\"elementor-element elementor-element-9515757 elementor-widget elementor-widget-image\" data-id=\"9515757\" data-element_type=\"widget\" data-widget_type=\"image.default\">\n\t\t\t\t<div class=\"elementor-widget-container\">\n\t\t\t\t\t\t\t\t\t\t\t\t\t\t\t<img fetchpriority=\"high\" decoding=\"async\" width=\"800\" height=\"600\" src=\"https:\/\/i0.wp.com\/www.kyrioschms.com\/wp-content\/uploads\/2020\/11\/banner_kyrios_v5.jpg?fit=800%2C600&amp;ssl=1\" class=\"attachment-large size-large wp-image-8772\" alt=\"\" srcset=\"\/\/i0.wp.com\/www.kyrioschms.com\/wp-content\/uploads\/2020\/11\/banner_kyrios_v5.jpg?w=2560&amp;ssl=1 2560w, \/\/i0.wp.com\/www.kyrioschms.com\/wp-content\/uploads\/2020\/11\/banner_kyrios_v5.jpg?resize=300%2C225&amp;ssl=1 300w, \/\/i0.wp.com\/www.kyrioschms.com\/wp-content\/uploads\/2020\/11\/banner_kyrios_v5.jpg?resize=1024%2C768&amp;ssl=1 1024w, \/\/i0.wp.com\/www.kyrioschms.com\/wp-content\/uploads\/2020\/11\/banner_kyrios_v5.jpg?resize=768%2C576&amp;ssl=1 768w, \/\/i0.wp.com\/www.kyrioschms.com\/wp-content\/uploads\/2020\/11\/banner_kyrios_v5.jpg?resize=1536%2C1152&amp;ssl=1 1536w, \/\/i0.wp.com\/www.kyrioschms.com\/wp-content\/uploads\/2020\/11\/banner_kyrios_v5.jpg?resize=2048%2C1536&amp;ssl=1 2048w, \/\/i0.wp.com\/www.kyrioschms.com\/wp-content\/uploads\/2020\/11\/banner_kyrios_v5.jpg?resize=16%2C12&amp;ssl=1 16w, \/\/i0.wp.com\/www.kyrioschms.com\/wp-content\/uploads\/2020\/11\/banner_kyrios_v5.jpg?resize=600%2C450&amp;ssl=1 600w, \/\/i0.wp.com\/www.kyrioschms.com\/wp-content\/uploads\/2020\/11\/banner_kyrios_v5.jpg?w=1600&amp;ssl=1 1600w, \/\/i0.wp.com\/www.kyrioschms.com\/wp-content\/uploads\/2020\/11\/banner_kyrios_v5.jpg?w=2400&amp;ssl=1 2400w\" sizes=\"(max-width: 800px) 100vw, 800px\" \/>\t\t\t\t\t\t\t\t\t\t\t\t\t\t\t<\/div>\n\t\t\t\t<\/div>\n\t\t\t\t\t<\/div>\n\t\t<\/div>\n\t\t\t\t\t<\/div>\n\t\t<\/section>\n\t\t\t\t<section class=\"elementor-section elementor-top-section elementor-element elementor-element-ec53c42 elementor-section-content-middle elementor-section-boxed elementor-section-height-default elementor-section-height-default\" data-id=\"ec53c42\" data-element_type=\"section\">\n\t\t\t\t\t\t<div class=\"elementor-container elementor-column-gap-no\">\n\t\t\t\t\t<div class=\"elementor-column elementor-col-100 elementor-top-column elementor-element elementor-element-830def9\" data-id=\"830def9\" data-element_type=\"column\">\n\t\t\t<div class=\"elementor-widget-wrap elementor-element-populated\">\n\t\t\t\t\t\t<div class=\"elementor-element elementor-element-f7e8193 elementor-widget elementor-widget-heading\" data-id=\"f7e8193\" data-element_type=\"widget\" data-widget_type=\"heading.default\">\n\t\t\t\t<div class=\"elementor-widget-container\">\n\t\t\t\t\t<h4 class=\"elementor-heading-title elementor-size-default\">Come funziona?<\/h4>\t\t\t\t<\/div>\n\t\t\t\t<\/div>\n\t\t\t\t<div class=\"elementor-element elementor-element-57d1544 elementor-widget elementor-widget-text-editor\" data-id=\"57d1544\" data-element_type=\"widget\" data-widget_type=\"text-editor.default\">\n\t\t\t\t<div class=\"elementor-widget-container\">\n\t\t\t\t\t\t\t\t\t<div id=\"main-content\" class=\"wiki-content\"><p>Kyrios ChMS, \u00e8 uno strumento di lavoro che funziona nel cloud.\u00a0<\/p><p>Per poter accedere, \u00e8 necessario disporre di un account di accesso. Per ottenere un account di accesso, devi prima avere accesso a un abbonamento, se non hai accesso puoi iscriverti a un abbonamento\u00a0<a class=\"external-link\" href=\"https:\/\/www.kyrioschms.com\/it\/negozio\/\" rel=\"nofollow\">qui<\/a>.\u00a0<\/p><p>Se la tua istituzione, parrocchia, gruppo, ..., ha gi\u00e0 accesso a un abbonamento, l&#039;amministratore dell&#039;abbonamento pu\u00f2 creare pi\u00f9 accesso, per questo\u00a0<a href=\"https:\/\/support.kyrioschms.com\/docs\/adicionar-um-novo-utilizador-a-subscricao\/\" target=\"_blank\" rel=\"noopener\">qui<\/a>\u00a0come si fa.<\/p><p>Dopo aver effettuato il login, puoi accedere a Kyrios tramite l&#039;indirizzo:\u00a0<a class=\"external-link\" href=\"https:\/\/portal.kyrioscloud.com\/\" target=\"_blank\" rel=\"nofollow noopener\">https:\/\/portal.kyrioscloud.com\/<\/a><\/p><p>Kyrios ti consente di avere molte funzionalit\u00e0 in aree diverse, ma tutta la gestione \u00e8 centralizzata nello stesso luogo, richiedendo un solo strumento e non n strumenti per la gestione quotidiana.\u00a0<\/p><\/div>\t\t\t\t\t\t\t\t<\/div>\n\t\t\t\t<\/div>\n\t\t\t\t\t<\/div>\n\t\t<\/div>\n\t\t\t\t\t<\/div>\n\t\t<\/section>\n\t\t\t\t<\/div>","protected":false},"excerpt":{"rendered":"<p>Cos&#039;\u00e8 Kyrios e come funziona? Kyrios ChMS \u00e8 la migliore soluzione per la gestione della Chiesa, che mira a rispondere alle esigenze specifiche di tutte le istituzioni che fanno parte dell&#039;ecosistema della Chiesa (Diocesi, Commissioni, Dicasteri, Parrocchie, Movimenti, Fraternit\u00e0, \u2026) in termini di comunicazione interna ed esterna e anche in termini [\u2026]<\/p>","protected":false},"author":1,"featured_media":0,"parent":0,"menu_order":0,"comment_status":"closed","ping_status":"closed","template":"","meta":{"inline_featured_image":false,"jetpack_post_was_ever_published":false,"footnotes":""},"class_list":["post-9245","page","type-page","status-publish","hentry"],"yoast_head":"<!-- This site is optimized with the Yoast SEO plugin v24.8.1 - https:\/\/yoast.com\/wordpress\/plugins\/seo\/ -->\n<title>O que \u00e9 o Kyrios e como funciona? &#8226; Kyrios ChMS - Software de Gest\u00e3o Cloud para a Igreja<\/title>\n<meta name=\"robots\" content=\"index, follow, max-snippet:-1, max-image-preview:large, max-video-preview:-1\" \/>\n<link rel=\"canonical\" href=\"https:\/\/www.kyrioschms.com\/it\/cosa-e-il-kyrios-e-come-funziona\/\" \/>\n<meta property=\"og:locale\" content=\"it_IT\" \/>\n<meta property=\"og:type\" content=\"article\" \/>\n<meta property=\"og:title\" content=\"O que \u00e9 o Kyrios e como funciona? &#8226; Kyrios ChMS - Software de Gest\u00e3o Cloud para a Igreja\" \/>\n<meta property=\"og:description\" content=\"O que \u00e9 o Kyrios e como funciona? O\u00a0Kyrios ChMS \u00e9\u00a0a melhor solu\u00e7\u00e3o para a gest\u00e3o da Igreja, com o objectivo de responder \u00e0s necessidades espec\u00edficas de todas as institui\u00e7\u00f5es que fazem parte do ecossistema da Igreja (Dioceses, Comiss\u00f5es, Departamentos, Par\u00f3quias, Movimentos, Fraternidades, &#8230;) em termos de comunica\u00e7\u00e3o interna e externa e tamb\u00e9m em termos [&hellip;]\" \/>\n<meta property=\"og:url\" content=\"https:\/\/www.kyrioschms.com\/it\/cosa-e-il-kyrios-e-come-funziona\/\" \/>\n<meta property=\"og:site_name\" content=\"Kyrios ChMS - Software de Gest\u00e3o Cloud para a Igreja\" \/>\n<meta property=\"article:publisher\" content=\"https:\/\/www.facebook.com\/kyrioschms\/\" \/>\n<meta property=\"article:modified_time\" content=\"2020-11-29T16:49:59+00:00\" \/>\n<meta property=\"og:image\" content=\"https:\/\/www.kyrioschms.com\/wp-content\/uploads\/2020\/11\/banner_kyrios_v5-1024x768.jpg\" \/>\n<meta name=\"twitter:card\" content=\"summary_large_image\" \/>\n<meta name=\"twitter:label1\" content=\"Tempo di lettura stimato\" \/>\n\t<meta name=\"twitter:data1\" content=\"1 minuto\" \/>\n<script type=\"application\/ld+json\" class=\"yoast-schema-graph\">{\"@context\":\"https:\/\/schema.org\",\"@graph\":[{\"@type\":\"WebPage\",\"@id\":\"https:\/\/www.kyrioschms.com\/pt\/o-que-e-o-kyrios-e-como-funciona\/\",\"url\":\"https:\/\/www.kyrioschms.com\/pt\/o-que-e-o-kyrios-e-como-funciona\/\",\"name\":\"O que \u00e9 o Kyrios e como funciona? &#8226; Kyrios ChMS - Software de Gest\u00e3o Cloud para a Igreja\",\"isPartOf\":{\"@id\":\"https:\/\/www.kyrioschms.com\/#website\"},\"primaryImageOfPage\":{\"@id\":\"https:\/\/www.kyrioschms.com\/pt\/o-que-e-o-kyrios-e-como-funciona\/#primaryimage\"},\"image\":{\"@id\":\"https:\/\/www.kyrioschms.com\/pt\/o-que-e-o-kyrios-e-como-funciona\/#primaryimage\"},\"thumbnailUrl\":\"https:\/\/www.kyrioschms.com\/wp-content\/uploads\/2020\/11\/banner_kyrios_v5-1024x768.jpg\",\"datePublished\":\"2020-11-29T16:35:06+00:00\",\"dateModified\":\"2020-11-29T16:49:59+00:00\",\"breadcrumb\":{\"@id\":\"https:\/\/www.kyrioschms.com\/pt\/o-que-e-o-kyrios-e-como-funciona\/#breadcrumb\"},\"inLanguage\":\"it-IT\",\"potentialAction\":[{\"@type\":\"ReadAction\",\"target\":[\"https:\/\/www.kyrioschms.com\/pt\/o-que-e-o-kyrios-e-como-funciona\/\"]}]},{\"@type\":\"ImageObject\",\"inLanguage\":\"it-IT\",\"@id\":\"https:\/\/www.kyrioschms.com\/pt\/o-que-e-o-kyrios-e-como-funciona\/#primaryimage\",\"url\":\"https:\/\/www.kyrioschms.com\/wp-content\/uploads\/2020\/11\/banner_kyrios_v5-1024x768.jpg\",\"contentUrl\":\"https:\/\/www.kyrioschms.com\/wp-content\/uploads\/2020\/11\/banner_kyrios_v5-1024x768.jpg\"},{\"@type\":\"BreadcrumbList\",\"@id\":\"https:\/\/www.kyrioschms.com\/pt\/o-que-e-o-kyrios-e-como-funciona\/#breadcrumb\",\"itemListElement\":[{\"@type\":\"ListItem\",\"position\":1,\"name\":\"Home\",\"item\":\"https:\/\/www.kyrioschms.com\/en\/\"},{\"@type\":\"ListItem\",\"position\":2,\"name\":\"O que \u00e9 o Kyrios e como funciona?\"}]},{\"@type\":\"WebSite\",\"@id\":\"https:\/\/www.kyrioschms.com\/#website\",\"url\":\"https:\/\/www.kyrioschms.com\/\",\"name\":\"Kyrios ChMS - Software de Gest\u00e3o Cloud para a Igreja\",\"description\":\"A solu\u00e7\u00e3o mais completa para a gest\u00e3o e comunica\u00e7\u00e3o da Igreja\",\"publisher\":{\"@id\":\"https:\/\/www.kyrioschms.com\/#organization\"},\"potentialAction\":[{\"@type\":\"SearchAction\",\"target\":{\"@type\":\"EntryPoint\",\"urlTemplate\":\"https:\/\/www.kyrioschms.com\/?s={search_term_string}\"},\"query-input\":{\"@type\":\"PropertyValueSpecification\",\"valueRequired\":true,\"valueName\":\"search_term_string\"}}],\"inLanguage\":\"it-IT\"},{\"@type\":\"Organization\",\"@id\":\"https:\/\/www.kyrioschms.com\/#organization\",\"name\":\"Kyrios ChMS\",\"url\":\"https:\/\/www.kyrioschms.com\/\",\"logo\":{\"@type\":\"ImageObject\",\"inLanguage\":\"it-IT\",\"@id\":\"https:\/\/www.kyrioschms.com\/#\/schema\/logo\/image\/\",\"url\":\"https:\/\/i1.wp.com\/www.kyrioschms.com\/wp-content\/uploads\/2018\/04\/kyrios_chms_logo_azulpkt_hd.png?fit=510%2C190&ssl=1\",\"contentUrl\":\"https:\/\/i1.wp.com\/www.kyrioschms.com\/wp-content\/uploads\/2018\/04\/kyrios_chms_logo_azulpkt_hd.png?fit=510%2C190&ssl=1\",\"width\":510,\"height\":190,\"caption\":\"Kyrios ChMS\"},\"image\":{\"@id\":\"https:\/\/www.kyrioschms.com\/#\/schema\/logo\/image\/\"},\"sameAs\":[\"https:\/\/www.facebook.com\/kyrioschms\/\",\"https:\/\/www.instagram.com\/kyrioschms\/\",\"https:\/\/www.linkedin.com\/showcase\/kyrios\/\",\"https:\/\/www.youtube.com\/channel\/UC1GRlmM_rtlhm1widYExwkg\"]}]}<\/script>\n<!-- \/ Yoast SEO plugin. -->","yoast_head_json":{"title":"O que \u00e9 o Kyrios e como funciona? &#8226; Kyrios ChMS - Software de Gest\u00e3o Cloud para a Igreja","robots":{"index":"index","follow":"follow","max-snippet":"max-snippet:-1","max-image-preview":"max-image-preview:large","max-video-preview":"max-video-preview:-1"},"canonical":"https:\/\/www.kyrioschms.com\/it\/cosa-e-il-kyrios-e-come-funziona\/","og_locale":"it_IT","og_type":"article","og_title":"O que \u00e9 o Kyrios e como funciona? &#8226; Kyrios ChMS - Software de Gest\u00e3o Cloud para a Igreja","og_description":"O que \u00e9 o Kyrios e como funciona? O\u00a0Kyrios ChMS \u00e9\u00a0a melhor solu\u00e7\u00e3o para a gest\u00e3o da Igreja, com o objectivo de responder \u00e0s necessidades espec\u00edficas de todas as institui\u00e7\u00f5es que fazem parte do ecossistema da Igreja (Dioceses, Comiss\u00f5es, Departamentos, Par\u00f3quias, Movimentos, Fraternidades, &#8230;) em termos de comunica\u00e7\u00e3o interna e externa e tamb\u00e9m em termos [&hellip;]","og_url":"https:\/\/www.kyrioschms.com\/it\/cosa-e-il-kyrios-e-come-funziona\/","og_site_name":"Kyrios ChMS - Software de Gest\u00e3o Cloud para a Igreja","article_publisher":"https:\/\/www.facebook.com\/kyrioschms\/","article_modified_time":"2020-11-29T16:49:59+00:00","og_image":[{"url":"https:\/\/www.kyrioschms.com\/wp-content\/uploads\/2020\/11\/banner_kyrios_v5-1024x768.jpg","type":"","width":"","height":""}],"twitter_card":"summary_large_image","twitter_misc":{"Tempo di lettura stimato":"1 minuto"},"schema":{"@context":"https:\/\/schema.org","@graph":[{"@type":"WebPage","@id":"https:\/\/www.kyrioschms.com\/pt\/o-que-e-o-kyrios-e-como-funciona\/","url":"https:\/\/www.kyrioschms.com\/pt\/o-que-e-o-kyrios-e-como-funciona\/","name":"O que \u00e9 o Kyrios e como funciona? &#8226; Kyrios ChMS - Software de Gest\u00e3o Cloud para a Igreja","isPartOf":{"@id":"https:\/\/www.kyrioschms.com\/#website"},"primaryImageOfPage":{"@id":"https:\/\/www.kyrioschms.com\/pt\/o-que-e-o-kyrios-e-como-funciona\/#primaryimage"},"image":{"@id":"https:\/\/www.kyrioschms.com\/pt\/o-que-e-o-kyrios-e-como-funciona\/#primaryimage"},"thumbnailUrl":"https:\/\/www.kyrioschms.com\/wp-content\/uploads\/2020\/11\/banner_kyrios_v5-1024x768.jpg","datePublished":"2020-11-29T16:35:06+00:00","dateModified":"2020-11-29T16:49:59+00:00","breadcrumb":{"@id":"https:\/\/www.kyrioschms.com\/pt\/o-que-e-o-kyrios-e-como-funciona\/#breadcrumb"},"inLanguage":"it-IT","potentialAction":[{"@type":"ReadAction","target":["https:\/\/www.kyrioschms.com\/pt\/o-que-e-o-kyrios-e-como-funciona\/"]}]},{"@type":"ImageObject","inLanguage":"it-IT","@id":"https:\/\/www.kyrioschms.com\/pt\/o-que-e-o-kyrios-e-como-funciona\/#primaryimage","url":"https:\/\/www.kyrioschms.com\/wp-content\/uploads\/2020\/11\/banner_kyrios_v5-1024x768.jpg","contentUrl":"https:\/\/www.kyrioschms.com\/wp-content\/uploads\/2020\/11\/banner_kyrios_v5-1024x768.jpg"},{"@type":"BreadcrumbList","@id":"https:\/\/www.kyrioschms.com\/pt\/o-que-e-o-kyrios-e-como-funciona\/#breadcrumb","itemListElement":[{"@type":"ListItem","position":1,"name":"Home","item":"https:\/\/www.kyrioschms.com\/en\/"},{"@type":"ListItem","position":2,"name":"O que \u00e9 o Kyrios e como funciona?"}]},{"@type":"WebSite","@id":"https:\/\/www.kyrioschms.com\/#website","url":"https:\/\/www.kyrioschms.com\/","name":"Kyrios ChMS - Software de Gest\u00e3o Cloud para a Igreja","description":"A solu\u00e7\u00e3o mais completa para a gest\u00e3o e comunica\u00e7\u00e3o da Igreja","publisher":{"@id":"https:\/\/www.kyrioschms.com\/#organization"},"potentialAction":[{"@type":"SearchAction","target":{"@type":"EntryPoint","urlTemplate":"https:\/\/www.kyrioschms.com\/?s={search_term_string}"},"query-input":{"@type":"PropertyValueSpecification","valueRequired":true,"valueName":"search_term_string"}}],"inLanguage":"it-IT"},{"@type":"Organization","@id":"https:\/\/www.kyrioschms.com\/#organization","name":"Kyrios ChMS","url":"https:\/\/www.kyrioschms.com\/","logo":{"@type":"ImageObject","inLanguage":"it-IT","@id":"https:\/\/www.kyrioschms.com\/#\/schema\/logo\/image\/","url":"https:\/\/i1.wp.com\/www.kyrioschms.com\/wp-content\/uploads\/2018\/04\/kyrios_chms_logo_azulpkt_hd.png?fit=510%2C190&ssl=1","contentUrl":"https:\/\/i1.wp.com\/www.kyrioschms.com\/wp-content\/uploads\/2018\/04\/kyrios_chms_logo_azulpkt_hd.png?fit=510%2C190&ssl=1","width":510,"height":190,"caption":"Kyrios ChMS"},"image":{"@id":"https:\/\/www.kyrioschms.com\/#\/schema\/logo\/image\/"},"sameAs":["https:\/\/www.facebook.com\/kyrioschms\/","https:\/\/www.instagram.com\/kyrioschms\/","https:\/\/www.linkedin.com\/showcase\/kyrios\/","https:\/\/www.youtube.com\/channel\/UC1GRlmM_rtlhm1widYExwkg"]}]}},"jetpack_sharing_enabled":true,"jetpack_shortlink":"https:\/\/wp.me\/P9TNmE-2p7","_links":{"self":[{"href":"https:\/\/www.kyrioschms.com\/it\/wp-json\/wp\/v2\/pages\/9245","targetHints":{"allow":["GET"]}}],"collection":[{"href":"https:\/\/www.kyrioschms.com\/it\/wp-json\/wp\/v2\/pages"}],"about":[{"href":"https:\/\/www.kyrioschms.com\/it\/wp-json\/wp\/v2\/types\/page"}],"author":[{"embeddable":true,"href":"https:\/\/www.kyrioschms.com\/it\/wp-json\/wp\/v2\/users\/1"}],"replies":[{"embeddable":true,"href":"https:\/\/www.kyrioschms.com\/it\/wp-json\/wp\/v2\/comments?post=9245"}],"version-history":[{"count":0,"href":"https:\/\/www.kyrioschms.com\/it\/wp-json\/wp\/v2\/pages\/9245\/revisions"}],"wp:attachment":[{"href":"https:\/\/www.kyrioschms.com\/it\/wp-json\/wp\/v2\/media?parent=9245"}],"curies":[{"name":"wp","href":"https:\/\/api.w.org\/{rel}","templated":true}]}}