{"id":805,"date":"2018-05-23T21:43:47","date_gmt":"2018-05-23T21:43:47","guid":{"rendered":"http:\/\/www.kyrioschms.com\/?page_id=805"},"modified":"2020-12-01T15:27:10","modified_gmt":"2020-12-01T15:27:10","slug":"politica-de-privacidade","status":"publish","type":"page","link":"https:\/\/www.kyrioschms.com\/it\/politica-sulla-riservatezza\/","title":{"rendered":"Politica sulla riservatezza"},"content":{"rendered":"<div data-elementor-type=\"wp-post\" data-elementor-id=\"805\" class=\"elementor elementor-805\" data-elementor-post-type=\"page\">\n\t\t\t\t\t\t<section class=\"elementor-section elementor-top-section elementor-element elementor-element-18d3742f elementor-section-boxed elementor-section-height-default elementor-section-height-default\" data-id=\"18d3742f\" data-element_type=\"section\" data-settings=\"{&quot;background_background&quot;:&quot;classic&quot;}\">\n\t\t\t\t\t\t<div class=\"elementor-container elementor-column-gap-wider\">\n\t\t\t\t\t<div class=\"elementor-column elementor-col-100 elementor-top-column elementor-element elementor-element-2036eccc\" data-id=\"2036eccc\" data-element_type=\"column\">\n\t\t\t<div class=\"elementor-widget-wrap elementor-element-populated\">\n\t\t\t\t\t\t<div class=\"elementor-element elementor-element-3762cabd elementor-widget elementor-widget-heading\" data-id=\"3762cabd\" data-element_type=\"widget\" data-widget_type=\"heading.default\">\n\t\t\t\t<div class=\"elementor-widget-container\">\n\t\t\t\t\t<h2 class=\"elementor-heading-title elementor-size-default\">politica sulla riservatezza<\/h2>\t\t\t\t<\/div>\n\t\t\t\t<\/div>\n\t\t\t\t\t<\/div>\n\t\t<\/div>\n\t\t\t\t\t<\/div>\n\t\t<\/section>\n\t\t\t\t<section class=\"elementor-section elementor-top-section elementor-element elementor-element-361bd5fa elementor-section-boxed elementor-section-height-default elementor-section-height-default\" data-id=\"361bd5fa\" data-element_type=\"section\">\n\t\t\t\t\t\t<div class=\"elementor-container elementor-column-gap-default\">\n\t\t\t\t\t<div class=\"elementor-column elementor-col-100 elementor-top-column elementor-element elementor-element-459a538c\" data-id=\"459a538c\" data-element_type=\"column\">\n\t\t\t<div class=\"elementor-widget-wrap elementor-element-populated\">\n\t\t\t\t\t\t<div class=\"elementor-element elementor-element-36e52eac elementor-widget elementor-widget-text-editor\" data-id=\"36e52eac\" data-element_type=\"widget\" data-widget_type=\"text-editor.default\">\n\t\t\t\t<div class=\"elementor-widget-container\">\n\t\t\t\t\t\t\t\t\tPeakIT, Lda, persona giuridica n\u00ba 507470370, con sede in Rua Aquilino Sim\u00f5es Machado, 2, 2nd back, 4715-595 Braga, di seguito PeakIT, procede alla raccolta e al trattamento dei dati personali dei suoi Clienti, quali:\r\n<ul>\r\n \t<li>Nome<\/li>\r\n \t<li>indirizzo<\/li>\r\n \t<li>Numero di identificazione fiscale<\/li>\r\n \t<li>Posizione geografica<\/li>\r\n \t<li>Numeri di telefono fissi e mobili<\/li>\r\n \t<li>Indirizzo e-mail (e-mail)<\/li>\r\n \t<li>Il trattamento dei dati personali dei clienti PeakIT \u00e8 responsabilit\u00e0 di PeakIT, consistente in un&#039;operazione o un insieme di operazioni effettuate su tali dati personali, con mezzi automatizzati o non automatizzati.<\/li>\r\n<\/ul>\r\nAi sensi del Regolamento (UE) 2016\/679 del Parlamento Europeo e del Consiglio del 27 aprile 2016, ogni cliente PeakIT ha diritto di:\r\n<ul>\r\n \t<li>revocare o modificare in qualsiasi momento il consenso prestato a PeakIT per il trattamento dei dati personali, con effetto per il futuro<\/li>\r\n \t<li>previa revoca del consenso prestato a PeakIT, cessare di essere contattato per finalit\u00e0 di comunicazioni promozionali, di marketing e \/ o pubblicitarie<\/li>\r\n \t<li>richiedere informazioni sui propri dati personali in qualsiasi momento<\/li>\r\n \t<li>richiedere la correzione di uno qualsiasi dei dati personali forniti<\/li>\r\n \t<li>richiederne la portabilit\u00e0, per l&#039;ente che, a tal fine, indica<\/li>\r\n \t<li>richiedere la limitazione del trattamento, la cancellazione o il mascheramento dei propri dati personali, e che non siano necessari per l&#039;adempimento di eventuali obblighi di legge di PeakIT, ovvero per finalit\u00e0 di sicurezza e \/ o garanzia legale o contrattuale<\/li>\r\n \t<li>essere informato da PeakIT, qualora intenda eventualmente trattare i tuoi dati personali per finalit\u00e0 diverse da quelle che, entro tale data, concedono il tuo consenso<\/li>\r\n<\/ul>\r\nPer qualsiasi informazione, nonch\u00e9 per l&#039;esercizio dei diritti ad essi legalmente conferiti, i Clienti devono contattare PeakIT, tramite e-mail con l&#039;indirizzo rgpd@peakit.pt. La comunicazione dei dati personali non costituisce alcun obbligo legale, tuttavia \u00e8 necessaria per la corretta esecuzione dei contratti di compravendita stipulati tra PeakIT ed i suoi clienti, essendo certo che il mancato consenso al trattamento di tali dati non impedisca la conclusione degli stessi stessi contratti. Da quanto precede risulta che i dati personali dei clienti di PeakIT possono essere soggetti a trattamento automatizzato al fine di adattare comunicazioni promozionali, di marketing e \/ o pubblicitarie a tali dati. I dati personali possono essere condivisi da PeakIT con i produttori dei marchi rappresentati, direttamente o indirettamente tramite fornitori di servizi da loro incaricati, in particolare sotto forma di rapporti di vendita. Queste entit\u00e0 possono trovarsi nello Spazio economico europeo o al di fuori dello Spazio economico europeo, ma sono obbligate a rispettare il Regolamento europeo sulla protezione dei dati personali, ovvero il Regolamento (UE) 2016\/679 del Parlamento europeo e del Consiglio, del 27 aprile 2016. PeakIT conserver\u00e0 i dati personali dei propri clienti per il periodo necessario all&#039;espletamento dei contatti e delle transazioni commerciali, delle relative fatturazioni e del rispetto degli obblighi di legge. Il titolare del trattamento dei dati personali \u00e8 altres\u00ec pienamente e chiaramente informato che pu\u00f2 proporre reclamo, in merito alla violazione dei suoi diritti, alla Commissione Nazionale per la Protezione dei Dati Personali.\t\t\t\t\t\t\t\t<\/div>\n\t\t\t\t<\/div>\n\t\t\t\t\t<\/div>\n\t\t<\/div>\n\t\t\t\t\t<\/div>\n\t\t<\/section>\n\t\t\t\t<\/div>","protected":false},"excerpt":{"rendered":"<p>Informativa sulla privacy PeakIT, Lda, persona giuridica n\u00ba 507470370, con sede in Rua Aquilino Sim\u00f5es Machado, 2, 2\u00ba tarde, 4715-595 Braga, di seguito PeakIT, raccoglie e tratta i dati personali dei propri Clienti, quali: Nome Indirizzo Codice fiscale Posizione geografica Telefono, rete fissa e mobile Indirizzo e-mail (e-mail) Il [\u2026]<\/p>","protected":false},"author":1,"featured_media":0,"parent":0,"menu_order":0,"comment_status":"closed","ping_status":"closed","template":"","meta":{"inline_featured_image":false,"jetpack_post_was_ever_published":false,"footnotes":""},"class_list":["post-805","page","type-page","status-publish","hentry"],"yoast_head":"<!-- This site is optimized with the Yoast SEO plugin v24.8.1 - https:\/\/yoast.com\/wordpress\/plugins\/seo\/ -->\n<title>Pol\u00edtica de privacidade &#8226; Kyrios ChMS - Software de Gest\u00e3o Cloud para a Igreja<\/title>\n<meta name=\"robots\" content=\"index, follow, max-snippet:-1, max-image-preview:large, max-video-preview:-1\" \/>\n<link rel=\"canonical\" href=\"https:\/\/www.kyrioschms.com\/it\/politica-sulla-riservatezza\/\" \/>\n<meta property=\"og:locale\" content=\"it_IT\" \/>\n<meta property=\"og:type\" content=\"article\" \/>\n<meta property=\"og:title\" content=\"Pol\u00edtica de privacidade &#8226; Kyrios ChMS - Software de Gest\u00e3o Cloud para a Igreja\" \/>\n<meta property=\"og:description\" content=\"Pol\u00edtica de Privacidade PeakIT, Lda, pessoa coletiva n\u00ba 507470370, com sede na Rua Aquilino Sim\u00f5es Machado, 2, 2\u00ba tr\u00e1s, 4715-595\u00a0Braga, doravante PeakIT, procede \u00e0 recolha e tratamento de dados pessoais dos seus Clientes, tais como: Nome Morada N\u00famero de identifica\u00e7\u00e3o fiscal Localiza\u00e7\u00e3o geogr\u00e1fica N\u00fameros de telefone, fixo e m\u00f3vel Endere\u00e7o de correio eletr\u00f3nico (e-mail) O [&hellip;]\" \/>\n<meta property=\"og:url\" content=\"https:\/\/www.kyrioschms.com\/it\/politica-sulla-riservatezza\/\" \/>\n<meta property=\"og:site_name\" content=\"Kyrios ChMS - Software de Gest\u00e3o Cloud para a Igreja\" \/>\n<meta property=\"article:publisher\" content=\"https:\/\/www.facebook.com\/kyrioschms\/\" \/>\n<meta property=\"article:modified_time\" content=\"2020-12-01T15:27:10+00:00\" \/>\n<meta name=\"twitter:card\" content=\"summary_large_image\" \/>\n<meta name=\"twitter:label1\" content=\"Tempo di lettura stimato\" \/>\n\t<meta name=\"twitter:data1\" content=\"3 minuti\" \/>\n<script type=\"application\/ld+json\" class=\"yoast-schema-graph\">{\"@context\":\"https:\/\/schema.org\",\"@graph\":[{\"@type\":\"WebPage\",\"@id\":\"https:\/\/www.kyrioschms.com\/pt\/politica-de-privacidade\/\",\"url\":\"https:\/\/www.kyrioschms.com\/pt\/politica-de-privacidade\/\",\"name\":\"Pol\u00edtica de privacidade &#8226; Kyrios ChMS - Software de Gest\u00e3o Cloud para a Igreja\",\"isPartOf\":{\"@id\":\"https:\/\/www.kyrioschms.com\/#website\"},\"datePublished\":\"2018-05-23T21:43:47+00:00\",\"dateModified\":\"2020-12-01T15:27:10+00:00\",\"breadcrumb\":{\"@id\":\"https:\/\/www.kyrioschms.com\/pt\/politica-de-privacidade\/#breadcrumb\"},\"inLanguage\":\"it-IT\",\"potentialAction\":[{\"@type\":\"ReadAction\",\"target\":[\"https:\/\/www.kyrioschms.com\/pt\/politica-de-privacidade\/\"]}]},{\"@type\":\"BreadcrumbList\",\"@id\":\"https:\/\/www.kyrioschms.com\/pt\/politica-de-privacidade\/#breadcrumb\",\"itemListElement\":[{\"@type\":\"ListItem\",\"position\":1,\"name\":\"Home\",\"item\":\"https:\/\/www.kyrioschms.com\/en\/\"},{\"@type\":\"ListItem\",\"position\":2,\"name\":\"Pol\u00edtica de privacidade\"}]},{\"@type\":\"WebSite\",\"@id\":\"https:\/\/www.kyrioschms.com\/#website\",\"url\":\"https:\/\/www.kyrioschms.com\/\",\"name\":\"Kyrios ChMS - Software de Gest\u00e3o Cloud para a Igreja\",\"description\":\"A solu\u00e7\u00e3o mais completa para a gest\u00e3o e comunica\u00e7\u00e3o da Igreja\",\"publisher\":{\"@id\":\"https:\/\/www.kyrioschms.com\/#organization\"},\"potentialAction\":[{\"@type\":\"SearchAction\",\"target\":{\"@type\":\"EntryPoint\",\"urlTemplate\":\"https:\/\/www.kyrioschms.com\/?s={search_term_string}\"},\"query-input\":{\"@type\":\"PropertyValueSpecification\",\"valueRequired\":true,\"valueName\":\"search_term_string\"}}],\"inLanguage\":\"it-IT\"},{\"@type\":\"Organization\",\"@id\":\"https:\/\/www.kyrioschms.com\/#organization\",\"name\":\"Kyrios ChMS\",\"url\":\"https:\/\/www.kyrioschms.com\/\",\"logo\":{\"@type\":\"ImageObject\",\"inLanguage\":\"it-IT\",\"@id\":\"https:\/\/www.kyrioschms.com\/#\/schema\/logo\/image\/\",\"url\":\"https:\/\/i1.wp.com\/www.kyrioschms.com\/wp-content\/uploads\/2018\/04\/kyrios_chms_logo_azulpkt_hd.png?fit=510%2C190&ssl=1\",\"contentUrl\":\"https:\/\/i1.wp.com\/www.kyrioschms.com\/wp-content\/uploads\/2018\/04\/kyrios_chms_logo_azulpkt_hd.png?fit=510%2C190&ssl=1\",\"width\":510,\"height\":190,\"caption\":\"Kyrios ChMS\"},\"image\":{\"@id\":\"https:\/\/www.kyrioschms.com\/#\/schema\/logo\/image\/\"},\"sameAs\":[\"https:\/\/www.facebook.com\/kyrioschms\/\",\"https:\/\/www.instagram.com\/kyrioschms\/\",\"https:\/\/www.linkedin.com\/showcase\/kyrios\/\",\"https:\/\/www.youtube.com\/channel\/UC1GRlmM_rtlhm1widYExwkg\"]}]}<\/script>\n<!-- \/ Yoast SEO plugin. -->","yoast_head_json":{"title":"Pol\u00edtica de privacidade &#8226; Kyrios ChMS - Software de Gest\u00e3o Cloud para a Igreja","robots":{"index":"index","follow":"follow","max-snippet":"max-snippet:-1","max-image-preview":"max-image-preview:large","max-video-preview":"max-video-preview:-1"},"canonical":"https:\/\/www.kyrioschms.com\/it\/politica-sulla-riservatezza\/","og_locale":"it_IT","og_type":"article","og_title":"Pol\u00edtica de privacidade &#8226; Kyrios ChMS - Software de Gest\u00e3o Cloud para a Igreja","og_description":"Pol\u00edtica de Privacidade PeakIT, Lda, pessoa coletiva n\u00ba 507470370, com sede na Rua Aquilino Sim\u00f5es Machado, 2, 2\u00ba tr\u00e1s, 4715-595\u00a0Braga, doravante PeakIT, procede \u00e0 recolha e tratamento de dados pessoais dos seus Clientes, tais como: Nome Morada N\u00famero de identifica\u00e7\u00e3o fiscal Localiza\u00e7\u00e3o geogr\u00e1fica N\u00fameros de telefone, fixo e m\u00f3vel Endere\u00e7o de correio eletr\u00f3nico (e-mail) O [&hellip;]","og_url":"https:\/\/www.kyrioschms.com\/it\/politica-sulla-riservatezza\/","og_site_name":"Kyrios ChMS - Software de Gest\u00e3o Cloud para a Igreja","article_publisher":"https:\/\/www.facebook.com\/kyrioschms\/","article_modified_time":"2020-12-01T15:27:10+00:00","twitter_card":"summary_large_image","twitter_misc":{"Tempo di lettura stimato":"3 minuti"},"schema":{"@context":"https:\/\/schema.org","@graph":[{"@type":"WebPage","@id":"https:\/\/www.kyrioschms.com\/pt\/politica-de-privacidade\/","url":"https:\/\/www.kyrioschms.com\/pt\/politica-de-privacidade\/","name":"Pol\u00edtica de privacidade &#8226; Kyrios ChMS - Software de Gest\u00e3o Cloud para a Igreja","isPartOf":{"@id":"https:\/\/www.kyrioschms.com\/#website"},"datePublished":"2018-05-23T21:43:47+00:00","dateModified":"2020-12-01T15:27:10+00:00","breadcrumb":{"@id":"https:\/\/www.kyrioschms.com\/pt\/politica-de-privacidade\/#breadcrumb"},"inLanguage":"it-IT","potentialAction":[{"@type":"ReadAction","target":["https:\/\/www.kyrioschms.com\/pt\/politica-de-privacidade\/"]}]},{"@type":"BreadcrumbList","@id":"https:\/\/www.kyrioschms.com\/pt\/politica-de-privacidade\/#breadcrumb","itemListElement":[{"@type":"ListItem","position":1,"name":"Home","item":"https:\/\/www.kyrioschms.com\/en\/"},{"@type":"ListItem","position":2,"name":"Pol\u00edtica de privacidade"}]},{"@type":"WebSite","@id":"https:\/\/www.kyrioschms.com\/#website","url":"https:\/\/www.kyrioschms.com\/","name":"Kyrios ChMS - Software de Gest\u00e3o Cloud para a Igreja","description":"A solu\u00e7\u00e3o mais completa para a gest\u00e3o e comunica\u00e7\u00e3o da Igreja","publisher":{"@id":"https:\/\/www.kyrioschms.com\/#organization"},"potentialAction":[{"@type":"SearchAction","target":{"@type":"EntryPoint","urlTemplate":"https:\/\/www.kyrioschms.com\/?s={search_term_string}"},"query-input":{"@type":"PropertyValueSpecification","valueRequired":true,"valueName":"search_term_string"}}],"inLanguage":"it-IT"},{"@type":"Organization","@id":"https:\/\/www.kyrioschms.com\/#organization","name":"Kyrios ChMS","url":"https:\/\/www.kyrioschms.com\/","logo":{"@type":"ImageObject","inLanguage":"it-IT","@id":"https:\/\/www.kyrioschms.com\/#\/schema\/logo\/image\/","url":"https:\/\/i1.wp.com\/www.kyrioschms.com\/wp-content\/uploads\/2018\/04\/kyrios_chms_logo_azulpkt_hd.png?fit=510%2C190&ssl=1","contentUrl":"https:\/\/i1.wp.com\/www.kyrioschms.com\/wp-content\/uploads\/2018\/04\/kyrios_chms_logo_azulpkt_hd.png?fit=510%2C190&ssl=1","width":510,"height":190,"caption":"Kyrios ChMS"},"image":{"@id":"https:\/\/www.kyrioschms.com\/#\/schema\/logo\/image\/"},"sameAs":["https:\/\/www.facebook.com\/kyrioschms\/","https:\/\/www.instagram.com\/kyrioschms\/","https:\/\/www.linkedin.com\/showcase\/kyrios\/","https:\/\/www.youtube.com\/channel\/UC1GRlmM_rtlhm1widYExwkg"]}]}},"jetpack_sharing_enabled":true,"jetpack_shortlink":"https:\/\/wp.me\/P9TNmE-cZ","_links":{"self":[{"href":"https:\/\/www.kyrioschms.com\/it\/wp-json\/wp\/v2\/pages\/805","targetHints":{"allow":["GET"]}}],"collection":[{"href":"https:\/\/www.kyrioschms.com\/it\/wp-json\/wp\/v2\/pages"}],"about":[{"href":"https:\/\/www.kyrioschms.com\/it\/wp-json\/wp\/v2\/types\/page"}],"author":[{"embeddable":true,"href":"https:\/\/www.kyrioschms.com\/it\/wp-json\/wp\/v2\/users\/1"}],"replies":[{"embeddable":true,"href":"https:\/\/www.kyrioschms.com\/it\/wp-json\/wp\/v2\/comments?post=805"}],"version-history":[{"count":0,"href":"https:\/\/www.kyrioschms.com\/it\/wp-json\/wp\/v2\/pages\/805\/revisions"}],"wp:attachment":[{"href":"https:\/\/www.kyrioschms.com\/it\/wp-json\/wp\/v2\/media?parent=805"}],"curies":[{"name":"wp","href":"https:\/\/api.w.org\/{rel}","templated":true}]}}