{"id":805,"date":"2018-05-23T21:43:47","date_gmt":"2018-05-23T21:43:47","guid":{"rendered":"http:\/\/www.kyrioschms.com\/?page_id=805"},"modified":"2020-12-01T15:27:10","modified_gmt":"2020-12-01T15:27:10","slug":"politica-de-privacidade","status":"publish","type":"page","link":"https:\/\/www.kyrioschms.com\/es\/politica-de-privacidad\/","title":{"rendered":"Pol\u00edtica de privacidad"},"content":{"rendered":"<div data-elementor-type=\"wp-post\" data-elementor-id=\"805\" class=\"elementor elementor-805\" data-elementor-post-type=\"page\">\n\t\t\t\t\t\t<section class=\"elementor-section elementor-top-section elementor-element elementor-element-18d3742f elementor-section-boxed elementor-section-height-default elementor-section-height-default\" data-id=\"18d3742f\" data-element_type=\"section\" data-e-type=\"section\" data-settings=\"{&quot;background_background&quot;:&quot;classic&quot;}\">\n\t\t\t\t\t\t<div class=\"elementor-container elementor-column-gap-wider\">\n\t\t\t\t\t<div class=\"elementor-column elementor-col-100 elementor-top-column elementor-element elementor-element-2036eccc\" data-id=\"2036eccc\" data-element_type=\"column\" data-e-type=\"column\">\n\t\t\t<div class=\"elementor-widget-wrap elementor-element-populated\">\n\t\t\t\t\t\t<div class=\"elementor-element elementor-element-3762cabd elementor-widget elementor-widget-heading\" data-id=\"3762cabd\" data-element_type=\"widget\" data-e-type=\"widget\" data-widget_type=\"heading.default\">\n\t\t\t\t<div class=\"elementor-widget-container\">\n\t\t\t\t\t<h2 class=\"elementor-heading-title elementor-size-default\">Pol\u00edtica de privacidad<\/h2>\t\t\t\t<\/div>\n\t\t\t\t<\/div>\n\t\t\t\t\t<\/div>\n\t\t<\/div>\n\t\t\t\t\t<\/div>\n\t\t<\/section>\n\t\t\t\t<section class=\"elementor-section elementor-top-section elementor-element elementor-element-361bd5fa elementor-section-boxed elementor-section-height-default elementor-section-height-default\" data-id=\"361bd5fa\" data-element_type=\"section\" data-e-type=\"section\">\n\t\t\t\t\t\t<div class=\"elementor-container elementor-column-gap-default\">\n\t\t\t\t\t<div class=\"elementor-column elementor-col-100 elementor-top-column elementor-element elementor-element-459a538c\" data-id=\"459a538c\" data-element_type=\"column\" data-e-type=\"column\">\n\t\t\t<div class=\"elementor-widget-wrap elementor-element-populated\">\n\t\t\t\t\t\t<div class=\"elementor-element elementor-element-36e52eac elementor-widget elementor-widget-text-editor\" data-id=\"36e52eac\" data-element_type=\"widget\" data-e-type=\"widget\" data-widget_type=\"text-editor.default\">\n\t\t\t\t<div class=\"elementor-widget-container\">\n\t\t\t\t\t\t\t\t\tPeakIT, Lda, persona jur\u00eddica n\u00ba 507470370, con domicilio social en Rua Aquilino Sim\u00f5es Machado, 2, 2a vuelta, 4715-595 Braga, en adelante PeakIT, procede a la recogida y tratamiento de los datos personales de sus Clientes, tales como:\r\n<ul>\r\n \t<li>Nombre<\/li>\r\n \t<li>habla a<\/li>\r\n \t<li>N\u00famero de identificaci\u00f3n fiscal<\/li>\r\n \t<li>Localizaci\u00f3n geogr\u00e1fica<\/li>\r\n \t<li>N\u00fameros de tel\u00e9fono fijo y m\u00f3vil<\/li>\r\n \t<li>Direcci\u00f3n de correo electr\u00f3nico (correo electr\u00f3nico)<\/li>\r\n \t<li>El manejo de los datos personales de los Clientes de PeakIT es responsabilidad de PeakIT y consiste en una operaci\u00f3n o un conjunto de operaciones realizadas sobre esos datos personales, por medios automatizados o no automatizados.<\/li>\r\n<\/ul>\r\nDe acuerdo con el Reglamento (UE) 2016\/679 del Parlamento Europeo y del Consejo de 27 de abril de 2016, cualquier cliente de PeakIT tiene derecho a:\r\n<ul>\r\n \t<li>en cualquier momento, retirar o cambiar el consentimiento otorgado a PeakIT para el procesamiento de sus datos personales, con efecto para el futuro<\/li>\r\n \t<li>despu\u00e9s de retirar el consentimiento otorgado a PeakIT, dejar de ser contactado con el prop\u00f3sito de comunicaciones promocionales, de marketing y \/ o publicitarias<\/li>\r\n \t<li>solicitar informaci\u00f3n sobre sus datos personales en cualquier momento<\/li>\r\n \t<li>solicitar la correcci\u00f3n de cualquiera de sus datos personales proporcionados<\/li>\r\n \t<li>solicitar su portabilidad, para la entidad que, a tal efecto, indique<\/li>\r\n \t<li>solicitar la limitaci\u00f3n del tratamiento, supresi\u00f3n o enmascaramiento de sus datos personales, y que no sean necesarios para el cumplimiento de ninguna obligaci\u00f3n legal de PeakIT, es decir, a efectos de seguridad y \/ o garant\u00eda legal o contractual<\/li>\r\n \t<li>ser informado por PeakIT, si eventualmente tiene la intenci\u00f3n de procesar sus datos personales para fines distintos a los que, a esta fecha, otorgan su consentimiento<\/li>\r\n<\/ul>\r\nPara cualquier informaci\u00f3n, as\u00ed como para el ejercicio de los derechos que legalmente les son conferidos, los Clientes deben ponerse en contacto con PeakIT, por correo electr\u00f3nico con la direcci\u00f3n rgpd@peakit.pt. La comunicaci\u00f3n de datos personales no constituye obligaci\u00f3n legal alguna, sin embargo es necesaria para la correcta ejecuci\u00f3n de los contratos de compraventa suscritos entre PeakIT y sus clientes, teniendo la certeza de que el no consentimiento para el tratamiento de dichos datos no impide la celebraci\u00f3n de estos. mismos contratos. De lo anterior se desprende que los datos personales de los clientes de PeakIT pueden estar sujetos a un procesamiento automatizado para adaptar las comunicaciones promocionales, de marketing y \/ o publicitarias a esos datos. PeakIT puede compartir los datos personales con los fabricantes de las marcas representadas, directa o indirectamente a trav\u00e9s de los proveedores de servicios que hayan contratado, es decir, en forma de informes de ventas. Estas entidades pueden estar ubicadas en el Espacio Econ\u00f3mico Europeo o fuera del Espacio Econ\u00f3mico Europeo, pero est\u00e1n obligadas a respetar el Reglamento Europeo de Protecci\u00f3n de Datos Personales, en concreto el Reglamento (UE) 2016\/679 del Parlamento Europeo y del Consejo, de 27 de abril. 2016. PeakIT conservar\u00e1 los datos personales de sus clientes durante el per\u00edodo necesario para realizar contactos y transacciones comerciales, facturaci\u00f3n respectiva y cumplimiento de obligaciones legales. Asimismo, se informa plena y claramente al titular de los datos personales que puede presentar cualquier denuncia, relativa a la vulneraci\u00f3n de sus derechos, ante la Comisi\u00f3n Nacional de Protecci\u00f3n de Datos.\t\t\t\t\t\t\t\t<\/div>\n\t\t\t\t<\/div>\n\t\t\t\t\t<\/div>\n\t\t<\/div>\n\t\t\t\t\t<\/div>\n\t\t<\/section>\n\t\t\t\t<\/div>","protected":false},"excerpt":{"rendered":"<p>Pol\u00edtica de Privacidade PeakIT, Lda, pessoa coletiva n\u00ba 507470370, com sede na Rua Aquilino Sim\u00f5es Machado, 2, 2\u00ba tr\u00e1s, 4715-595\u00a0Braga, doravante PeakIT, procede \u00e0 recolha e tratamento de dados pessoais dos seus Clientes, tais como: Nome Morada N\u00famero de identifica\u00e7\u00e3o fiscal Localiza\u00e7\u00e3o geogr\u00e1fica N\u00fameros de telefone, fixo e m\u00f3vel Endere\u00e7o de correio eletr\u00f3nico (e-mail) O [&hellip;]<\/p>\n","protected":false},"author":1,"featured_media":0,"parent":0,"menu_order":0,"comment_status":"closed","ping_status":"closed","template":"","meta":{"inline_featured_image":false,"jetpack_post_was_ever_published":false,"footnotes":""},"class_list":["post-805","page","type-page","status-publish","hentry"],"yoast_head":"<!-- This site is optimized with the Yoast SEO plugin v27.5 - https:\/\/yoast.com\/product\/yoast-seo-wordpress\/ -->\n<title>Pol\u00edtica de privacidade &#8226; Kyrios ChMS - Software de Gest\u00e3o Cloud para a Igreja<\/title>\n<meta name=\"robots\" content=\"index, follow, max-snippet:-1, max-image-preview:large, max-video-preview:-1\" \/>\n<link rel=\"canonical\" href=\"https:\/\/www.kyrioschms.com\/es\/politica-de-privacidad\/\" \/>\n<meta property=\"og:locale\" content=\"es_ES\" \/>\n<meta property=\"og:type\" content=\"article\" \/>\n<meta property=\"og:title\" content=\"Pol\u00edtica de privacidade &#8226; Kyrios ChMS - Software de Gest\u00e3o Cloud para a Igreja\" \/>\n<meta property=\"og:description\" content=\"Pol\u00edtica de Privacidade PeakIT, Lda, pessoa coletiva n\u00ba 507470370, com sede na Rua Aquilino Sim\u00f5es Machado, 2, 2\u00ba tr\u00e1s, 4715-595\u00a0Braga, doravante PeakIT, procede \u00e0 recolha e tratamento de dados pessoais dos seus Clientes, tais como: Nome Morada N\u00famero de identifica\u00e7\u00e3o fiscal Localiza\u00e7\u00e3o geogr\u00e1fica N\u00fameros de telefone, fixo e m\u00f3vel Endere\u00e7o de correio eletr\u00f3nico (e-mail) O [&hellip;]\" \/>\n<meta property=\"og:url\" content=\"https:\/\/www.kyrioschms.com\/es\/politica-de-privacidad\/\" \/>\n<meta property=\"og:site_name\" content=\"Kyrios ChMS - Software de Gest\u00e3o Cloud para a Igreja\" \/>\n<meta property=\"article:publisher\" content=\"https:\/\/www.facebook.com\/kyrioschms\/\" \/>\n<meta property=\"article:modified_time\" content=\"2020-12-01T15:27:10+00:00\" \/>\n<meta name=\"twitter:card\" content=\"summary_large_image\" \/>\n<meta name=\"twitter:label1\" content=\"Tiempo de lectura\" \/>\n\t<meta name=\"twitter:data1\" content=\"3 minutos\" \/>\n<script type=\"application\/ld+json\" class=\"yoast-schema-graph\">{\"@context\":\"https:\\\/\\\/schema.org\",\"@graph\":[{\"@type\":\"WebPage\",\"@id\":\"https:\\\/\\\/www.kyrioschms.com\\\/pt\\\/politica-de-privacidade\\\/\",\"url\":\"https:\\\/\\\/www.kyrioschms.com\\\/pt\\\/politica-de-privacidade\\\/\",\"name\":\"Pol\u00edtica de privacidade &#8226; Kyrios ChMS - Software de Gest\u00e3o Cloud para a Igreja\",\"isPartOf\":{\"@id\":\"https:\\\/\\\/www.kyrioschms.com\\\/#website\"},\"datePublished\":\"2018-05-23T21:43:47+00:00\",\"dateModified\":\"2020-12-01T15:27:10+00:00\",\"breadcrumb\":{\"@id\":\"https:\\\/\\\/www.kyrioschms.com\\\/pt\\\/politica-de-privacidade\\\/#breadcrumb\"},\"inLanguage\":\"es\",\"potentialAction\":[{\"@type\":\"ReadAction\",\"target\":[\"https:\\\/\\\/www.kyrioschms.com\\\/pt\\\/politica-de-privacidade\\\/\"]}]},{\"@type\":\"BreadcrumbList\",\"@id\":\"https:\\\/\\\/www.kyrioschms.com\\\/pt\\\/politica-de-privacidade\\\/#breadcrumb\",\"itemListElement\":[{\"@type\":\"ListItem\",\"position\":1,\"name\":\"Home\",\"item\":\"https:\\\/\\\/www.kyrioschms.com\\\/en\\\/\"},{\"@type\":\"ListItem\",\"position\":2,\"name\":\"Pol\u00edtica de privacidade\"}]},{\"@type\":\"WebSite\",\"@id\":\"https:\\\/\\\/www.kyrioschms.com\\\/#website\",\"url\":\"https:\\\/\\\/www.kyrioschms.com\\\/\",\"name\":\"Kyrios ChMS - Software de Gest\u00e3o Cloud para a Igreja\",\"description\":\"A solu\u00e7\u00e3o mais completa para a gest\u00e3o e comunica\u00e7\u00e3o da Igreja\",\"publisher\":{\"@id\":\"https:\\\/\\\/www.kyrioschms.com\\\/#organization\"},\"potentialAction\":[{\"@type\":\"SearchAction\",\"target\":{\"@type\":\"EntryPoint\",\"urlTemplate\":\"https:\\\/\\\/www.kyrioschms.com\\\/?s={search_term_string}\"},\"query-input\":{\"@type\":\"PropertyValueSpecification\",\"valueRequired\":true,\"valueName\":\"search_term_string\"}}],\"inLanguage\":\"es\"},{\"@type\":\"Organization\",\"@id\":\"https:\\\/\\\/www.kyrioschms.com\\\/#organization\",\"name\":\"Kyrios ChMS\",\"url\":\"https:\\\/\\\/www.kyrioschms.com\\\/\",\"logo\":{\"@type\":\"ImageObject\",\"inLanguage\":\"es\",\"@id\":\"https:\\\/\\\/www.kyrioschms.com\\\/#\\\/schema\\\/logo\\\/image\\\/\",\"url\":\"https:\\\/\\\/i1.wp.com\\\/www.kyrioschms.com\\\/wp-content\\\/uploads\\\/2018\\\/04\\\/kyrios_chms_logo_azulpkt_hd.png?fit=510%2C190&ssl=1\",\"contentUrl\":\"https:\\\/\\\/i1.wp.com\\\/www.kyrioschms.com\\\/wp-content\\\/uploads\\\/2018\\\/04\\\/kyrios_chms_logo_azulpkt_hd.png?fit=510%2C190&ssl=1\",\"width\":510,\"height\":190,\"caption\":\"Kyrios ChMS\"},\"image\":{\"@id\":\"https:\\\/\\\/www.kyrioschms.com\\\/#\\\/schema\\\/logo\\\/image\\\/\"},\"sameAs\":[\"https:\\\/\\\/www.facebook.com\\\/kyrioschms\\\/\",\"https:\\\/\\\/www.instagram.com\\\/kyrioschms\\\/\",\"https:\\\/\\\/www.linkedin.com\\\/showcase\\\/kyrios\\\/\",\"https:\\\/\\\/www.youtube.com\\\/channel\\\/UC1GRlmM_rtlhm1widYExwkg\"]}]}<\/script>\n<!-- \/ Yoast SEO plugin. -->","yoast_head_json":{"title":"Pol\u00edtica de privacidad \u2022 Kyrios ChMS - Software de gesti\u00f3n en la nube para la Iglesia","robots":{"index":"index","follow":"follow","max-snippet":"max-snippet:-1","max-image-preview":"max-image-preview:large","max-video-preview":"max-video-preview:-1"},"canonical":"https:\/\/www.kyrioschms.com\/es\/politica-de-privacidad\/","og_locale":"es_ES","og_type":"article","og_title":"Pol\u00edtica de privacidade &#8226; Kyrios ChMS - Software de Gest\u00e3o Cloud para a Igreja","og_description":"Pol\u00edtica de Privacidade PeakIT, Lda, pessoa coletiva n\u00ba 507470370, com sede na Rua Aquilino Sim\u00f5es Machado, 2, 2\u00ba tr\u00e1s, 4715-595\u00a0Braga, doravante PeakIT, procede \u00e0 recolha e tratamento de dados pessoais dos seus Clientes, tais como: Nome Morada N\u00famero de identifica\u00e7\u00e3o fiscal Localiza\u00e7\u00e3o geogr\u00e1fica N\u00fameros de telefone, fixo e m\u00f3vel Endere\u00e7o de correio eletr\u00f3nico (e-mail) O [&hellip;]","og_url":"https:\/\/www.kyrioschms.com\/es\/politica-de-privacidad\/","og_site_name":"Kyrios ChMS - Software de Gest\u00e3o Cloud para a Igreja","article_publisher":"https:\/\/www.facebook.com\/kyrioschms\/","article_modified_time":"2020-12-01T15:27:10+00:00","twitter_card":"summary_large_image","twitter_misc":{"Tiempo de lectura":"3 minutos"},"schema":{"@context":"https:\/\/schema.org","@graph":[{"@type":"WebPage","@id":"https:\/\/www.kyrioschms.com\/pt\/politica-de-privacidade\/","url":"https:\/\/www.kyrioschms.com\/pt\/politica-de-privacidade\/","name":"Pol\u00edtica de privacidad \u2022 Kyrios ChMS - Software de gesti\u00f3n en la nube para la Iglesia","isPartOf":{"@id":"https:\/\/www.kyrioschms.com\/#website"},"datePublished":"2018-05-23T21:43:47+00:00","dateModified":"2020-12-01T15:27:10+00:00","breadcrumb":{"@id":"https:\/\/www.kyrioschms.com\/pt\/politica-de-privacidade\/#breadcrumb"},"inLanguage":"es","potentialAction":[{"@type":"ReadAction","target":["https:\/\/www.kyrioschms.com\/pt\/politica-de-privacidade\/"]}]},{"@type":"BreadcrumbList","@id":"https:\/\/www.kyrioschms.com\/pt\/politica-de-privacidade\/#breadcrumb","itemListElement":[{"@type":"ListItem","position":1,"name":"Home","item":"https:\/\/www.kyrioschms.com\/en\/"},{"@type":"ListItem","position":2,"name":"Pol\u00edtica de privacidade"}]},{"@type":"WebSite","@id":"https:\/\/www.kyrioschms.com\/#website","url":"https:\/\/www.kyrioschms.com\/","name":"Kyrios ChMS: software de gesti\u00f3n en la nube para la iglesia","description":"La soluci\u00f3n m\u00e1s completa para la gesti\u00f3n y la comunicaci\u00f3n de la Iglesia","publisher":{"@id":"https:\/\/www.kyrioschms.com\/#organization"},"potentialAction":[{"@type":"SearchAction","target":{"@type":"EntryPoint","urlTemplate":"https:\/\/www.kyrioschms.com\/?s={search_term_string}"},"query-input":{"@type":"PropertyValueSpecification","valueRequired":true,"valueName":"search_term_string"}}],"inLanguage":"es"},{"@type":"Organization","@id":"https:\/\/www.kyrioschms.com\/#organization","name":"Kyrios ChMS","url":"https:\/\/www.kyrioschms.com\/","logo":{"@type":"ImageObject","inLanguage":"es","@id":"https:\/\/www.kyrioschms.com\/#\/schema\/logo\/image\/","url":"https:\/\/i1.wp.com\/www.kyrioschms.com\/wp-content\/uploads\/2018\/04\/kyrios_chms_logo_azulpkt_hd.png?fit=510%2C190&ssl=1","contentUrl":"https:\/\/i1.wp.com\/www.kyrioschms.com\/wp-content\/uploads\/2018\/04\/kyrios_chms_logo_azulpkt_hd.png?fit=510%2C190&ssl=1","width":510,"height":190,"caption":"Kyrios ChMS"},"image":{"@id":"https:\/\/www.kyrioschms.com\/#\/schema\/logo\/image\/"},"sameAs":["https:\/\/www.facebook.com\/kyrioschms\/","https:\/\/www.instagram.com\/kyrioschms\/","https:\/\/www.linkedin.com\/showcase\/kyrios\/","https:\/\/www.youtube.com\/channel\/UC1GRlmM_rtlhm1widYExwkg"]}]}},"jetpack_sharing_enabled":true,"jetpack_shortlink":"https:\/\/wp.me\/P9TNmE-cZ","_links":{"self":[{"href":"https:\/\/www.kyrioschms.com\/es\/wp-json\/wp\/v2\/pages\/805","targetHints":{"allow":["GET"]}}],"collection":[{"href":"https:\/\/www.kyrioschms.com\/es\/wp-json\/wp\/v2\/pages"}],"about":[{"href":"https:\/\/www.kyrioschms.com\/es\/wp-json\/wp\/v2\/types\/page"}],"author":[{"embeddable":true,"href":"https:\/\/www.kyrioschms.com\/es\/wp-json\/wp\/v2\/users\/1"}],"replies":[{"embeddable":true,"href":"https:\/\/www.kyrioschms.com\/es\/wp-json\/wp\/v2\/comments?post=805"}],"version-history":[{"count":0,"href":"https:\/\/www.kyrioschms.com\/es\/wp-json\/wp\/v2\/pages\/805\/revisions"}],"wp:attachment":[{"href":"https:\/\/www.kyrioschms.com\/es\/wp-json\/wp\/v2\/media?parent=805"}],"curies":[{"name":"wp","href":"https:\/\/api.w.org\/{rel}","templated":true}]}}