{"id":861,"date":"2018-06-04T10:37:19","date_gmt":"2018-06-04T10:37:19","guid":{"rendered":"http:\/\/www.kyrioschms.com\/?page_id=861"},"modified":"2021-01-11T10:23:30","modified_gmt":"2021-01-11T10:23:30","slug":"formacao-introducao-ao-kyrios-chms-uma-visao-geral","status":"publish","type":"page","link":"https:\/\/www.kyrioschms.com\/en\/training-introduction-to-kyrios-chms-an-overview\/","title":{"rendered":"Training Introduction to Kyrios ChMS \u2013 an overview"},"content":{"rendered":"<p><strong>Training Introduction to Kyrios ChMS \u2013 an overview<\/strong><\/p>\n<p><strong>When:<\/strong> June 14, from 2:30 pm to 5:00 pm.<br \/>\n<strong>Where:<\/strong> PeakIT \u2013 Ideia-Atl\u00e2ntico Business Center, cx. 120, 4719-005 Braga<br \/>\n<strong>limited spots\u00a0<\/strong><\/p>\n<p>In this training we will address in a very practical and simple way:<\/p>\n<ul>\n<li>How to correctly configure Kyrios for my Parish<\/li>\n<li>Archive\n<ul>\n<li>individual chips<\/li>\n<li>families<\/li>\n<\/ul>\n<\/li>\n<li>Sacraments<\/li>\n<li>Treasury<\/li>\n<li>Accounting<\/li>\n<li>website<\/li>\n<\/ul>\n<p>&nbsp;<\/p>\n<p><strong>Complete your registration using the form below:<\/strong><\/p>\n<div class=\"frm_forms  with_frm_style frm_style_formidable-style\" id=\"frm_form_14_container\" >\n<form enctype=\"multipart\/form-data\" method=\"post\" class=\"frm-show-form\" id=\"form_akx4d2\" action=\"\" >\n<div class=\"frm_form_fields\">\n<fieldset>\n<legend class=\"frm_hidden\">Training<\/legend>\r\n\r\n<div class=\"frm_fields_container\">\n<input type=\"hidden\" name=\"frm_action\" value=\"create\" \/>\n<input type=\"hidden\" name=\"form_id\" value=\"14\" \/>\n<input type=\"hidden\" name=\"frm_hide_fields_14\" id=\"frm_hide_fields_14\" value=\"\" \/>\n<input type=\"hidden\" name=\"form_key\" value=\"akx4d2\" \/>\n<input type=\"hidden\" name=\"item_meta[0]\" value=\"\" \/>\n<input type=\"hidden\" id=\"frm_submit_entry_14\" name=\"frm_submit_entry_14\" value=\"444cf5338c\" \/><input type=\"hidden\" name=\"_wp_http_referer\" value=\"\/en\/wp-json\/wp\/v2\/pages\/861\" \/><div id=\"frm_field_74_container\" class=\"frm_form_field  frm_html_container form-field\"><b>Your data<\/b><\/div>\n<div id=\"frm_field_75_container\" class=\"frm_form_field form-field  frm_required_field frm_left_container frm_full\">\r\n    <label for=\"field_y6sb42\" class=\"frm_primary_label\">Name\r\n        <span class=\"frm_required\">*<\/span>\r\n    <\/label>\r\n    <input type=\"text\" id=\"field_y6sb42\" name=\"item_meta[75]\" value=\"\"  data-reqmsg=\"Este campo n\u00e3o pode estar vazio.\" aria-required=\"true\" data-invmsg=\"Text is invalid\" aria-invalid=\"false\"  \/>\r\n    \r\n    \r\n<\/div>\n<div id=\"frm_field_76_container\" class=\"frm_form_field form-field  frm_required_field frm_left_container frm_full\">\r\n    <label for=\"field_yjio62\" class=\"frm_primary_label\">Diocese\r\n        <span class=\"frm_required\">*<\/span>\r\n    <\/label>\r\n    <input type=\"text\" id=\"field_yjio62\" name=\"item_meta[76]\" value=\"\"  data-reqmsg=\"Diocese cannot be blank.\" aria-required=\"true\" data-invmsg=\"Text is invalid\" aria-invalid=\"false\"  \/>\r\n    \r\n    \r\n<\/div>\n<div id=\"frm_field_89_container\" class=\"frm_form_field form-field  frm_required_field frm_left_container frm_full\">\r\n    <label for=\"field_l08wz\" class=\"frm_primary_label\">Arciprestado\r\n        <span class=\"frm_required\">*<\/span>\r\n    <\/label>\r\n    <input type=\"text\" id=\"field_l08wz\" name=\"item_meta[89]\" value=\"\"  data-reqmsg=\"Arciprestado cannot be blank.\" aria-required=\"true\" data-invmsg=\"Text is invalid\" aria-invalid=\"false\"  \/>\r\n    \r\n    \r\n<\/div>\n<div id=\"frm_field_84_container\" class=\"frm_form_field form-field  frm_required_field frm_left_container frm_full\">\r\n    <label for=\"field_mhq7i\" class=\"frm_primary_label\">Parish \/ Institution\r\n        <span class=\"frm_required\">*<\/span>\r\n    <\/label>\r\n    <input type=\"text\" id=\"field_mhq7i\" name=\"item_meta[84]\" value=\"\"  data-reqmsg=\"Este campo n\u00e3o pode estar vazio.\" aria-required=\"true\" data-invmsg=\"Text is invalid\" aria-invalid=\"false\"  \/>\r\n    \r\n    \r\n<\/div>\n<div id=\"frm_field_77_container\" class=\"frm_form_field form-field  frm_required_field frm_left_container frm_first_half\">\r\n    <label for=\"field_fgvpn2\" class=\"frm_primary_label\">Email\r\n        <span class=\"frm_required\">*<\/span>\r\n    <\/label>\r\n    <input type=\"email\" id=\"field_fgvpn2\" name=\"item_meta[77]\" value=\"\"  data-reqmsg=\"Este campo n\u00e3o pode estar vazio.\" aria-required=\"true\" data-invmsg=\"O endere\u00e7o de email \u00e9 inv\u00e1lido\" aria-invalid=\"false\"  \/>\r\n    \r\n    \r\n<\/div>\n<div id=\"frm_field_85_container\" class=\"frm_form_field form-field  frm_required_field frm_left_container frm_first_half\">\r\n    <label for=\"field_7bkhb\" class=\"frm_primary_label\">Mobile phone\r\n        <span class=\"frm_required\">*<\/span>\r\n    <\/label>\r\n    <input type=\"tel\" id=\"field_7bkhb\" name=\"item_meta[85]\" value=\"\"  data-reqmsg=\"Este campo n\u00e3o pode estar vazio.\" aria-required=\"true\" data-invmsg=\"O endere\u00e7o de telefone \u00e9 inv\u00e1lido\" aria-invalid=\"false\" pattern=\"((\\+\\d{1,3}(-|.| )?\\(?\\d\\)?(-| |.)?\\d{1,5})|(\\(?\\d{2,6}\\)?))(-|.| )?(\\d{3,4})(-|.| )?(\\d{4})(( x| ext)\\d{1,5}){0,1}$\"  \/>\r\n    \r\n    \r\n<\/div>\n<div id=\"frm_field_88_container\" class=\"frm_form_field form-field  frm_required_field frm_top_container vertical_radio\">\r\n    <label for=\"field_h4558\" class=\"frm_primary_label\">Desired training (choose one option)\r\n        <span class=\"frm_required\">*<\/span>\r\n    <\/label>\r\n    <div class=\"frm_opt_container\">\t\t<div class=\"frm_radio\" id=\"frm_radio_88-4\">\t\t\t<label  for=\"field_h4558-4\">\n\t\t\t\t\t<input type=\"radio\" name=\"item_meta[88]\" id=\"field_h4558-4\" value=\"Castelo Branco - 12\/10\/2019 \u00e0s 10h30\"\n\t\t   data-reqmsg=\"Forma\u00e7\u00e3o pretendida (escolha uma op\u00e7\u00e3o) cannot be blank.\" data-invmsg=\"Forma\u00e7\u00e3o pretendida (escolha uma op\u00e7\u00e3o) is invalid\" aria-invalid=\"false\"  \/> Castelo Branco - 10\/12\/2019 at 10:30 am<\/label><\/div>\n<\/div>\r\n    \r\n    \r\n<\/div>\n<div id=\"frm_field_79_container\" class=\"frm_form_field form-field  frm_required_field frm_left_container frm_first_half\">\r\n    <label for=\"field_oqx1b2\" class=\"frm_primary_label\">Do you authorize the use of your personal data within the scope of this training?\r\n        <span class=\"frm_required\">*<\/span>\r\n    <\/label>\r\n    \t\t<select name=\"item_meta[79]\" id=\"field_oqx1b2\"  placeholder=\"Escolha uma op\u00e7\u00e3o\" data-reqmsg=\"Este campo n\u00e3o pode estar vazio.\" aria-required=\"true\" data-invmsg=\"Autoriza a utiliza\u00e7\u00e3o dos seus dados pessoais no \u00e2mbito desta forma\u00e7\u00e3o? is invalid\" class=\"auto_width\" aria-invalid=\"false\"  >\n\t\t<option  class=\"frm-select-placeholder\" value=\"\" data-placeholder=\"true\">choose an option<\/option><option  value=\"Sim\">Yes<\/option><option  value=\"N\u00e3o\">No<\/option>\t<\/select>\n\t\r\n    \r\n    \r\n<\/div>\n\t<input type=\"hidden\" name=\"item_key\" value=\"\" \/>\n\t<div class=\"frm_submit\">\r\n\r\n<input type=\"submit\" value=\"To submit\"  \/>\r\n<img data-recalc-dims=\"1\" decoding=\"async\" class=\"frm_ajax_loading\" src=\"https:\/\/i0.wp.com\/www.kyrioschms.com\/wp-content\/plugins\/formidable\/images\/ajax_loader.gif?w=800&#038;ssl=1\" alt=\"Sending\"\/>\r\n\r\n<\/div><\/div>\n<\/fieldset>\n<\/div>\n\n<input type=\"hidden\" name=\"trp-form-language\" value=\"en\"\/><\/form>\n<\/div>\n\n<p><strong>As the capacity of the room is limited, if we have registrations that exceed its capacity, we may have to change to a new location or split the training, so we ask for your contact details.<\/strong><\/p>\n<p>&nbsp;<\/p>\n<span style='display:inline;'><input type='hidden' bg_collapse_expand='69f27d8683bb24089141011' value='69f27d8683bb24089141011'><input type='hidden' id='bg-show-more-text-69f27d8683bb24089141011' value='Consultar a pol\u00edtica de privacidade da PeakIT \/ Kyrios. Clique aqui.'><input type='hidden' id='bg-show-less-text-69f27d8683bb24089141011' value='ocultar'><a id='bg-showmore-action-69f27d8683bb24089141011' class='bg-showmore-plg-link'  style=\" color:#4a4949;\" href='#'>Consult PeakIT \/ Kyrios&#039; privacy policy. Click here.<\/a><span id='bg-showmore-hidden-69f27d8683bb24089141011' ><\/p>\n<p>PeakIT, Lda, legal person n\u00ba 507470370, headquartered at Rua Aquilino Sim\u00f5es Machado, 2, 2nd back, 4715-595 Braga, hereinafter PeakIT, proceeds to the collection and treatment of its Customers&#039; personal data, such as:<\/p>\n<ul>\n<li>Name<\/li>\n<li>address<\/li>\n<li>Tax Identification Number<\/li>\n<li>Geographic location<\/li>\n<li>Fixed and mobile phone numbers<\/li>\n<li>E-mail address (e-mail)<\/li>\n<li>The handling of PeakIT Clients&#039; personal data is the responsibility of PeakIT, consisting of an operation or a set of operations carried out on that personal data, by automated or non-automated means.<\/li>\n<\/ul>\n<p>In accordance with Regulation (EU) 2016\/679 of the European Parliament and of the Council of 27 April 2016, any PeakIT customer has the right to:<\/p>\n<ul>\n<li>at any time, withdraw or change the consent given to PeakIT for the processing of your personal data, with effect for the future<\/li>\n<li>after withdrawing the consent given to PeakIT, cease to be contacted for the purpose of promotional, marketing and \/ or advertising communications<\/li>\n<li>request information about your personal data at any time<\/li>\n<li>request the correction of any of your personal data provided<\/li>\n<li>request their portability, for the entity that, for that purpose, indicates<\/li>\n<li>request the limitation of treatment, erasure or masking of your personal data, and that are not necessary for the fulfillment of any legal obligations of PeakIT, namely for the purposes of security and \/ or legal or contractual guarantee<\/li>\n<li>be informed by PeakIT, if it eventually intends to process your personal data for purposes other than those which, by this date, grant your consent<\/li>\n<\/ul>\n<p>For any information, as well as for the exercise of the rights that are legally conferred on them, Customers should contact PeakIT, by e-mail with the address rgpd@peakit.pt.<\/p>\n<p>The communication of personal data does not constitute any legal obligation, however it is necessary for the proper execution of the purchase and sale contracts entered into between PeakIT and its customers, being certain that the non-consent for the processing of such data does not prevent the conclusion of these same contracts.<\/p>\n<p>It follows from the above that the personal data of PeakIT&#039;s customers can be subject to automated processing in order to adapt promotional, marketing and \/ or advertising communications to that data.<\/p>\n<p>Personal data may be shared by PeakIT with the manufacturers of the represented brands, directly, or indirectly through service providers that they have hired, namely in the form of sales reports. These entities may be located in the European Economic Area or outside the European Economic Area, but are obliged to respect the European Regulation on Protection of Personal Data, namely Regulation (EU) 2016\/679 of the European Parliament and of the Council, of 27 April 2016.<\/p>\n<p>PeakIT will keep its customers&#039; personal data for the period necessary to carry out contacts and business transactions, respective billing and compliance with legal obligations.<\/p>\n<p>The holder of the personal data is also fully and clearly informed that he may submit any complaint, regarding the violation of his rights, with the National Data Protection Commission.<\/p>\n<p><\/span><\/span>","protected":false},"excerpt":{"rendered":"<p>Training Introduction to Kyrios ChMS \u2013 an overview When: June 14, 2:30 pm to 5:00 pm. Where: PeakIT \u2013 Ideia-Atl\u00e2ntico Business Center, cx. 120, 4719-005 Braga Limited vacancies In this training we will cover in a very practical and simple way: How to correctly configure Kyrios for my Parish Archive individual files Sacramentos families [\u2026]<\/p>","protected":false},"author":1,"featured_media":0,"parent":0,"menu_order":0,"comment_status":"closed","ping_status":"closed","template":"","meta":{"inline_featured_image":false,"jetpack_post_was_ever_published":false,"footnotes":""},"class_list":["post-861","page","type-page","status-publish","hentry"],"yoast_head":"<!-- This site is optimized with the Yoast SEO plugin v24.8.1 - https:\/\/yoast.com\/wordpress\/plugins\/seo\/ -->\n<title>Forma\u00e7\u00e3o Introdu\u00e7\u00e3o ao Kyrios ChMS - uma vis\u00e3o geral &#8226; Kyrios ChMS - Software de Gest\u00e3o Cloud para a Igreja<\/title>\n<meta name=\"robots\" content=\"index, follow, max-snippet:-1, max-image-preview:large, max-video-preview:-1\" \/>\n<link rel=\"canonical\" href=\"https:\/\/www.kyrioschms.com\/en\/training-introduction-to-kyrios-chms-an-overview\/\" \/>\n<meta property=\"og:locale\" content=\"en_US\" \/>\n<meta property=\"og:type\" content=\"article\" \/>\n<meta property=\"og:title\" content=\"Forma\u00e7\u00e3o Introdu\u00e7\u00e3o ao Kyrios ChMS - uma vis\u00e3o geral &#8226; Kyrios ChMS - Software de Gest\u00e3o Cloud para a Igreja\" \/>\n<meta property=\"og:description\" content=\"Forma\u00e7\u00e3o Introdu\u00e7\u00e3o ao Kyrios ChMS &#8211; uma vis\u00e3o geral Quando: 14 de Junho, das 14h30 \u00e0s 17h00. Onde: PeakIT &#8211; Centro de Neg\u00f3cios Ideia-Atl\u00e2ntico, cx. 120, 4719-005 Braga Vagas limitadas\u00a0 Nesta forma\u00e7\u00e3o iremos abordar de uma forma muito pr\u00e1tica e simples: Como configurar corretamente o Kyrios para a minha Par\u00f3quia Arquivo fichas individuais fam\u00edlias Sacramentos [&hellip;]\" \/>\n<meta property=\"og:url\" content=\"https:\/\/www.kyrioschms.com\/en\/training-introduction-to-kyrios-chms-an-overview\/\" \/>\n<meta property=\"og:site_name\" content=\"Kyrios ChMS - Software de Gest\u00e3o Cloud para a Igreja\" \/>\n<meta property=\"article:publisher\" content=\"https:\/\/www.facebook.com\/kyrioschms\/\" \/>\n<meta property=\"article:modified_time\" content=\"2021-01-11T10:23:30+00:00\" \/>\n<meta name=\"twitter:card\" content=\"summary_large_image\" \/>\n<meta name=\"twitter:label1\" content=\"Est. reading time\" \/>\n\t<meta name=\"twitter:data1\" content=\"3 minutes\" \/>\n<script type=\"application\/ld+json\" class=\"yoast-schema-graph\">{\"@context\":\"https:\/\/schema.org\",\"@graph\":[{\"@type\":\"WebPage\",\"@id\":\"https:\/\/www.kyrioschms.com\/pt\/formacao-introducao-ao-kyrios-chms-uma-visao-geral\/\",\"url\":\"https:\/\/www.kyrioschms.com\/pt\/formacao-introducao-ao-kyrios-chms-uma-visao-geral\/\",\"name\":\"Forma\u00e7\u00e3o Introdu\u00e7\u00e3o ao Kyrios ChMS - uma vis\u00e3o geral &#8226; Kyrios ChMS - Software de Gest\u00e3o Cloud para a Igreja\",\"isPartOf\":{\"@id\":\"https:\/\/www.kyrioschms.com\/#website\"},\"datePublished\":\"2018-06-04T10:37:19+00:00\",\"dateModified\":\"2021-01-11T10:23:30+00:00\",\"breadcrumb\":{\"@id\":\"https:\/\/www.kyrioschms.com\/pt\/formacao-introducao-ao-kyrios-chms-uma-visao-geral\/#breadcrumb\"},\"inLanguage\":\"en-US\",\"potentialAction\":[{\"@type\":\"ReadAction\",\"target\":[\"https:\/\/www.kyrioschms.com\/pt\/formacao-introducao-ao-kyrios-chms-uma-visao-geral\/\"]}]},{\"@type\":\"BreadcrumbList\",\"@id\":\"https:\/\/www.kyrioschms.com\/pt\/formacao-introducao-ao-kyrios-chms-uma-visao-geral\/#breadcrumb\",\"itemListElement\":[{\"@type\":\"ListItem\",\"position\":1,\"name\":\"Home\",\"item\":\"https:\/\/www.kyrioschms.com\/en\/\"},{\"@type\":\"ListItem\",\"position\":2,\"name\":\"Forma\u00e7\u00e3o Introdu\u00e7\u00e3o ao Kyrios ChMS &#8211; uma vis\u00e3o geral\"}]},{\"@type\":\"WebSite\",\"@id\":\"https:\/\/www.kyrioschms.com\/#website\",\"url\":\"https:\/\/www.kyrioschms.com\/\",\"name\":\"Kyrios ChMS - Software de Gest\u00e3o Cloud para a Igreja\",\"description\":\"A solu\u00e7\u00e3o mais completa para a gest\u00e3o e comunica\u00e7\u00e3o da Igreja\",\"publisher\":{\"@id\":\"https:\/\/www.kyrioschms.com\/#organization\"},\"potentialAction\":[{\"@type\":\"SearchAction\",\"target\":{\"@type\":\"EntryPoint\",\"urlTemplate\":\"https:\/\/www.kyrioschms.com\/?s={search_term_string}\"},\"query-input\":{\"@type\":\"PropertyValueSpecification\",\"valueRequired\":true,\"valueName\":\"search_term_string\"}}],\"inLanguage\":\"en-US\"},{\"@type\":\"Organization\",\"@id\":\"https:\/\/www.kyrioschms.com\/#organization\",\"name\":\"Kyrios ChMS\",\"url\":\"https:\/\/www.kyrioschms.com\/\",\"logo\":{\"@type\":\"ImageObject\",\"inLanguage\":\"en-US\",\"@id\":\"https:\/\/www.kyrioschms.com\/#\/schema\/logo\/image\/\",\"url\":\"https:\/\/i1.wp.com\/www.kyrioschms.com\/wp-content\/uploads\/2018\/04\/kyrios_chms_logo_azulpkt_hd.png?fit=510%2C190&ssl=1\",\"contentUrl\":\"https:\/\/i1.wp.com\/www.kyrioschms.com\/wp-content\/uploads\/2018\/04\/kyrios_chms_logo_azulpkt_hd.png?fit=510%2C190&ssl=1\",\"width\":510,\"height\":190,\"caption\":\"Kyrios ChMS\"},\"image\":{\"@id\":\"https:\/\/www.kyrioschms.com\/#\/schema\/logo\/image\/\"},\"sameAs\":[\"https:\/\/www.facebook.com\/kyrioschms\/\",\"https:\/\/www.instagram.com\/kyrioschms\/\",\"https:\/\/www.linkedin.com\/showcase\/kyrios\/\",\"https:\/\/www.youtube.com\/channel\/UC1GRlmM_rtlhm1widYExwkg\"]}]}<\/script>\n<!-- \/ Yoast SEO plugin. -->","yoast_head_json":{"title":"Forma\u00e7\u00e3o Introdu\u00e7\u00e3o ao Kyrios ChMS - uma vis\u00e3o geral &#8226; Kyrios ChMS - Software de Gest\u00e3o Cloud para a Igreja","robots":{"index":"index","follow":"follow","max-snippet":"max-snippet:-1","max-image-preview":"max-image-preview:large","max-video-preview":"max-video-preview:-1"},"canonical":"https:\/\/www.kyrioschms.com\/en\/training-introduction-to-kyrios-chms-an-overview\/","og_locale":"en_US","og_type":"article","og_title":"Forma\u00e7\u00e3o Introdu\u00e7\u00e3o ao Kyrios ChMS - uma vis\u00e3o geral &#8226; Kyrios ChMS - Software de Gest\u00e3o Cloud para a Igreja","og_description":"Forma\u00e7\u00e3o Introdu\u00e7\u00e3o ao Kyrios ChMS &#8211; uma vis\u00e3o geral Quando: 14 de Junho, das 14h30 \u00e0s 17h00. Onde: PeakIT &#8211; Centro de Neg\u00f3cios Ideia-Atl\u00e2ntico, cx. 120, 4719-005 Braga Vagas limitadas\u00a0 Nesta forma\u00e7\u00e3o iremos abordar de uma forma muito pr\u00e1tica e simples: Como configurar corretamente o Kyrios para a minha Par\u00f3quia Arquivo fichas individuais fam\u00edlias Sacramentos [&hellip;]","og_url":"https:\/\/www.kyrioschms.com\/en\/training-introduction-to-kyrios-chms-an-overview\/","og_site_name":"Kyrios ChMS - Software de Gest\u00e3o Cloud para a Igreja","article_publisher":"https:\/\/www.facebook.com\/kyrioschms\/","article_modified_time":"2021-01-11T10:23:30+00:00","twitter_card":"summary_large_image","twitter_misc":{"Est. reading time":"3 minutes"},"schema":{"@context":"https:\/\/schema.org","@graph":[{"@type":"WebPage","@id":"https:\/\/www.kyrioschms.com\/pt\/formacao-introducao-ao-kyrios-chms-uma-visao-geral\/","url":"https:\/\/www.kyrioschms.com\/pt\/formacao-introducao-ao-kyrios-chms-uma-visao-geral\/","name":"Forma\u00e7\u00e3o Introdu\u00e7\u00e3o ao Kyrios ChMS - uma vis\u00e3o geral &#8226; Kyrios ChMS - Software de Gest\u00e3o Cloud para a Igreja","isPartOf":{"@id":"https:\/\/www.kyrioschms.com\/#website"},"datePublished":"2018-06-04T10:37:19+00:00","dateModified":"2021-01-11T10:23:30+00:00","breadcrumb":{"@id":"https:\/\/www.kyrioschms.com\/pt\/formacao-introducao-ao-kyrios-chms-uma-visao-geral\/#breadcrumb"},"inLanguage":"en-US","potentialAction":[{"@type":"ReadAction","target":["https:\/\/www.kyrioschms.com\/pt\/formacao-introducao-ao-kyrios-chms-uma-visao-geral\/"]}]},{"@type":"BreadcrumbList","@id":"https:\/\/www.kyrioschms.com\/pt\/formacao-introducao-ao-kyrios-chms-uma-visao-geral\/#breadcrumb","itemListElement":[{"@type":"ListItem","position":1,"name":"Home","item":"https:\/\/www.kyrioschms.com\/en\/"},{"@type":"ListItem","position":2,"name":"Forma\u00e7\u00e3o Introdu\u00e7\u00e3o ao Kyrios ChMS &#8211; uma vis\u00e3o geral"}]},{"@type":"WebSite","@id":"https:\/\/www.kyrioschms.com\/#website","url":"https:\/\/www.kyrioschms.com\/","name":"Kyrios ChMS - Software de Gest\u00e3o Cloud para a Igreja","description":"A solu\u00e7\u00e3o mais completa para a gest\u00e3o e comunica\u00e7\u00e3o da Igreja","publisher":{"@id":"https:\/\/www.kyrioschms.com\/#organization"},"potentialAction":[{"@type":"SearchAction","target":{"@type":"EntryPoint","urlTemplate":"https:\/\/www.kyrioschms.com\/?s={search_term_string}"},"query-input":{"@type":"PropertyValueSpecification","valueRequired":true,"valueName":"search_term_string"}}],"inLanguage":"en-US"},{"@type":"Organization","@id":"https:\/\/www.kyrioschms.com\/#organization","name":"Kyrios ChMS","url":"https:\/\/www.kyrioschms.com\/","logo":{"@type":"ImageObject","inLanguage":"en-US","@id":"https:\/\/www.kyrioschms.com\/#\/schema\/logo\/image\/","url":"https:\/\/i1.wp.com\/www.kyrioschms.com\/wp-content\/uploads\/2018\/04\/kyrios_chms_logo_azulpkt_hd.png?fit=510%2C190&ssl=1","contentUrl":"https:\/\/i1.wp.com\/www.kyrioschms.com\/wp-content\/uploads\/2018\/04\/kyrios_chms_logo_azulpkt_hd.png?fit=510%2C190&ssl=1","width":510,"height":190,"caption":"Kyrios ChMS"},"image":{"@id":"https:\/\/www.kyrioschms.com\/#\/schema\/logo\/image\/"},"sameAs":["https:\/\/www.facebook.com\/kyrioschms\/","https:\/\/www.instagram.com\/kyrioschms\/","https:\/\/www.linkedin.com\/showcase\/kyrios\/","https:\/\/www.youtube.com\/channel\/UC1GRlmM_rtlhm1widYExwkg"]}]}},"jetpack_sharing_enabled":true,"jetpack_shortlink":"https:\/\/wp.me\/P9TNmE-dT","_links":{"self":[{"href":"https:\/\/www.kyrioschms.com\/en\/wp-json\/wp\/v2\/pages\/861","targetHints":{"allow":["GET"]}}],"collection":[{"href":"https:\/\/www.kyrioschms.com\/en\/wp-json\/wp\/v2\/pages"}],"about":[{"href":"https:\/\/www.kyrioschms.com\/en\/wp-json\/wp\/v2\/types\/page"}],"author":[{"embeddable":true,"href":"https:\/\/www.kyrioschms.com\/en\/wp-json\/wp\/v2\/users\/1"}],"replies":[{"embeddable":true,"href":"https:\/\/www.kyrioschms.com\/en\/wp-json\/wp\/v2\/comments?post=861"}],"version-history":[{"count":0,"href":"https:\/\/www.kyrioschms.com\/en\/wp-json\/wp\/v2\/pages\/861\/revisions"}],"wp:attachment":[{"href":"https:\/\/www.kyrioschms.com\/en\/wp-json\/wp\/v2\/media?parent=861"}],"curies":[{"name":"wp","href":"https:\/\/api.w.org\/{rel}","templated":true}]}}