{"id":805,"date":"2018-05-23T21:43:47","date_gmt":"2018-05-23T21:43:47","guid":{"rendered":"http:\/\/www.kyrioschms.com\/?page_id=805"},"modified":"2020-12-01T15:27:10","modified_gmt":"2020-12-01T15:27:10","slug":"politica-de-privacidade","status":"publish","type":"page","link":"https:\/\/www.kyrioschms.com\/en\/privacy-policy\/","title":{"rendered":"Privacy policy"},"content":{"rendered":"<div data-elementor-type=\"wp-post\" data-elementor-id=\"805\" class=\"elementor elementor-805\" data-elementor-post-type=\"page\">\n\t\t\t\t\t\t<section class=\"elementor-section elementor-top-section elementor-element elementor-element-18d3742f elementor-section-boxed elementor-section-height-default elementor-section-height-default\" data-id=\"18d3742f\" data-element_type=\"section\" data-settings=\"{&quot;background_background&quot;:&quot;classic&quot;}\">\n\t\t\t\t\t\t<div class=\"elementor-container elementor-column-gap-wider\">\n\t\t\t\t\t<div class=\"elementor-column elementor-col-100 elementor-top-column elementor-element elementor-element-2036eccc\" data-id=\"2036eccc\" data-element_type=\"column\">\n\t\t\t<div class=\"elementor-widget-wrap elementor-element-populated\">\n\t\t\t\t\t\t<div class=\"elementor-element elementor-element-3762cabd elementor-widget elementor-widget-heading\" data-id=\"3762cabd\" data-element_type=\"widget\" data-widget_type=\"heading.default\">\n\t\t\t\t<div class=\"elementor-widget-container\">\n\t\t\t\t\t<h2 class=\"elementor-heading-title elementor-size-default\">privacy policy<\/h2>\t\t\t\t<\/div>\n\t\t\t\t<\/div>\n\t\t\t\t\t<\/div>\n\t\t<\/div>\n\t\t\t\t\t<\/div>\n\t\t<\/section>\n\t\t\t\t<section class=\"elementor-section elementor-top-section elementor-element elementor-element-361bd5fa elementor-section-boxed elementor-section-height-default elementor-section-height-default\" data-id=\"361bd5fa\" data-element_type=\"section\">\n\t\t\t\t\t\t<div class=\"elementor-container elementor-column-gap-default\">\n\t\t\t\t\t<div class=\"elementor-column elementor-col-100 elementor-top-column elementor-element elementor-element-459a538c\" data-id=\"459a538c\" data-element_type=\"column\">\n\t\t\t<div class=\"elementor-widget-wrap elementor-element-populated\">\n\t\t\t\t\t\t<div class=\"elementor-element elementor-element-36e52eac elementor-widget elementor-widget-text-editor\" data-id=\"36e52eac\" data-element_type=\"widget\" data-widget_type=\"text-editor.default\">\n\t\t\t\t<div class=\"elementor-widget-container\">\n\t\t\t\t\t\t\t\t\tPeakIT, Lda, legal person n\u00ba 507470370, headquartered at Rua Aquilino Sim\u00f5es Machado, 2, 2nd back, 4715-595 Braga, hereinafter PeakIT, proceeds to the collection and treatment of its Customers&#039; personal data, such as:\r\n<ul>\r\n \t<li>Name<\/li>\r\n \t<li>address<\/li>\r\n \t<li>Tax Identification Number<\/li>\r\n \t<li>Geographic location<\/li>\r\n \t<li>Fixed and mobile phone numbers<\/li>\r\n \t<li>E-mail address (e-mail)<\/li>\r\n \t<li>The handling of PeakIT Clients&#039; personal data is the responsibility of PeakIT, consisting of an operation or a set of operations carried out on that personal data, by automated or non-automated means.<\/li>\r\n<\/ul>\r\nIn accordance with Regulation (EU) 2016\/679 of the European Parliament and of the Council of 27 April 2016, any PeakIT customer has the right to:\r\n<ul>\r\n \t<li>at any time, withdraw or change the consent given to PeakIT for the processing of your personal data, with effect for the future<\/li>\r\n \t<li>after withdrawing the consent given to PeakIT, cease to be contacted for the purpose of promotional, marketing and \/ or advertising communications<\/li>\r\n \t<li>request information about your personal data at any time<\/li>\r\n \t<li>request the correction of any of your personal data provided<\/li>\r\n \t<li>request their portability, for the entity that, for that purpose, indicates<\/li>\r\n \t<li>request the limitation of treatment, erasure or masking of your personal data, and that are not necessary for the fulfillment of any legal obligations of PeakIT, namely for the purposes of security and \/ or legal or contractual guarantee<\/li>\r\n \t<li>be informed by PeakIT, if it eventually intends to process your personal data for purposes other than those which, by this date, grant your consent<\/li>\r\n<\/ul>\r\nFor any information, as well as for the exercise of the rights that are legally conferred on them, Customers should contact PeakIT, by e-mail with the address rgpd@peakit.pt. The communication of personal data does not constitute any legal obligation, however it is necessary for the proper execution of the purchase and sale contracts entered into between PeakIT and its customers, being certain that the non-consent for the processing of such data does not prevent the conclusion of these same contracts. It follows from the above that the personal data of PeakIT&#039;s customers can be subject to automated processing in order to adapt promotional, marketing and \/ or advertising communications to that data. Personal data may be shared by PeakIT with the manufacturers of the represented brands, directly, or indirectly through service providers that they have hired, namely in the form of sales reports. These entities may be located in the European Economic Area or outside the European Economic Area, but are obliged to respect the European Regulation on Protection of Personal Data, namely Regulation (EU) 2016\/679 of the European Parliament and of the Council, of 27 April 2016. PeakIT will retain its customers&#039; personal data for the period necessary to carry out contacts and commercial transactions, respective billing and compliance with legal obligations. The holder of the personal data is also fully and clearly informed that he may submit any complaint, regarding the violation of his rights, with the National Data Protection Commission.\t\t\t\t\t\t\t\t<\/div>\n\t\t\t\t<\/div>\n\t\t\t\t\t<\/div>\n\t\t<\/div>\n\t\t\t\t\t<\/div>\n\t\t<\/section>\n\t\t\t\t<\/div>","protected":false},"excerpt":{"rendered":"<p>Privacy Policy PeakIT, Lda, legal person no. 507470370, headquartered at Rua Aquilino Sim\u00f5es Machado, 2, 2nd back, 4715-595 Braga, henceforth PeakIT, collects and handles the personal data of its Customers, such as: Name Address Tax identification number Geographic location Telephone, landline and mobile numbers E-mail (e-mail) O [\u2026]<\/p>","protected":false},"author":1,"featured_media":0,"parent":0,"menu_order":0,"comment_status":"closed","ping_status":"closed","template":"","meta":{"inline_featured_image":false,"jetpack_post_was_ever_published":false,"footnotes":""},"class_list":["post-805","page","type-page","status-publish","hentry"],"yoast_head":"<!-- This site is optimized with the Yoast SEO plugin v24.8.1 - https:\/\/yoast.com\/wordpress\/plugins\/seo\/ -->\n<title>Pol\u00edtica de privacidade &#8226; Kyrios ChMS - Software de Gest\u00e3o Cloud para a Igreja<\/title>\n<meta name=\"robots\" content=\"index, follow, max-snippet:-1, max-image-preview:large, max-video-preview:-1\" \/>\n<link rel=\"canonical\" href=\"https:\/\/www.kyrioschms.com\/en\/privacy-policy\/\" \/>\n<meta property=\"og:locale\" content=\"en_US\" \/>\n<meta property=\"og:type\" content=\"article\" \/>\n<meta property=\"og:title\" content=\"Pol\u00edtica de privacidade &#8226; Kyrios ChMS - Software de Gest\u00e3o Cloud para a Igreja\" \/>\n<meta property=\"og:description\" content=\"Pol\u00edtica de Privacidade PeakIT, Lda, pessoa coletiva n\u00ba 507470370, com sede na Rua Aquilino Sim\u00f5es Machado, 2, 2\u00ba tr\u00e1s, 4715-595\u00a0Braga, doravante PeakIT, procede \u00e0 recolha e tratamento de dados pessoais dos seus Clientes, tais como: Nome Morada N\u00famero de identifica\u00e7\u00e3o fiscal Localiza\u00e7\u00e3o geogr\u00e1fica N\u00fameros de telefone, fixo e m\u00f3vel Endere\u00e7o de correio eletr\u00f3nico (e-mail) O [&hellip;]\" \/>\n<meta property=\"og:url\" content=\"https:\/\/www.kyrioschms.com\/en\/privacy-policy\/\" \/>\n<meta property=\"og:site_name\" content=\"Kyrios ChMS - Software de Gest\u00e3o Cloud para a Igreja\" \/>\n<meta property=\"article:publisher\" content=\"https:\/\/www.facebook.com\/kyrioschms\/\" \/>\n<meta property=\"article:modified_time\" content=\"2020-12-01T15:27:10+00:00\" \/>\n<meta name=\"twitter:card\" content=\"summary_large_image\" \/>\n<meta name=\"twitter:label1\" content=\"Est. reading time\" \/>\n\t<meta name=\"twitter:data1\" content=\"3 minutes\" \/>\n<script type=\"application\/ld+json\" class=\"yoast-schema-graph\">{\"@context\":\"https:\/\/schema.org\",\"@graph\":[{\"@type\":\"WebPage\",\"@id\":\"https:\/\/www.kyrioschms.com\/pt\/politica-de-privacidade\/\",\"url\":\"https:\/\/www.kyrioschms.com\/pt\/politica-de-privacidade\/\",\"name\":\"Pol\u00edtica de privacidade &#8226; Kyrios ChMS - Software de Gest\u00e3o Cloud para a Igreja\",\"isPartOf\":{\"@id\":\"https:\/\/www.kyrioschms.com\/#website\"},\"datePublished\":\"2018-05-23T21:43:47+00:00\",\"dateModified\":\"2020-12-01T15:27:10+00:00\",\"breadcrumb\":{\"@id\":\"https:\/\/www.kyrioschms.com\/pt\/politica-de-privacidade\/#breadcrumb\"},\"inLanguage\":\"en-US\",\"potentialAction\":[{\"@type\":\"ReadAction\",\"target\":[\"https:\/\/www.kyrioschms.com\/pt\/politica-de-privacidade\/\"]}]},{\"@type\":\"BreadcrumbList\",\"@id\":\"https:\/\/www.kyrioschms.com\/pt\/politica-de-privacidade\/#breadcrumb\",\"itemListElement\":[{\"@type\":\"ListItem\",\"position\":1,\"name\":\"Home\",\"item\":\"https:\/\/www.kyrioschms.com\/en\/\"},{\"@type\":\"ListItem\",\"position\":2,\"name\":\"Pol\u00edtica de privacidade\"}]},{\"@type\":\"WebSite\",\"@id\":\"https:\/\/www.kyrioschms.com\/#website\",\"url\":\"https:\/\/www.kyrioschms.com\/\",\"name\":\"Kyrios ChMS - Software de Gest\u00e3o Cloud para a Igreja\",\"description\":\"A solu\u00e7\u00e3o mais completa para a gest\u00e3o e comunica\u00e7\u00e3o da Igreja\",\"publisher\":{\"@id\":\"https:\/\/www.kyrioschms.com\/#organization\"},\"potentialAction\":[{\"@type\":\"SearchAction\",\"target\":{\"@type\":\"EntryPoint\",\"urlTemplate\":\"https:\/\/www.kyrioschms.com\/?s={search_term_string}\"},\"query-input\":{\"@type\":\"PropertyValueSpecification\",\"valueRequired\":true,\"valueName\":\"search_term_string\"}}],\"inLanguage\":\"en-US\"},{\"@type\":\"Organization\",\"@id\":\"https:\/\/www.kyrioschms.com\/#organization\",\"name\":\"Kyrios ChMS\",\"url\":\"https:\/\/www.kyrioschms.com\/\",\"logo\":{\"@type\":\"ImageObject\",\"inLanguage\":\"en-US\",\"@id\":\"https:\/\/www.kyrioschms.com\/#\/schema\/logo\/image\/\",\"url\":\"https:\/\/i1.wp.com\/www.kyrioschms.com\/wp-content\/uploads\/2018\/04\/kyrios_chms_logo_azulpkt_hd.png?fit=510%2C190&ssl=1\",\"contentUrl\":\"https:\/\/i1.wp.com\/www.kyrioschms.com\/wp-content\/uploads\/2018\/04\/kyrios_chms_logo_azulpkt_hd.png?fit=510%2C190&ssl=1\",\"width\":510,\"height\":190,\"caption\":\"Kyrios ChMS\"},\"image\":{\"@id\":\"https:\/\/www.kyrioschms.com\/#\/schema\/logo\/image\/\"},\"sameAs\":[\"https:\/\/www.facebook.com\/kyrioschms\/\",\"https:\/\/www.instagram.com\/kyrioschms\/\",\"https:\/\/www.linkedin.com\/showcase\/kyrios\/\",\"https:\/\/www.youtube.com\/channel\/UC1GRlmM_rtlhm1widYExwkg\"]}]}<\/script>\n<!-- \/ Yoast SEO plugin. -->","yoast_head_json":{"title":"Pol\u00edtica de privacidade &#8226; Kyrios ChMS - Software de Gest\u00e3o Cloud para a Igreja","robots":{"index":"index","follow":"follow","max-snippet":"max-snippet:-1","max-image-preview":"max-image-preview:large","max-video-preview":"max-video-preview:-1"},"canonical":"https:\/\/www.kyrioschms.com\/en\/privacy-policy\/","og_locale":"en_US","og_type":"article","og_title":"Pol\u00edtica de privacidade &#8226; Kyrios ChMS - Software de Gest\u00e3o Cloud para a Igreja","og_description":"Pol\u00edtica de Privacidade PeakIT, Lda, pessoa coletiva n\u00ba 507470370, com sede na Rua Aquilino Sim\u00f5es Machado, 2, 2\u00ba tr\u00e1s, 4715-595\u00a0Braga, doravante PeakIT, procede \u00e0 recolha e tratamento de dados pessoais dos seus Clientes, tais como: Nome Morada N\u00famero de identifica\u00e7\u00e3o fiscal Localiza\u00e7\u00e3o geogr\u00e1fica N\u00fameros de telefone, fixo e m\u00f3vel Endere\u00e7o de correio eletr\u00f3nico (e-mail) O [&hellip;]","og_url":"https:\/\/www.kyrioschms.com\/en\/privacy-policy\/","og_site_name":"Kyrios ChMS - Software de Gest\u00e3o Cloud para a Igreja","article_publisher":"https:\/\/www.facebook.com\/kyrioschms\/","article_modified_time":"2020-12-01T15:27:10+00:00","twitter_card":"summary_large_image","twitter_misc":{"Est. reading time":"3 minutes"},"schema":{"@context":"https:\/\/schema.org","@graph":[{"@type":"WebPage","@id":"https:\/\/www.kyrioschms.com\/pt\/politica-de-privacidade\/","url":"https:\/\/www.kyrioschms.com\/pt\/politica-de-privacidade\/","name":"Pol\u00edtica de privacidade &#8226; Kyrios ChMS - Software de Gest\u00e3o Cloud para a Igreja","isPartOf":{"@id":"https:\/\/www.kyrioschms.com\/#website"},"datePublished":"2018-05-23T21:43:47+00:00","dateModified":"2020-12-01T15:27:10+00:00","breadcrumb":{"@id":"https:\/\/www.kyrioschms.com\/pt\/politica-de-privacidade\/#breadcrumb"},"inLanguage":"en-US","potentialAction":[{"@type":"ReadAction","target":["https:\/\/www.kyrioschms.com\/pt\/politica-de-privacidade\/"]}]},{"@type":"BreadcrumbList","@id":"https:\/\/www.kyrioschms.com\/pt\/politica-de-privacidade\/#breadcrumb","itemListElement":[{"@type":"ListItem","position":1,"name":"Home","item":"https:\/\/www.kyrioschms.com\/en\/"},{"@type":"ListItem","position":2,"name":"Pol\u00edtica de privacidade"}]},{"@type":"WebSite","@id":"https:\/\/www.kyrioschms.com\/#website","url":"https:\/\/www.kyrioschms.com\/","name":"Kyrios ChMS - Software de Gest\u00e3o Cloud para a Igreja","description":"A solu\u00e7\u00e3o mais completa para a gest\u00e3o e comunica\u00e7\u00e3o da Igreja","publisher":{"@id":"https:\/\/www.kyrioschms.com\/#organization"},"potentialAction":[{"@type":"SearchAction","target":{"@type":"EntryPoint","urlTemplate":"https:\/\/www.kyrioschms.com\/?s={search_term_string}"},"query-input":{"@type":"PropertyValueSpecification","valueRequired":true,"valueName":"search_term_string"}}],"inLanguage":"en-US"},{"@type":"Organization","@id":"https:\/\/www.kyrioschms.com\/#organization","name":"Kyrios ChMS","url":"https:\/\/www.kyrioschms.com\/","logo":{"@type":"ImageObject","inLanguage":"en-US","@id":"https:\/\/www.kyrioschms.com\/#\/schema\/logo\/image\/","url":"https:\/\/i1.wp.com\/www.kyrioschms.com\/wp-content\/uploads\/2018\/04\/kyrios_chms_logo_azulpkt_hd.png?fit=510%2C190&ssl=1","contentUrl":"https:\/\/i1.wp.com\/www.kyrioschms.com\/wp-content\/uploads\/2018\/04\/kyrios_chms_logo_azulpkt_hd.png?fit=510%2C190&ssl=1","width":510,"height":190,"caption":"Kyrios ChMS"},"image":{"@id":"https:\/\/www.kyrioschms.com\/#\/schema\/logo\/image\/"},"sameAs":["https:\/\/www.facebook.com\/kyrioschms\/","https:\/\/www.instagram.com\/kyrioschms\/","https:\/\/www.linkedin.com\/showcase\/kyrios\/","https:\/\/www.youtube.com\/channel\/UC1GRlmM_rtlhm1widYExwkg"]}]}},"jetpack_sharing_enabled":true,"jetpack_shortlink":"https:\/\/wp.me\/P9TNmE-cZ","_links":{"self":[{"href":"https:\/\/www.kyrioschms.com\/en\/wp-json\/wp\/v2\/pages\/805","targetHints":{"allow":["GET"]}}],"collection":[{"href":"https:\/\/www.kyrioschms.com\/en\/wp-json\/wp\/v2\/pages"}],"about":[{"href":"https:\/\/www.kyrioschms.com\/en\/wp-json\/wp\/v2\/types\/page"}],"author":[{"embeddable":true,"href":"https:\/\/www.kyrioschms.com\/en\/wp-json\/wp\/v2\/users\/1"}],"replies":[{"embeddable":true,"href":"https:\/\/www.kyrioschms.com\/en\/wp-json\/wp\/v2\/comments?post=805"}],"version-history":[{"count":0,"href":"https:\/\/www.kyrioschms.com\/en\/wp-json\/wp\/v2\/pages\/805\/revisions"}],"wp:attachment":[{"href":"https:\/\/www.kyrioschms.com\/en\/wp-json\/wp\/v2\/media?parent=805"}],"curies":[{"name":"wp","href":"https:\/\/api.w.org\/{rel}","templated":true}]}}