{"id":718,"date":"2018-05-21T11:30:56","date_gmt":"2018-05-21T11:30:56","guid":{"rendered":"http:\/\/web.kyrioschms.com\/?page_id=718"},"modified":"2020-11-27T19:55:24","modified_gmt":"2020-11-27T19:55:24","slug":"sobre-nos","status":"publish","type":"page","link":"https:\/\/www.kyrioschms.com\/en\/about-us\/","title":{"rendered":"About Us"},"content":{"rendered":"<div data-elementor-type=\"wp-post\" data-elementor-id=\"718\" class=\"elementor elementor-718\" data-elementor-post-type=\"page\">\n\t\t\t\t\t\t<section class=\"elementor-section elementor-top-section elementor-element elementor-element-zuoldcu elementor-section-full_width elementor-section-height-min-height elementor-section-height-default elementor-section-items-middle\" data-id=\"zuoldcu\" data-element_type=\"section\" data-settings=\"{&quot;background_background&quot;:&quot;classic&quot;}\">\n\t\t\t\t\t\t\t<div class=\"elementor-background-overlay\"><\/div>\n\t\t\t\t\t\t\t<div class=\"elementor-container elementor-column-gap-default\">\n\t\t\t\t\t<div class=\"elementor-column elementor-col-100 elementor-top-column elementor-element elementor-element-zwsiodr\" data-id=\"zwsiodr\" data-element_type=\"column\">\n\t\t\t<div class=\"elementor-widget-wrap elementor-element-populated\">\n\t\t\t\t\t\t<div class=\"elementor-element elementor-element-aad52ee elementor-widget elementor-widget-heading\" data-id=\"aad52ee\" data-element_type=\"widget\" data-widget_type=\"heading.default\">\n\t\t\t\t<div class=\"elementor-widget-container\">\n\t\t\t\t\t<h1 class=\"elementor-heading-title elementor-size-default\">About Us<\/h1>\t\t\t\t<\/div>\n\t\t\t\t<\/div>\n\t\t\t\t<div class=\"elementor-element elementor-element-b1f8cef elementor-widget elementor-widget-text-editor\" data-id=\"b1f8cef\" data-element_type=\"widget\" data-widget_type=\"text-editor.default\">\n\t\t\t\t<div class=\"elementor-widget-container\">\n\t\t\t\t\t\t\t\t\t<p style=\"text-align: center;\">We started our adventure in 2005<\/p>\t\t\t\t\t\t\t\t<\/div>\n\t\t\t\t<\/div>\n\t\t\t\t\t<\/div>\n\t\t<\/div>\n\t\t\t\t\t<\/div>\n\t\t<\/section>\n\t\t\t\t<section class=\"elementor-section elementor-top-section elementor-element elementor-element-rtdmrfv elementor-section-boxed elementor-section-height-default elementor-section-height-default\" data-id=\"rtdmrfv\" data-element_type=\"section\" data-settings=\"{&quot;background_background&quot;:&quot;classic&quot;}\">\n\t\t\t\t\t\t<div class=\"elementor-container elementor-column-gap-default\">\n\t\t\t\t\t<div class=\"elementor-column elementor-col-100 elementor-top-column elementor-element elementor-element-40fcbb1\" data-id=\"40fcbb1\" data-element_type=\"column\">\n\t\t\t<div class=\"elementor-widget-wrap elementor-element-populated\">\n\t\t\t\t\t\t<div class=\"elementor-element elementor-element-c9e23ba elementor-widget elementor-widget-text-editor\" data-id=\"c9e23ba\" data-element_type=\"widget\" data-widget_type=\"text-editor.default\">\n\t\t\t\t<div class=\"elementor-widget-container\">\n\t\t\t\t\t\t\t\t\t<h2 style=\"text-align: center;\">How we started<\/h2><div class=\"elementor-element elementor-element-3c85a22 elementor-view-default elementor-position-top elementor-widget elementor-widget-themo-header\" data-id=\"3c85a22\" data-element_type=\"widget\" data-widget_type=\"themo-header.default\"><div class=\"elementor-widget-container\"><div class=\"th-header-wrap\"><div class=\"elementor-icon-box-wrapper\"><div class=\"elementor-icon-box-content\"><p class=\"elementor-icon-box-description\">Kyrios ChMS is a product of PeakIT, a software development company that was founded in 2005. PeakIT was born with a connection to the Church and has the Archdiocese of Braga as one of its first customers and partners.<\/p><\/div><\/div><\/div><\/div><\/div><div class=\"elementor-element elementor-element-725075a elementor-widget elementor-widget-spacer\" data-id=\"725075a\" data-element_type=\"widget\" data-widget_type=\"spacer.default\"><div class=\"elementor-spacer\"><h2>\u00a0<\/h2><h2 style=\"text-align: center;\">How we evolved<\/h2><div class=\"elementor-element elementor-element-3c85a22 elementor-view-default elementor-position-top elementor-widget elementor-widget-themo-header\" data-id=\"3c85a22\" data-element_type=\"widget\" data-widget_type=\"themo-header.default\"><div class=\"elementor-widget-container\"><div class=\"th-header-wrap\"><div class=\"elementor-icon-box-wrapper\"><div class=\"elementor-icon-box-content\"><p class=\"elementor-icon-box-description\">Since 2008, we have started to develop software to help in the daily activities of the Curia, Parishes, Departments, Fathers and for all entities involved in the Church hierarchy,<br \/>The name Kyrios, was adopted in 2015, however the product and all its knowledge had already started in 2008 with the development of the so-called \u201cCuria Online\u201d, which allowed the management of the entire administrative service of a diocese. Later, in 2010, we launched the \u201cOnline Parish\u201d, which made the bridge with the Parishes and allowed the entire management of an online parish and connected with the \u201cOnline Curia\u201d. But in 2015, we redesigned the product from scratch, together with the Archdiocese of Braga and was born with a new name, we call it \u201cKyrios\u201d in order to be the only software that a parish or Church institution needs for the management of its daily processes, as well as the management of your communication (website and newsletters).<\/p><\/div><\/div><\/div><\/div><\/div><div class=\"elementor-element elementor-element-725075a elementor-widget elementor-widget-spacer\" data-id=\"725075a\" data-element_type=\"widget\" data-widget_type=\"spacer.default\"><div class=\"elementor-widget-container\"><div class=\"elementor-spacer\">\u00a0<\/div><\/div><\/div><\/div><\/div>\t\t\t\t\t\t\t\t<\/div>\n\t\t\t\t<\/div>\n\t\t\t\t\t<\/div>\n\t\t<\/div>\n\t\t\t\t\t<\/div>\n\t\t<\/section>\n\t\t\t\t<section class=\"elementor-section elementor-top-section elementor-element elementor-element-5r1wki9 elementor-section-boxed elementor-section-height-default elementor-section-height-default\" data-id=\"5r1wki9\" data-element_type=\"section\" data-settings=\"{&quot;background_background&quot;:&quot;classic&quot;}\">\n\t\t\t\t\t\t<div class=\"elementor-container elementor-column-gap-default\">\n\t\t\t\t\t<div class=\"elementor-column elementor-col-100 elementor-top-column elementor-element elementor-element-gd2n2so\" data-id=\"gd2n2so\" data-element_type=\"column\">\n\t\t\t<div class=\"elementor-widget-wrap elementor-element-populated\">\n\t\t\t\t\t\t<div class=\"elementor-element elementor-element-fe592da elementor-widget elementor-widget-image\" data-id=\"fe592da\" data-element_type=\"widget\" data-widget_type=\"image.default\">\n\t\t\t\t<div class=\"elementor-widget-container\">\n\t\t\t\t\t\t\t\t\t\t\t\t\t\t\t<img fetchpriority=\"high\" decoding=\"async\" width=\"800\" height=\"257\" src=\"https:\/\/i0.wp.com\/www.kyrioschms.com\/wp-content\/uploads\/2018\/05\/timegraphics-pt.png?fit=800%2C257&amp;ssl=1\" class=\"attachment-large size-large wp-image-722\" alt=\"\" srcset=\"\/\/i0.wp.com\/www.kyrioschms.com\/wp-content\/uploads\/2018\/05\/timegraphics-pt.png?w=1465&amp;ssl=1 1465w, \/\/i0.wp.com\/www.kyrioschms.com\/wp-content\/uploads\/2018\/05\/timegraphics-pt.png?resize=600%2C192&amp;ssl=1 600w, \/\/i0.wp.com\/www.kyrioschms.com\/wp-content\/uploads\/2018\/05\/timegraphics-pt.png?resize=300%2C96&amp;ssl=1 300w, \/\/i0.wp.com\/www.kyrioschms.com\/wp-content\/uploads\/2018\/05\/timegraphics-pt.png?resize=768%2C246&amp;ssl=1 768w, \/\/i0.wp.com\/www.kyrioschms.com\/wp-content\/uploads\/2018\/05\/timegraphics-pt.png?resize=1024%2C329&amp;ssl=1 1024w, \/\/i0.wp.com\/www.kyrioschms.com\/wp-content\/uploads\/2018\/05\/timegraphics-pt.png?resize=312%2C100&amp;ssl=1 312w, \/\/i0.wp.com\/www.kyrioschms.com\/wp-content\/uploads\/2018\/05\/timegraphics-pt.png?resize=249%2C80&amp;ssl=1 249w, \/\/i0.wp.com\/www.kyrioschms.com\/wp-content\/uploads\/2018\/05\/timegraphics-pt.png?resize=394%2C126&amp;ssl=1 394w, \/\/i0.wp.com\/www.kyrioschms.com\/wp-content\/uploads\/2018\/05\/timegraphics-pt.png?resize=915%2C294&amp;ssl=1 915w, \/\/i0.wp.com\/www.kyrioschms.com\/wp-content\/uploads\/2018\/05\/timegraphics-pt.png?resize=1240%2C398&amp;ssl=1 1240w\" sizes=\"(max-width: 800px) 100vw, 800px\" \/>\t\t\t\t\t\t\t\t\t\t\t\t\t\t\t<\/div>\n\t\t\t\t<\/div>\n\t\t\t\t<div class=\"elementor-element elementor-element-d8c881b elementor-widget elementor-widget-text-editor\" data-id=\"d8c881b\" data-element_type=\"widget\" data-widget_type=\"text-editor.default\">\n\t\t\t\t<div class=\"elementor-widget-container\">\n\t\t\t\t\t\t\t\t\t<h2 style=\"text-align: center;\">Our mission<\/h2><div class=\"elementor-element elementor-element-3c85a22 elementor-view-default elementor-position-top elementor-widget elementor-widget-themo-header\" data-id=\"3c85a22\" data-element_type=\"widget\" data-widget_type=\"themo-header.default\"><div class=\"elementor-widget-container\"><div class=\"th-header-wrap\"><div class=\"elementor-icon-box-wrapper\"><div class=\"elementor-icon-box-content\"><p>Our mission is to equip all the institutions of the Church, with technologically advanced, complete and simple tools to be used in their day-to-day activities.<\/p><p>\u00a0<\/p><\/div><\/div><\/div><\/div><\/div>\t\t\t\t\t\t\t\t<\/div>\n\t\t\t\t<\/div>\n\t\t\t\t\t<\/div>\n\t\t<\/div>\n\t\t\t\t\t<\/div>\n\t\t<\/section>\n\t\t\t\t<\/div>","protected":false},"excerpt":{"rendered":"<p>About us We started our adventure in 2005 How we started Kyrios ChMS is a product of PeakIT, a software development company that was founded in 2005. PeakIT was born with a connection to the Church and has the Archdiocese of Braga as one of its first customers and partners. How we evolved Since [\u2026]<\/p>","protected":false},"author":1,"featured_media":0,"parent":0,"menu_order":14,"comment_status":"closed","ping_status":"closed","template":"","meta":{"inline_featured_image":false,"jetpack_post_was_ever_published":false,"footnotes":""},"class_list":["post-718","page","type-page","status-publish","hentry"],"yoast_head":"<!-- This site is optimized with the Yoast SEO plugin v24.8.1 - https:\/\/yoast.com\/wordpress\/plugins\/seo\/ -->\n<title>Sobre n\u00f3s &#8226; Kyrios ChMS - Software de Gest\u00e3o Cloud para a Igreja<\/title>\n<meta name=\"robots\" content=\"index, follow, max-snippet:-1, max-image-preview:large, max-video-preview:-1\" \/>\n<link rel=\"canonical\" href=\"https:\/\/www.kyrioschms.com\/en\/about-us\/\" \/>\n<meta property=\"og:locale\" content=\"en_US\" \/>\n<meta property=\"og:type\" content=\"article\" \/>\n<meta property=\"og:title\" content=\"Sobre n\u00f3s &#8226; Kyrios ChMS - Software de Gest\u00e3o Cloud para a Igreja\" \/>\n<meta property=\"og:description\" content=\"Sobre n\u00f3s Iniciamos a nossa aventura em 2005 Como come\u00e7amos O Kyrios ChMS \u00e9 um produto da PeakIT, uma empresa de desenvolvimento de software que foi fundada em 2005. A PeakIT nasceu com uma liga\u00e7\u00e3o \u00e0 Igreja e tem a Arquidiocese de Braga como um dos seus primeiros clientes e parceiros. \u00a0 Como evolu\u00edmos Desde [&hellip;]\" \/>\n<meta property=\"og:url\" content=\"https:\/\/www.kyrioschms.com\/en\/about-us\/\" \/>\n<meta property=\"og:site_name\" content=\"Kyrios ChMS - Software de Gest\u00e3o Cloud para a Igreja\" \/>\n<meta property=\"article:publisher\" content=\"https:\/\/www.facebook.com\/kyrioschms\/\" \/>\n<meta property=\"article:modified_time\" content=\"2020-11-27T19:55:24+00:00\" \/>\n<meta property=\"og:image\" content=\"http:\/\/www.kyrioschms.com\/wp-content\/uploads\/2018\/05\/timegraphics-pt-1024x329.png\" \/>\n<meta name=\"twitter:card\" content=\"summary_large_image\" \/>\n<meta name=\"twitter:label1\" content=\"Est. reading time\" \/>\n\t<meta name=\"twitter:data1\" content=\"1 minute\" \/>\n<script type=\"application\/ld+json\" class=\"yoast-schema-graph\">{\"@context\":\"https:\/\/schema.org\",\"@graph\":[{\"@type\":\"WebPage\",\"@id\":\"https:\/\/www.kyrioschms.com\/pt\/sobre-nos\/\",\"url\":\"https:\/\/www.kyrioschms.com\/pt\/sobre-nos\/\",\"name\":\"Sobre n\u00f3s &#8226; Kyrios ChMS - Software de Gest\u00e3o Cloud para a Igreja\",\"isPartOf\":{\"@id\":\"https:\/\/www.kyrioschms.com\/#website\"},\"primaryImageOfPage\":{\"@id\":\"https:\/\/www.kyrioschms.com\/pt\/sobre-nos\/#primaryimage\"},\"image\":{\"@id\":\"https:\/\/www.kyrioschms.com\/pt\/sobre-nos\/#primaryimage\"},\"thumbnailUrl\":\"http:\/\/www.kyrioschms.com\/wp-content\/uploads\/2018\/05\/timegraphics-pt-1024x329.png\",\"datePublished\":\"2018-05-21T11:30:56+00:00\",\"dateModified\":\"2020-11-27T19:55:24+00:00\",\"breadcrumb\":{\"@id\":\"https:\/\/www.kyrioschms.com\/pt\/sobre-nos\/#breadcrumb\"},\"inLanguage\":\"en-US\",\"potentialAction\":[{\"@type\":\"ReadAction\",\"target\":[\"https:\/\/www.kyrioschms.com\/pt\/sobre-nos\/\"]}]},{\"@type\":\"ImageObject\",\"inLanguage\":\"en-US\",\"@id\":\"https:\/\/www.kyrioschms.com\/pt\/sobre-nos\/#primaryimage\",\"url\":\"http:\/\/www.kyrioschms.com\/wp-content\/uploads\/2018\/05\/timegraphics-pt-1024x329.png\",\"contentUrl\":\"http:\/\/www.kyrioschms.com\/wp-content\/uploads\/2018\/05\/timegraphics-pt-1024x329.png\"},{\"@type\":\"BreadcrumbList\",\"@id\":\"https:\/\/www.kyrioschms.com\/pt\/sobre-nos\/#breadcrumb\",\"itemListElement\":[{\"@type\":\"ListItem\",\"position\":1,\"name\":\"Home\",\"item\":\"https:\/\/www.kyrioschms.com\/en\/\"},{\"@type\":\"ListItem\",\"position\":2,\"name\":\"Sobre n\u00f3s\"}]},{\"@type\":\"WebSite\",\"@id\":\"https:\/\/www.kyrioschms.com\/#website\",\"url\":\"https:\/\/www.kyrioschms.com\/\",\"name\":\"Kyrios ChMS - Software de Gest\u00e3o Cloud para a Igreja\",\"description\":\"A solu\u00e7\u00e3o mais completa para a gest\u00e3o e comunica\u00e7\u00e3o da Igreja\",\"publisher\":{\"@id\":\"https:\/\/www.kyrioschms.com\/#organization\"},\"potentialAction\":[{\"@type\":\"SearchAction\",\"target\":{\"@type\":\"EntryPoint\",\"urlTemplate\":\"https:\/\/www.kyrioschms.com\/?s={search_term_string}\"},\"query-input\":{\"@type\":\"PropertyValueSpecification\",\"valueRequired\":true,\"valueName\":\"search_term_string\"}}],\"inLanguage\":\"en-US\"},{\"@type\":\"Organization\",\"@id\":\"https:\/\/www.kyrioschms.com\/#organization\",\"name\":\"Kyrios ChMS\",\"url\":\"https:\/\/www.kyrioschms.com\/\",\"logo\":{\"@type\":\"ImageObject\",\"inLanguage\":\"en-US\",\"@id\":\"https:\/\/www.kyrioschms.com\/#\/schema\/logo\/image\/\",\"url\":\"https:\/\/i1.wp.com\/www.kyrioschms.com\/wp-content\/uploads\/2018\/04\/kyrios_chms_logo_azulpkt_hd.png?fit=510%2C190&ssl=1\",\"contentUrl\":\"https:\/\/i1.wp.com\/www.kyrioschms.com\/wp-content\/uploads\/2018\/04\/kyrios_chms_logo_azulpkt_hd.png?fit=510%2C190&ssl=1\",\"width\":510,\"height\":190,\"caption\":\"Kyrios ChMS\"},\"image\":{\"@id\":\"https:\/\/www.kyrioschms.com\/#\/schema\/logo\/image\/\"},\"sameAs\":[\"https:\/\/www.facebook.com\/kyrioschms\/\",\"https:\/\/www.instagram.com\/kyrioschms\/\",\"https:\/\/www.linkedin.com\/showcase\/kyrios\/\",\"https:\/\/www.youtube.com\/channel\/UC1GRlmM_rtlhm1widYExwkg\"]}]}<\/script>\n<!-- \/ Yoast SEO plugin. -->","yoast_head_json":{"title":"Sobre n\u00f3s &#8226; Kyrios ChMS - Software de Gest\u00e3o Cloud para a Igreja","robots":{"index":"index","follow":"follow","max-snippet":"max-snippet:-1","max-image-preview":"max-image-preview:large","max-video-preview":"max-video-preview:-1"},"canonical":"https:\/\/www.kyrioschms.com\/en\/about-us\/","og_locale":"en_US","og_type":"article","og_title":"Sobre n\u00f3s &#8226; Kyrios ChMS - Software de Gest\u00e3o Cloud para a Igreja","og_description":"Sobre n\u00f3s Iniciamos a nossa aventura em 2005 Como come\u00e7amos O Kyrios ChMS \u00e9 um produto da PeakIT, uma empresa de desenvolvimento de software que foi fundada em 2005. A PeakIT nasceu com uma liga\u00e7\u00e3o \u00e0 Igreja e tem a Arquidiocese de Braga como um dos seus primeiros clientes e parceiros. \u00a0 Como evolu\u00edmos Desde [&hellip;]","og_url":"https:\/\/www.kyrioschms.com\/en\/about-us\/","og_site_name":"Kyrios ChMS - Software de Gest\u00e3o Cloud para a Igreja","article_publisher":"https:\/\/www.facebook.com\/kyrioschms\/","article_modified_time":"2020-11-27T19:55:24+00:00","og_image":[{"url":"http:\/\/www.kyrioschms.com\/wp-content\/uploads\/2018\/05\/timegraphics-pt-1024x329.png","type":"","width":"","height":""}],"twitter_card":"summary_large_image","twitter_misc":{"Est. reading time":"1 minute"},"schema":{"@context":"https:\/\/schema.org","@graph":[{"@type":"WebPage","@id":"https:\/\/www.kyrioschms.com\/pt\/sobre-nos\/","url":"https:\/\/www.kyrioschms.com\/pt\/sobre-nos\/","name":"Sobre n\u00f3s &#8226; Kyrios ChMS - Software de Gest\u00e3o Cloud para a Igreja","isPartOf":{"@id":"https:\/\/www.kyrioschms.com\/#website"},"primaryImageOfPage":{"@id":"https:\/\/www.kyrioschms.com\/pt\/sobre-nos\/#primaryimage"},"image":{"@id":"https:\/\/www.kyrioschms.com\/pt\/sobre-nos\/#primaryimage"},"thumbnailUrl":"http:\/\/www.kyrioschms.com\/wp-content\/uploads\/2018\/05\/timegraphics-pt-1024x329.png","datePublished":"2018-05-21T11:30:56+00:00","dateModified":"2020-11-27T19:55:24+00:00","breadcrumb":{"@id":"https:\/\/www.kyrioschms.com\/pt\/sobre-nos\/#breadcrumb"},"inLanguage":"en-US","potentialAction":[{"@type":"ReadAction","target":["https:\/\/www.kyrioschms.com\/pt\/sobre-nos\/"]}]},{"@type":"ImageObject","inLanguage":"en-US","@id":"https:\/\/www.kyrioschms.com\/pt\/sobre-nos\/#primaryimage","url":"http:\/\/www.kyrioschms.com\/wp-content\/uploads\/2018\/05\/timegraphics-pt-1024x329.png","contentUrl":"http:\/\/www.kyrioschms.com\/wp-content\/uploads\/2018\/05\/timegraphics-pt-1024x329.png"},{"@type":"BreadcrumbList","@id":"https:\/\/www.kyrioschms.com\/pt\/sobre-nos\/#breadcrumb","itemListElement":[{"@type":"ListItem","position":1,"name":"Home","item":"https:\/\/www.kyrioschms.com\/en\/"},{"@type":"ListItem","position":2,"name":"Sobre n\u00f3s"}]},{"@type":"WebSite","@id":"https:\/\/www.kyrioschms.com\/#website","url":"https:\/\/www.kyrioschms.com\/","name":"Kyrios ChMS - Software de Gest\u00e3o Cloud para a Igreja","description":"A solu\u00e7\u00e3o mais completa para a gest\u00e3o e comunica\u00e7\u00e3o da Igreja","publisher":{"@id":"https:\/\/www.kyrioschms.com\/#organization"},"potentialAction":[{"@type":"SearchAction","target":{"@type":"EntryPoint","urlTemplate":"https:\/\/www.kyrioschms.com\/?s={search_term_string}"},"query-input":{"@type":"PropertyValueSpecification","valueRequired":true,"valueName":"search_term_string"}}],"inLanguage":"en-US"},{"@type":"Organization","@id":"https:\/\/www.kyrioschms.com\/#organization","name":"Kyrios ChMS","url":"https:\/\/www.kyrioschms.com\/","logo":{"@type":"ImageObject","inLanguage":"en-US","@id":"https:\/\/www.kyrioschms.com\/#\/schema\/logo\/image\/","url":"https:\/\/i1.wp.com\/www.kyrioschms.com\/wp-content\/uploads\/2018\/04\/kyrios_chms_logo_azulpkt_hd.png?fit=510%2C190&ssl=1","contentUrl":"https:\/\/i1.wp.com\/www.kyrioschms.com\/wp-content\/uploads\/2018\/04\/kyrios_chms_logo_azulpkt_hd.png?fit=510%2C190&ssl=1","width":510,"height":190,"caption":"Kyrios ChMS"},"image":{"@id":"https:\/\/www.kyrioschms.com\/#\/schema\/logo\/image\/"},"sameAs":["https:\/\/www.facebook.com\/kyrioschms\/","https:\/\/www.instagram.com\/kyrioschms\/","https:\/\/www.linkedin.com\/showcase\/kyrios\/","https:\/\/www.youtube.com\/channel\/UC1GRlmM_rtlhm1widYExwkg"]}]}},"jetpack_sharing_enabled":true,"jetpack_shortlink":"https:\/\/wp.me\/P9TNmE-bA","_links":{"self":[{"href":"https:\/\/www.kyrioschms.com\/en\/wp-json\/wp\/v2\/pages\/718","targetHints":{"allow":["GET"]}}],"collection":[{"href":"https:\/\/www.kyrioschms.com\/en\/wp-json\/wp\/v2\/pages"}],"about":[{"href":"https:\/\/www.kyrioschms.com\/en\/wp-json\/wp\/v2\/types\/page"}],"author":[{"embeddable":true,"href":"https:\/\/www.kyrioschms.com\/en\/wp-json\/wp\/v2\/users\/1"}],"replies":[{"embeddable":true,"href":"https:\/\/www.kyrioschms.com\/en\/wp-json\/wp\/v2\/comments?post=718"}],"version-history":[{"count":0,"href":"https:\/\/www.kyrioschms.com\/en\/wp-json\/wp\/v2\/pages\/718\/revisions"}],"wp:attachment":[{"href":"https:\/\/www.kyrioschms.com\/en\/wp-json\/wp\/v2\/media?parent=718"}],"curies":[{"name":"wp","href":"https:\/\/api.w.org\/{rel}","templated":true}]}}